{"id":175248,"date":"2025-12-20T12:52:55","date_gmt":"2025-12-20T09:52:55","guid":{"rendered":"https:\/\/baldumarket.lt\/product\/szafa-sara-dwudrzwiowa-184-cm-przesuwna-polki-drazek-wieszakowy-szuflady-lustro-biala-dab-artisan\/"},"modified":"2026-02-12T13:35:05","modified_gmt":"2026-02-12T10:35:05","slug":"szafa-sara-dwudrzwiowa-184-cm-przesuwna-polki-drazek-wieszakowy-szuflady-lustro-biala-dab-artisan","status":"publish","type":"product","link":"https:\/\/baldumarket.lt\/lt\/product\/szafa-sara-dwudrzwiowa-184-cm-przesuwna-polki-drazek-wieszakowy-szuflady-lustro-biala-dab-artisan\/","title":{"rendered":"Sara spinta, dviej\u0173 dur\u0173, 184 cm, stumdoma, lentynos, pakaba, stal\u010diai, veidrodis, balta\/artisan \u0105\u017euolas"},"content":{"rendered":"<p>Erdvi 184 cm plo\u010dio ir 214 cm auk\u0161\u010dio \u201eSara\u201c spinta turi dvejas varstomas duris ir stumdom\u0105 priek\u012f su dideliu, vientisu i\u0161oriniu veidrod\u017eiu. Apatin\u0117je dalyje yra du erdv\u016bs stal\u010diai, kuriuose galima tvarkingai laikyti smulkius daiktus, apatinius ir kitus smulkius daiktus. Baldams b\u016bdingos i\u0161skirtin\u0117s priekin\u0117s apdailos detal\u0117s, pagamintos i\u0161 patvarios MDF plok\u0161t\u0117s su \u201eArtisan Oak\u201c apdaila, kurios spalva dera prie stal\u010di\u0173. Viduje yra ilg\u0173 ir trump\u0173 daikt\u0173 pakabinimo b\u0117gelis, taip pat lentynos drabu\u017eiams. Spinta pagaminta i\u0161 laminuotos, itin atsparios \u012fbr\u0117\u017eimams, baldin\u0117s plok\u0161t\u0117s ir pristatoma plok\u0161\u010diai supakuota su lengvai suprantamomis surinkimo instrukcijomis.<\/p>","protected":false},"excerpt":{"rendered":"<p>Plotis: 184 cm<br \/>\nGylis: 62 cm<br \/>\n\u016agis: 214 cm<br \/>\nBald\u0173 spalva: balta \/ \u0105\u017euolo imitacija<br \/>\nKoja: Panelin\u0117<\/p>","protected":false},"featured_media":175249,"comment_status":"open","ping_status":"open","template":"","meta":[],"product_brand":[],"product_cat":[9574,4635,1177],"product_tag":[],"class_list":{"0":"post-175248","1":"product","2":"type-product","3":"status-publish","4":"has-post-thumbnail","6":"product_cat-wardrobes-sara-piaski","7":"product_cat-piaski","8":"product_cat-wardrobes","10":"first","11":"instock","12":"purchasable","13":"product-type-simple"},"_links":{"self":[{"href":"https:\/\/baldumarket.lt\/lt\/wp-json\/wp\/v2\/product\/175248","targetHints":{"allow":["GET"]}}],"collection":[{"href":"https:\/\/baldumarket.lt\/lt\/wp-json\/wp\/v2\/product"}],"about":[{"href":"https:\/\/baldumarket.lt\/lt\/wp-json\/wp\/v2\/types\/product"}],"replies":[{"embeddable":true,"href":"https:\/\/baldumarket.lt\/lt\/wp-json\/wp\/v2\/comments?post=175248"}],"wp:featuredmedia":[{"embeddable":true,"href":"https:\/\/baldumarket.lt\/lt\/wp-json\/wp\/v2\/media\/175249"}],"wp:attachment":[{"href":"https:\/\/baldumarket.lt\/lt\/wp-json\/wp\/v2\/media?parent=175248"}],"wp:term":[{"taxonomy":"product_brand","embeddable":true,"href":"https:\/\/baldumarket.lt\/lt\/wp-json\/wp\/v2\/product_brand?post=175248"},{"taxonomy":"product_cat","embeddable":true,"href":"https:\/\/baldumarket.lt\/lt\/wp-json\/wp\/v2\/product_cat?post=175248"},{"taxonomy":"product_tag","embeddable":true,"href":"https:\/\/baldumarket.lt\/lt\/wp-json\/wp\/v2\/product_tag?post=175248"}],"curies":[{"name":"wp","href":"https:\/\/api.w.org\/{rel}","templated":true}]}}