{"id":175212,"date":"2025-12-20T12:52:12","date_gmt":"2025-12-20T09:52:12","guid":{"rendered":"https:\/\/baldumarket.lt\/product\/szafa-sara-dwudrzwiowa-134-cm-przesuwna-polki-drazek-wieszakowy-szuflady-lustro-bialy-dab-artisan\/"},"modified":"2026-02-12T13:35:05","modified_gmt":"2026-02-12T10:35:05","slug":"szafa-sara-dwudrzwiowa-134-cm-przesuwna-polki-drazek-wieszakowy-szuflady-lustro-bialy-dab-artisan","status":"publish","type":"product","link":"https:\/\/baldumarket.lt\/lt\/product\/szafa-sara-dwudrzwiowa-134-cm-przesuwna-polki-drazek-wieszakowy-szuflady-lustro-bialy-dab-artisan\/","title":{"rendered":"Sara spinta, dviej\u0173 dur\u0173, 134 cm, stumdomos, lentynos, pakaba, stal\u010diai, veidrodis, balta\/artisan \u0105\u017euolas"},"content":{"rendered":"<p>134 cm plo\u010dio \u201eSara\u201c spinta pasi\u017eymi vienu stumdomu veidrodiniu priekiu ir dviem varstomomis durel\u0117mis. Komplekto viduje yra drabu\u017ei\u0173 lentynos ir pakaba ilgiems ir trumpiems drabu\u017eiams kabinti. Du erdv\u016bs stal\u010diai su lengva prieiga i\u0161 i\u0161or\u0117s u\u017ebaigia i\u0161vaizd\u0105. Baldai yra baltos spalvos su meni\u0161ko \u0105\u017euolo akcentais. Priekyje yra dekoratyvin\u0117s MDF juostel\u0117s. Spinta pagaminta i\u0161 patvarios laminuotos plok\u0161t\u0117s, kuri yra labai atspari \u012fbr\u0117\u017eimams ir lengvai valoma. Komplektas pristatomas supakuotas, kartu su surinkimo instrukcijomis ir furnit\u016bra.<\/p>","protected":false},"excerpt":{"rendered":"<p>Plotis: 134 cm<br \/>\nGylis: 62 cm<br \/>\n\u016agis: 214 cm<br \/>\nBald\u0173 spalva: balta \/ \u0105\u017euolo imitacija<br \/>\nKoja: Panelin\u0117<\/p>","protected":false},"featured_media":175213,"comment_status":"open","ping_status":"open","template":"","meta":[],"product_brand":[],"product_cat":[9574,4635,1177],"product_tag":[],"class_list":{"0":"post-175212","1":"product","2":"type-product","3":"status-publish","4":"has-post-thumbnail","6":"product_cat-wardrobes-sara-piaski","7":"product_cat-piaski","8":"product_cat-wardrobes","10":"first","11":"instock","12":"purchasable","13":"product-type-simple"},"_links":{"self":[{"href":"https:\/\/baldumarket.lt\/lt\/wp-json\/wp\/v2\/product\/175212","targetHints":{"allow":["GET"]}}],"collection":[{"href":"https:\/\/baldumarket.lt\/lt\/wp-json\/wp\/v2\/product"}],"about":[{"href":"https:\/\/baldumarket.lt\/lt\/wp-json\/wp\/v2\/types\/product"}],"replies":[{"embeddable":true,"href":"https:\/\/baldumarket.lt\/lt\/wp-json\/wp\/v2\/comments?post=175212"}],"wp:featuredmedia":[{"embeddable":true,"href":"https:\/\/baldumarket.lt\/lt\/wp-json\/wp\/v2\/media\/175213"}],"wp:attachment":[{"href":"https:\/\/baldumarket.lt\/lt\/wp-json\/wp\/v2\/media?parent=175212"}],"wp:term":[{"taxonomy":"product_brand","embeddable":true,"href":"https:\/\/baldumarket.lt\/lt\/wp-json\/wp\/v2\/product_brand?post=175212"},{"taxonomy":"product_cat","embeddable":true,"href":"https:\/\/baldumarket.lt\/lt\/wp-json\/wp\/v2\/product_cat?post=175212"},{"taxonomy":"product_tag","embeddable":true,"href":"https:\/\/baldumarket.lt\/lt\/wp-json\/wp\/v2\/product_tag?post=175212"}],"curies":[{"name":"wp","href":"https:\/\/api.w.org\/{rel}","templated":true}]}}