{"id":175198,"date":"2025-12-20T12:51:56","date_gmt":"2025-12-20T09:51:56","guid":{"rendered":"https:\/\/baldumarket.lt\/product\/szafa-primo-psz80-dwudrzwiowa-szuflady-drazek-wieszakowy-dab-riviera-bialy\/"},"modified":"2026-04-05T15:16:29","modified_gmt":"2026-04-05T12:16:29","slug":"szafa-primo-psz80-dwudrzwiowa-szuflady-drazek-wieszakowy-dab-riviera-bialy","status":"publish","type":"product","link":"https:\/\/baldumarket.lt\/lt\/product\/szafa-primo-psz80-dwudrzwiowa-szuflady-drazek-wieszakowy-dab-riviera-bialy\/","title":{"rendered":"Primo PSZ80 spinta, dvidur\u0117, su stal\u010diais ir pakabinimo karnizu, \u201eRiviera Oak\u201c\/balta"},"content":{"rendered":"<p>\u201ePrimo PSZ80\u201c spinta su auk\u0161tomis (20 cm) medin\u0117mis kojel\u0117mis turi dvejas varstomas duris, u\u017e kuri\u0173 yra pakaba ilgiems ir trumpiems drabu\u017eiams kabinti. Apatin\u0117je spintos dalyje yra du prakti\u0161ki ir lengvai pasiekiami stal\u010diai, u\u017etikrinantys tvarking\u0105 smulki\u0173 daikt\u0173, apatini\u0173 ir nieku\u010di\u0173 laikym\u0105. Spinta pagaminta i\u0161 patvarios laminuotos bald\u0173 plok\u0161t\u0117s, pasi\u017eymin\u010dios padidintu atsparumu \u012fbr\u0117\u017eimams. Dekoratyviniai elementai pagaminti i\u0161 patvarios MDF plok\u0161t\u0117s. Komplektas pristatomas supakuotas, kartu su instrukcijomis ir furnit\u016bra.<\/p>","protected":false},"excerpt":{"rendered":"<p>Plotis: 80 cm<br \/>\nGylis: 56 cm<br \/>\n\u016agis: 197 cm<br \/>\nBald\u0173 spalva: Riviera Oak\/White<br \/>\nKoja: medin\u0117<\/p>","protected":false},"featured_media":175199,"comment_status":"open","ping_status":"open","template":"","meta":[],"product_brand":[],"product_cat":[9565,4635,1177],"product_tag":[],"class_list":{"0":"post-175198","1":"product","2":"type-product","3":"status-publish","4":"has-post-thumbnail","6":"product_cat-furniture-system-primo-piaski","7":"product_cat-piaski","8":"product_cat-wardrobes","10":"first","11":"instock","12":"purchasable","13":"product-type-simple"},"_links":{"self":[{"href":"https:\/\/baldumarket.lt\/lt\/wp-json\/wp\/v2\/product\/175198","targetHints":{"allow":["GET"]}}],"collection":[{"href":"https:\/\/baldumarket.lt\/lt\/wp-json\/wp\/v2\/product"}],"about":[{"href":"https:\/\/baldumarket.lt\/lt\/wp-json\/wp\/v2\/types\/product"}],"replies":[{"embeddable":true,"href":"https:\/\/baldumarket.lt\/lt\/wp-json\/wp\/v2\/comments?post=175198"}],"wp:featuredmedia":[{"embeddable":true,"href":"https:\/\/baldumarket.lt\/lt\/wp-json\/wp\/v2\/media\/175199"}],"wp:attachment":[{"href":"https:\/\/baldumarket.lt\/lt\/wp-json\/wp\/v2\/media?parent=175198"}],"wp:term":[{"taxonomy":"product_brand","embeddable":true,"href":"https:\/\/baldumarket.lt\/lt\/wp-json\/wp\/v2\/product_brand?post=175198"},{"taxonomy":"product_cat","embeddable":true,"href":"https:\/\/baldumarket.lt\/lt\/wp-json\/wp\/v2\/product_cat?post=175198"},{"taxonomy":"product_tag","embeddable":true,"href":"https:\/\/baldumarket.lt\/lt\/wp-json\/wp\/v2\/product_tag?post=175198"}],"curies":[{"name":"wp","href":"https:\/\/api.w.org\/{rel}","templated":true}]}}