{"id":175190,"date":"2025-12-20T12:51:46","date_gmt":"2025-12-20T09:51:46","guid":{"rendered":"https:\/\/baldumarket.lt\/product\/szafa-nordi-nsz80-dwudrzwiowa-szuflady-drazek-wieszakowy-dab-artisan-czarny\/"},"modified":"2026-04-05T16:08:27","modified_gmt":"2026-04-05T13:08:27","slug":"szafa-nordi-nsz80-dwudrzwiowa-szuflady-drazek-wieszakowy-dab-artisan-czarny","status":"publish","type":"product","link":"https:\/\/baldumarket.lt\/lt\/product\/szafa-nordi-nsz80-dwudrzwiowa-szuflady-drazek-wieszakowy-dab-artisan-czarny\/","title":{"rendered":"Nordi NSZ80 spinta, dviej\u0173 dur\u0173, stal\u010diai, pakabinimo karnizas, \u201eArtisan Oak\u201c \/ juoda"},"content":{"rendered":"<p>\u201eNordi NSZ80 Artison Oak\/Black\u201c spinta turi dvi varstomas duris, u\u017e kuri\u0173 yra pakaba ilgiems ir trumpiems drabu\u017eiams kabinti. Apatin\u0117je dalyje yra du prakti\u0161ki ir lengvai pasiekiami stal\u010diai, u\u017etikrinantys tinkam\u0105 smulki\u0173 daikt\u0173 ir apatini\u0173 drabu\u017ei\u0173 tvark\u0105. Baldai pagaminti i\u0161 patvarios MDF plok\u0161t\u0117s priekin\u0117je pus\u0117je ir laminuotos bald\u0173 plok\u0161t\u0117s korpuse, kuri yra atsparesn\u0117 \u012fbr\u0117\u017eimams. Komplektas pristatomas paruo\u0161tas surinkimui. Taip pat galima \u012fsigyti baltos \/ Riviera \u0105\u017euolo spalvos.<\/p>","protected":false},"excerpt":{"rendered":"<p>Plotis: 80 cm<br \/>\nGylis: 56 cm<br \/>\n\u016agis: 197 cm<br \/>\nBald\u0173 spalva: Artisan \u0105\u017euolas \/ juoda<br \/>\nKoja: juoda<\/p>","protected":false},"featured_media":175191,"comment_status":"open","ping_status":"open","template":"","meta":[],"product_brand":[],"product_cat":[9572,9115,4635,1177],"product_tag":[],"class_list":{"0":"post-175190","1":"product","2":"type-product","3":"status-publish","4":"has-post-thumbnail","6":"product_cat-furniture-system-nordi-piaski","7":"product_cat-nordi","8":"product_cat-piaski","9":"product_cat-wardrobes","11":"first","12":"instock","13":"purchasable","14":"product-type-simple"},"_links":{"self":[{"href":"https:\/\/baldumarket.lt\/lt\/wp-json\/wp\/v2\/product\/175190","targetHints":{"allow":["GET"]}}],"collection":[{"href":"https:\/\/baldumarket.lt\/lt\/wp-json\/wp\/v2\/product"}],"about":[{"href":"https:\/\/baldumarket.lt\/lt\/wp-json\/wp\/v2\/types\/product"}],"replies":[{"embeddable":true,"href":"https:\/\/baldumarket.lt\/lt\/wp-json\/wp\/v2\/comments?post=175190"}],"wp:featuredmedia":[{"embeddable":true,"href":"https:\/\/baldumarket.lt\/lt\/wp-json\/wp\/v2\/media\/175191"}],"wp:attachment":[{"href":"https:\/\/baldumarket.lt\/lt\/wp-json\/wp\/v2\/media?parent=175190"}],"wp:term":[{"taxonomy":"product_brand","embeddable":true,"href":"https:\/\/baldumarket.lt\/lt\/wp-json\/wp\/v2\/product_brand?post=175190"},{"taxonomy":"product_cat","embeddable":true,"href":"https:\/\/baldumarket.lt\/lt\/wp-json\/wp\/v2\/product_cat?post=175190"},{"taxonomy":"product_tag","embeddable":true,"href":"https:\/\/baldumarket.lt\/lt\/wp-json\/wp\/v2\/product_tag?post=175190"}],"curies":[{"name":"wp","href":"https:\/\/api.w.org\/{rel}","templated":true}]}}