{"id":175182,"date":"2025-12-20T12:51:37","date_gmt":"2025-12-20T09:51:37","guid":{"rendered":"https:\/\/baldumarket.lt\/product\/szafa-nordi-nsz80-dwudrzwiowa-szuflady-drazek-wieszakowy-biala-dab-riviera\/"},"modified":"2026-04-05T16:08:27","modified_gmt":"2026-04-05T13:08:27","slug":"szafa-nordi-nsz80-dwudrzwiowa-szuflady-drazek-wieszakowy-biala-dab-riviera","status":"publish","type":"product","link":"https:\/\/baldumarket.lt\/lt\/product\/szafa-nordi-nsz80-dwudrzwiowa-szuflady-drazek-wieszakowy-biala-dab-riviera\/","title":{"rendered":"Nordi NSZ80 spinta, dvidur\u0117, su stal\u010diais ir pakabinimo karnizu, balta\/Rivjeros \u0105\u017euolas"},"content":{"rendered":"<p>\u201eNordi NSZ80\u201c spinta turi dvi varstomas duris, u\u017e kuri\u0173 yra pakaba ilgiems ir trumpiems drabu\u017eiams kabinti. Apatin\u0117je spintos dalyje yra du prakti\u0161ki ir lengvai pasiekiami stal\u010diai, u\u017etikrinantys tinkam\u0105 smulki\u0173 daikt\u0173 ir patalyn\u0117s tvark\u0105. Spinta pagaminta i\u0161 patvarios MDF plok\u0161t\u0117s priekyje ir laminuotos bald\u0173 plok\u0161t\u0117s korpuse, kuri yra labai atspari \u012fbr\u0117\u017eimams. Komplektas pristatomas supakuotas su lengvai suprantamomis surinkimo instrukcijomis. Taip pat galima \u012fsigyti \u201eArtisan Oak\u201c \/ juodos spalvos.<\/p>","protected":false},"excerpt":{"rendered":"<p>Plotis: 80 cm<br \/>\nGylis: 56 cm<br \/>\n\u016agis: 197 cm<br \/>\nBald\u0173 spalva: balta \/ Riviera Oak \/ blizgi balta<br \/>\nKoja: Rivjeros \u0105\u017euolas<\/p>","protected":false},"featured_media":175183,"comment_status":"open","ping_status":"open","template":"","meta":[],"product_brand":[],"product_cat":[9572,9115,4635,1177],"product_tag":[],"class_list":{"0":"post-175182","1":"product","2":"type-product","3":"status-publish","4":"has-post-thumbnail","6":"product_cat-furniture-system-nordi-piaski","7":"product_cat-nordi","8":"product_cat-piaski","9":"product_cat-wardrobes","11":"first","12":"instock","13":"purchasable","14":"product-type-simple"},"_links":{"self":[{"href":"https:\/\/baldumarket.lt\/lt\/wp-json\/wp\/v2\/product\/175182","targetHints":{"allow":["GET"]}}],"collection":[{"href":"https:\/\/baldumarket.lt\/lt\/wp-json\/wp\/v2\/product"}],"about":[{"href":"https:\/\/baldumarket.lt\/lt\/wp-json\/wp\/v2\/types\/product"}],"replies":[{"embeddable":true,"href":"https:\/\/baldumarket.lt\/lt\/wp-json\/wp\/v2\/comments?post=175182"}],"wp:featuredmedia":[{"embeddable":true,"href":"https:\/\/baldumarket.lt\/lt\/wp-json\/wp\/v2\/media\/175183"}],"wp:attachment":[{"href":"https:\/\/baldumarket.lt\/lt\/wp-json\/wp\/v2\/media?parent=175182"}],"wp:term":[{"taxonomy":"product_brand","embeddable":true,"href":"https:\/\/baldumarket.lt\/lt\/wp-json\/wp\/v2\/product_brand?post=175182"},{"taxonomy":"product_cat","embeddable":true,"href":"https:\/\/baldumarket.lt\/lt\/wp-json\/wp\/v2\/product_cat?post=175182"},{"taxonomy":"product_tag","embeddable":true,"href":"https:\/\/baldumarket.lt\/lt\/wp-json\/wp\/v2\/product_tag?post=175182"}],"curies":[{"name":"wp","href":"https:\/\/api.w.org\/{rel}","templated":true}]}}