{"id":175157,"date":"2025-12-20T12:51:08","date_gmt":"2025-12-20T09:51:08","guid":{"rendered":"https:\/\/baldumarket.lt\/product\/szafa-nelly-4d-czterodrzwiowa-206-cm-polki-drazek-wieszakowy-szuflady-grafit-dab-artisan\/"},"modified":"2026-04-05T16:27:05","modified_gmt":"2026-04-05T13:27:05","slug":"szafa-nelly-4d-czterodrzwiowa-206-cm-polki-drazek-wieszakowy-szuflady-grafit-dab-artisan","status":"publish","type":"product","link":"https:\/\/baldumarket.lt\/lt\/product\/szafa-nelly-4d-czterodrzwiowa-206-cm-polki-drazek-wieszakowy-szuflady-grafit-dab-artisan\/","title":{"rendered":"Nelly 4D spinta, keturi\u0173 dur\u0173, 206 cm, lentynos, pakaba, stal\u010diai, grafito\/artisan \u0105\u017euolo spalvos"},"content":{"rendered":"<p>Didel\u0117, keturi\u0173 dur\u0173 \u201eNelly 4D\u201c spinta pasi\u017eymi moderniu dizainu, pasi\u017eymin\u010dia i\u0161skirtine, grioveliais dekoruota \u201eArtisan Oak\u201c priekine apdaila grafito fone. \u0160is baldas puikiai tinka \u0161iuolaiki\u0161kiems miegamiesiems, svetain\u0117ms ir koridoriams. Viduje yra lentynos drabu\u017eiams ir didel\u0117ms d\u0117\u017e\u0117ms, taip pat pakabos ilgiems ir trumpiems drabu\u017eiams. Du erdv\u016bs, lengvai pasiekiami i\u0161oriniai stal\u010diai suteikia vietos tvarkingai laikyti smulkius daiktus, daiktus ir apatinius. Spinta pagaminta i\u0161 laminuotos baldin\u0117s plok\u0161t\u0117s su grafito apdaila, kuri pasi\u017eymi padidintu atsparumu \u012fbr\u0117\u017eimams. Baldai pristatomi i\u0161ardyti, su furnit\u016bros komplektu ir ai\u0161kiomis instrukcijomis. Komplekt\u0105 galima i\u0161pl\u0117sti papildomu prailginimo elementu. Galimyb\u0117 j\u012f \u012fsigyti pateikiama \u201eProduct Creator\u201c svetain\u0117je.<\/p>","protected":false},"excerpt":{"rendered":"<p>Plotis: 204 cm<br \/>\nGylis: 51 cm<br \/>\n\u016agis: 214 cm<br \/>\nBald\u0173 spalva: grafito \/ \u0105\u017euolo<br \/>\nKoja: Panel\u0117<\/p>","protected":false},"featured_media":175158,"comment_status":"open","ping_status":"open","template":"","meta":[],"product_brand":[],"product_cat":[9571,4635,1177],"product_tag":[],"class_list":{"0":"post-175157","1":"product","2":"type-product","3":"status-publish","4":"has-post-thumbnail","6":"product_cat-wardrobes-nelly-piaski","7":"product_cat-piaski","8":"product_cat-wardrobes","10":"first","11":"instock","12":"purchasable","13":"product-type-simple"},"_links":{"self":[{"href":"https:\/\/baldumarket.lt\/lt\/wp-json\/wp\/v2\/product\/175157","targetHints":{"allow":["GET"]}}],"collection":[{"href":"https:\/\/baldumarket.lt\/lt\/wp-json\/wp\/v2\/product"}],"about":[{"href":"https:\/\/baldumarket.lt\/lt\/wp-json\/wp\/v2\/types\/product"}],"replies":[{"embeddable":true,"href":"https:\/\/baldumarket.lt\/lt\/wp-json\/wp\/v2\/comments?post=175157"}],"wp:featuredmedia":[{"embeddable":true,"href":"https:\/\/baldumarket.lt\/lt\/wp-json\/wp\/v2\/media\/175158"}],"wp:attachment":[{"href":"https:\/\/baldumarket.lt\/lt\/wp-json\/wp\/v2\/media?parent=175157"}],"wp:term":[{"taxonomy":"product_brand","embeddable":true,"href":"https:\/\/baldumarket.lt\/lt\/wp-json\/wp\/v2\/product_brand?post=175157"},{"taxonomy":"product_cat","embeddable":true,"href":"https:\/\/baldumarket.lt\/lt\/wp-json\/wp\/v2\/product_cat?post=175157"},{"taxonomy":"product_tag","embeddable":true,"href":"https:\/\/baldumarket.lt\/lt\/wp-json\/wp\/v2\/product_tag?post=175157"}],"curies":[{"name":"wp","href":"https:\/\/api.w.org\/{rel}","templated":true}]}}