{"id":175142,"date":"2025-12-20T12:50:51","date_gmt":"2025-12-20T09:50:51","guid":{"rendered":"https:\/\/baldumarket.lt\/product\/szafa-nelly-3d-trzydrzwiowa-155-cm-polki-drazek-wieszakowy-szuflady-lustro-szara-dab-artisan\/"},"modified":"2026-04-05T16:27:05","modified_gmt":"2026-04-05T13:27:05","slug":"szafa-nelly-3d-trzydrzwiowa-155-cm-polki-drazek-wieszakowy-szuflady-lustro-szara-dab-artisan","status":"publish","type":"product","link":"https:\/\/baldumarket.lt\/lt\/product\/szafa-nelly-3d-trzydrzwiowa-155-cm-polki-drazek-wieszakowy-szuflady-lustro-szara-dab-artisan\/","title":{"rendered":"Nelly 3D spinta, 3 durys, 155 cm, lentynos, pakaba, stal\u010diai, veidrodis, pilka\/artisan \u0105\u017euolas"},"content":{"rendered":"<p>Trij\u0173 dur\u0173 \u201eNelly 3D\u201c spinta su veidrod\u017eiu pary\u0161kina modern\u0173 dizain\u0105 su i\u0161skirtiniu, grioveliais dekoruotu priekiu, pagamintu i\u0161 \u201eArtisan Oak\u201c \u0105\u017euolo universaliame pilkame fone. \u0160is baldas puikiai tinka \u0161iuolaikiniams miegamiesiems, svetain\u0117ms ir koridoriams. Viduje yra lentynos drabu\u017eiams ir didel\u0117ms d\u0117\u017e\u0117ms, taip pat pakabos ilgiems ir trumpiems drabu\u017eiams. Du i\u0161oriniai, lengvai pasiekiami stal\u010diai suteikia vietos tvarkingam smulki\u0173 daikt\u0173, daikt\u0173 ir apatini\u0173 drabu\u017ei\u0173 laikymui, taip padidinant spintos funkcionalum\u0105. Spinta pagaminta i\u0161 pilkos laminuotos baldin\u0117s plok\u0161t\u0117s, pasi\u017eymin\u010dios padidintu atsparumu \u012fbr\u0117\u017eimams. Baldai pristatomi supakuoti su furnit\u016bros komplektu ir ai\u0161kiomis surinkimo instrukcijomis. Komplekt\u0105 galima i\u0161pl\u0117sti papildomu prailginimo elementu. Galimyb\u0117 j\u012f \u012fsigyti pateikiama gaminio vedlyje.<\/p>","protected":false},"excerpt":{"rendered":"<p>Plotis: 155 cm<br \/>\nGylis: 51 cm<br \/>\nAuk\u0161tis: 200 cm<br \/>\nBald\u0173 spalva: pilka \/ \u0105\u017euolo imitacija<br \/>\nKoja: Panelin\u0117<\/p>","protected":false},"featured_media":175143,"comment_status":"open","ping_status":"open","template":"","meta":[],"product_brand":[],"product_cat":[9571,4635,1177],"product_tag":[],"class_list":{"0":"post-175142","1":"product","2":"type-product","3":"status-publish","4":"has-post-thumbnail","6":"product_cat-wardrobes-nelly-piaski","7":"product_cat-piaski","8":"product_cat-wardrobes","10":"first","11":"instock","12":"purchasable","13":"product-type-simple"},"_links":{"self":[{"href":"https:\/\/baldumarket.lt\/lt\/wp-json\/wp\/v2\/product\/175142","targetHints":{"allow":["GET"]}}],"collection":[{"href":"https:\/\/baldumarket.lt\/lt\/wp-json\/wp\/v2\/product"}],"about":[{"href":"https:\/\/baldumarket.lt\/lt\/wp-json\/wp\/v2\/types\/product"}],"replies":[{"embeddable":true,"href":"https:\/\/baldumarket.lt\/lt\/wp-json\/wp\/v2\/comments?post=175142"}],"wp:featuredmedia":[{"embeddable":true,"href":"https:\/\/baldumarket.lt\/lt\/wp-json\/wp\/v2\/media\/175143"}],"wp:attachment":[{"href":"https:\/\/baldumarket.lt\/lt\/wp-json\/wp\/v2\/media?parent=175142"}],"wp:term":[{"taxonomy":"product_brand","embeddable":true,"href":"https:\/\/baldumarket.lt\/lt\/wp-json\/wp\/v2\/product_brand?post=175142"},{"taxonomy":"product_cat","embeddable":true,"href":"https:\/\/baldumarket.lt\/lt\/wp-json\/wp\/v2\/product_cat?post=175142"},{"taxonomy":"product_tag","embeddable":true,"href":"https:\/\/baldumarket.lt\/lt\/wp-json\/wp\/v2\/product_tag?post=175142"}],"curies":[{"name":"wp","href":"https:\/\/api.w.org\/{rel}","templated":true}]}}