{"id":175132,"date":"2025-12-20T12:50:39","date_gmt":"2025-12-20T09:50:39","guid":{"rendered":"https:\/\/baldumarket.lt\/product\/szafa-nelly-3d-trzydrzwiowa-155-cm-polki-drazek-wieszakowy-szuflady-lustro-dab-artisan-czarny\/"},"modified":"2026-04-05T16:26:52","modified_gmt":"2026-04-05T13:26:52","slug":"szafa-nelly-3d-trzydrzwiowa-155-cm-polki-drazek-wieszakowy-szuflady-lustro-dab-artisan-czarny","status":"publish","type":"product","link":"https:\/\/baldumarket.lt\/lt\/product\/szafa-nelly-3d-trzydrzwiowa-155-cm-polki-drazek-wieszakowy-szuflady-lustro-dab-artisan-czarny\/","title":{"rendered":"Nelly 3D spinta, trij\u0173 dur\u0173, 155 cm, lentynos, pakaba, stal\u010diai, veidrodis, Artisan Oak\/Black"},"content":{"rendered":"<p>Didel\u0117 ir funkcionali trij\u0173 dur\u0173 \u201eNelly 3D\u201c spinta su vienu veidrod\u017eiu i\u0161ry\u0161kina modern\u0173 dizain\u0105 su i\u0161skirtiniais, grioveliais fasadais, apdailinti \u201eArtisan Oak\u201c \u0105\u017euolo spalva juodame fone. \u0160is baldas puikiai tinka \u0161iuolaikiniams miegamiesiems, svetain\u0117ms ir koridoriams. Viduje yra lentynos drabu\u017eiams ir didel\u0117ms d\u0117\u017e\u0117ms, taip pat pakabos ilgiems ir trumpiems drabu\u017eiams. Du i\u0161oriniai stal\u010diai su lengva prieiga suteikia vietos tvarkingai laikyti smulkius daiktus, daiktus ir apatinius. Spinta pagaminta i\u0161 laminuotos \u201eArtisan Oak\u201c baldin\u0117s plok\u0161t\u0117s, kuri pasi\u017eymi padidintu atsparumu \u012fbr\u0117\u017eimams. Baldai pristatomi paruo\u0161ti savaranki\u0161kam surinkimui, \u012fskaitant furnit\u016bros komplekt\u0105 ir ai\u0161kias instrukcijas. Komplekt\u0105 galima i\u0161pl\u0117sti papildomu prapl\u0117timo elementu. Galimyb\u0117 \u012fsigyti \u0161\u012f prapl\u0117timo element\u0105 pateikiama \u201eProduct Creator\u201c svetain\u0117je.<\/p>","protected":false},"excerpt":{"rendered":"<p>Plotis: 155 cm<br \/>\nGylis: 51 cm<br \/>\nAuk\u0161tis: 200 cm<br \/>\nBald\u0173 spalva: Artisan \u0105\u017euolas \/ juoda<br \/>\nKoja: Panel\u0117<\/p>","protected":false},"featured_media":175133,"comment_status":"open","ping_status":"open","template":"","meta":[],"product_brand":[],"product_cat":[9571,4635,1177],"product_tag":[],"class_list":{"0":"post-175132","1":"product","2":"type-product","3":"status-publish","4":"has-post-thumbnail","6":"product_cat-wardrobes-nelly-piaski","7":"product_cat-piaski","8":"product_cat-wardrobes","10":"first","11":"instock","12":"purchasable","13":"product-type-simple"},"_links":{"self":[{"href":"https:\/\/baldumarket.lt\/lt\/wp-json\/wp\/v2\/product\/175132","targetHints":{"allow":["GET"]}}],"collection":[{"href":"https:\/\/baldumarket.lt\/lt\/wp-json\/wp\/v2\/product"}],"about":[{"href":"https:\/\/baldumarket.lt\/lt\/wp-json\/wp\/v2\/types\/product"}],"replies":[{"embeddable":true,"href":"https:\/\/baldumarket.lt\/lt\/wp-json\/wp\/v2\/comments?post=175132"}],"wp:featuredmedia":[{"embeddable":true,"href":"https:\/\/baldumarket.lt\/lt\/wp-json\/wp\/v2\/media\/175133"}],"wp:attachment":[{"href":"https:\/\/baldumarket.lt\/lt\/wp-json\/wp\/v2\/media?parent=175132"}],"wp:term":[{"taxonomy":"product_brand","embeddable":true,"href":"https:\/\/baldumarket.lt\/lt\/wp-json\/wp\/v2\/product_brand?post=175132"},{"taxonomy":"product_cat","embeddable":true,"href":"https:\/\/baldumarket.lt\/lt\/wp-json\/wp\/v2\/product_cat?post=175132"},{"taxonomy":"product_tag","embeddable":true,"href":"https:\/\/baldumarket.lt\/lt\/wp-json\/wp\/v2\/product_tag?post=175132"}],"curies":[{"name":"wp","href":"https:\/\/api.w.org\/{rel}","templated":true}]}}