{"id":175102,"date":"2025-12-20T12:50:02","date_gmt":"2025-12-20T09:50:02","guid":{"rendered":"https:\/\/baldumarket.lt\/product\/szafa-nelly-100-dwudrzwiowa-polki-drazek-wieszakowy-szuflady-lustro-dab-artisan-czarny\/"},"modified":"2026-04-05T16:26:52","modified_gmt":"2026-04-05T13:26:52","slug":"szafa-nelly-100-dwudrzwiowa-polki-drazek-wieszakowy-szuflady-lustro-dab-artisan-czarny","status":"publish","type":"product","link":"https:\/\/baldumarket.lt\/lt\/product\/szafa-nelly-100-dwudrzwiowa-polki-drazek-wieszakowy-szuflady-lustro-dab-artisan-czarny\/","title":{"rendered":"Nelly 100 spinta, dvid\u016br\u0117, lentynos, pakaba, stal\u010diai, veidrodis, \u201eArtisan Oak\u201c \/ juoda"},"content":{"rendered":"<p>\u201eNelly 100\u201c spinta su dekoratyvin\u0117mis skersin\u0117mis, veidrod\u017eiu ir varstomais fasadais, \u201eArtisan Oak\u201c \/ juodos spalvos, turi pakabos kabinimui, daugyb\u0119 lentyn\u0173 drabu\u017eiams ir d\u0117\u017e\u0117ms bei erdvius stal\u010dius apatiniams ir smulkiems daiktams. Baldai pagaminti i\u0161 patvarios, \u012fbr\u0117\u017eimams atsparios laminuotos plok\u0161t\u0117s. Komplektas pristatomas i\u0161ardytas, su instrukcijomis ir furnit\u016bra. Taip pat galimi grafito \/ \u201eArtisan Oak\u201c ir pilkos \/ \u201eArtisan Oak\u201c spalv\u0173 variantai. Spint\u0105 galima i\u0161pl\u0117sti papildomu prailginimo elementu, kurio \u012fsigijimo parinktys pateiktos \u201eProduct Creator\u201c svetain\u0117je.<\/p>","protected":false},"excerpt":{"rendered":"<p>Plotis: 105 cm<br \/>\nGylis: 51 cm<br \/>\nAuk\u0161tis: 200 cm<br \/>\nBald\u0173 spalva: Artisan \u0105\u017euolas \/ juoda<br \/>\nKoja: Panel\u0117<\/p>","protected":false},"featured_media":175103,"comment_status":"open","ping_status":"open","template":"","meta":[],"product_brand":[],"product_cat":[9571,4635,1177],"product_tag":[],"class_list":{"0":"post-175102","1":"product","2":"type-product","3":"status-publish","4":"has-post-thumbnail","6":"product_cat-wardrobes-nelly-piaski","7":"product_cat-piaski","8":"product_cat-wardrobes","10":"first","11":"instock","12":"purchasable","13":"product-type-simple"},"_links":{"self":[{"href":"https:\/\/baldumarket.lt\/lt\/wp-json\/wp\/v2\/product\/175102","targetHints":{"allow":["GET"]}}],"collection":[{"href":"https:\/\/baldumarket.lt\/lt\/wp-json\/wp\/v2\/product"}],"about":[{"href":"https:\/\/baldumarket.lt\/lt\/wp-json\/wp\/v2\/types\/product"}],"replies":[{"embeddable":true,"href":"https:\/\/baldumarket.lt\/lt\/wp-json\/wp\/v2\/comments?post=175102"}],"wp:featuredmedia":[{"embeddable":true,"href":"https:\/\/baldumarket.lt\/lt\/wp-json\/wp\/v2\/media\/175103"}],"wp:attachment":[{"href":"https:\/\/baldumarket.lt\/lt\/wp-json\/wp\/v2\/media?parent=175102"}],"wp:term":[{"taxonomy":"product_brand","embeddable":true,"href":"https:\/\/baldumarket.lt\/lt\/wp-json\/wp\/v2\/product_brand?post=175102"},{"taxonomy":"product_cat","embeddable":true,"href":"https:\/\/baldumarket.lt\/lt\/wp-json\/wp\/v2\/product_cat?post=175102"},{"taxonomy":"product_tag","embeddable":true,"href":"https:\/\/baldumarket.lt\/lt\/wp-json\/wp\/v2\/product_tag?post=175102"}],"curies":[{"name":"wp","href":"https:\/\/api.w.org\/{rel}","templated":true}]}}