{"id":175092,"date":"2025-12-20T12:49:51","date_gmt":"2025-12-20T09:49:51","guid":{"rendered":"https:\/\/baldumarket.lt\/product\/szafa-nelly-100-dwudrzwiowa-polki-drazek-wieszakowy-szuflady-dab-artisan-czarny\/"},"modified":"2026-04-05T16:26:40","modified_gmt":"2026-04-05T13:26:40","slug":"szafa-nelly-100-dwudrzwiowa-polki-drazek-wieszakowy-szuflady-dab-artisan-czarny","status":"publish","type":"product","link":"https:\/\/baldumarket.lt\/lt\/product\/szafa-nelly-100-dwudrzwiowa-polki-drazek-wieszakowy-szuflady-dab-artisan-czarny\/","title":{"rendered":"Nelly 100 spinta, dvidur\u0117, lentynos, pakaba, stal\u010diai, \u201eArtisan Oak\u201c \/ juoda"},"content":{"rendered":"<p>\u201eNelly 100\u201c spinta su dekoratyvin\u0117mis lentjuost\u0117mis ir varstomais fasadais, \u201eArtisan Oak\u201c \/ juodos spalvos, turi pakabos kabinimui, daugyb\u0119 lentyn\u0173 drabu\u017eiams ir d\u0117\u017e\u0117ms bei erdvius stal\u010dius apatiniams drabu\u017eiams ir smulkiems daiktams. Baldai pagaminti i\u0161 patvarios laminuotos plok\u0161t\u0117s, atsparios \u012fbr\u0117\u017eimams. Komplektas pristatomas i\u0161ardytas, su instrukcijomis ir furnit\u016bra. Taip pat galimi grafito \/ \u201eArtisan Oak\u201c ir pilkos \/ \u201eArtisan Oak\u201c apdailos variantai. Spint\u0105 galima i\u0161pl\u0117sti naudojant prapl\u0117timo element\u0105. \u012esigijimo parinktys pateikiamos produkto vedlyje.<\/p>","protected":false},"excerpt":{"rendered":"<p>Plotis: 105 cm<br \/>\nGylis: 51 cm<br \/>\nAuk\u0161tis: 200 cm<br \/>\nBald\u0173 spalva: Artisan \u0105\u017euolas \/ juoda<br \/>\nKoja: Panel\u0117<\/p>","protected":false},"featured_media":175093,"comment_status":"open","ping_status":"open","template":"","meta":[],"product_brand":[],"product_cat":[9571,4635,1177],"product_tag":[],"class_list":{"0":"post-175092","1":"product","2":"type-product","3":"status-publish","4":"has-post-thumbnail","6":"product_cat-wardrobes-nelly-piaski","7":"product_cat-piaski","8":"product_cat-wardrobes","10":"first","11":"instock","12":"purchasable","13":"product-type-simple"},"_links":{"self":[{"href":"https:\/\/baldumarket.lt\/lt\/wp-json\/wp\/v2\/product\/175092","targetHints":{"allow":["GET"]}}],"collection":[{"href":"https:\/\/baldumarket.lt\/lt\/wp-json\/wp\/v2\/product"}],"about":[{"href":"https:\/\/baldumarket.lt\/lt\/wp-json\/wp\/v2\/types\/product"}],"replies":[{"embeddable":true,"href":"https:\/\/baldumarket.lt\/lt\/wp-json\/wp\/v2\/comments?post=175092"}],"wp:featuredmedia":[{"embeddable":true,"href":"https:\/\/baldumarket.lt\/lt\/wp-json\/wp\/v2\/media\/175093"}],"wp:attachment":[{"href":"https:\/\/baldumarket.lt\/lt\/wp-json\/wp\/v2\/media?parent=175092"}],"wp:term":[{"taxonomy":"product_brand","embeddable":true,"href":"https:\/\/baldumarket.lt\/lt\/wp-json\/wp\/v2\/product_brand?post=175092"},{"taxonomy":"product_cat","embeddable":true,"href":"https:\/\/baldumarket.lt\/lt\/wp-json\/wp\/v2\/product_cat?post=175092"},{"taxonomy":"product_tag","embeddable":true,"href":"https:\/\/baldumarket.lt\/lt\/wp-json\/wp\/v2\/product_tag?post=175092"}],"curies":[{"name":"wp","href":"https:\/\/api.w.org\/{rel}","templated":true}]}}