{"id":175066,"date":"2025-12-20T12:49:22","date_gmt":"2025-12-20T09:49:22","guid":{"rendered":"https:\/\/baldumarket.lt\/product\/szafa-mika-3-dwudrzwiowa-200-cm-przesuwna-polki-drazek-wieszakowy-lustra-dab-sonoma\/"},"modified":"2026-04-05T16:26:40","modified_gmt":"2026-04-05T13:26:40","slug":"szafa-mika-3-dwudrzwiowa-200-cm-przesuwna-polki-drazek-wieszakowy-lustra-dab-sonoma","status":"publish","type":"product","link":"https:\/\/baldumarket.lt\/lt\/product\/szafa-mika-3-dwudrzwiowa-200-cm-przesuwna-polki-drazek-wieszakowy-lustra-dab-sonoma\/","title":{"rendered":"Mika 3 spinta, dvidur\u0117, 200 cm, stumdomos, lentynos, pakaba, veidrod\u017eiai, Sonoma \u0105\u017euolas"},"content":{"rendered":"<p>Didel\u0117 ir moderni stumdoma spinta su veidrod\u017eiu \u201eMika 3\u201c \u017eavi savo patraukliu dizainu. D\u0117l dviej\u0173 dur\u0173 pertvar\u0173 ji vizualiai padidins net ir ma\u017eiausi\u0105 erdv\u0119. \u0160is baldas puikiai tinka \u0161iuolaikiniams miegamiesiems, svetain\u0117ms ir koridoriams. Komplekto viduje yra lentynos drabu\u017eiams ir didel\u0117ms d\u0117\u017e\u0117ms, taip pat pakabinimo skersinis ilgiems ir trumpiems drabu\u017eiams. Spinta pagaminta i\u0161 laminuotos bald\u0173 plok\u0161t\u0117s su \u201eSonoma Oak\u201c apdaila, kuri pasi\u017eymi padidintu atsparumu \u012fbr\u0117\u017eimams. Baldai pristatomi paruo\u0161ti savaranki\u0161kam surinkimui, su furnit\u016bros komplektu ir ai\u0161kiomis instrukcijomis.<\/p>","protected":false},"excerpt":{"rendered":"<p>Plotis: 200 cm<br \/>\nGylis: 63 cm<br \/>\n\u016agis: 214 cm<br \/>\nBald\u0173 spalva: Sonoma \u0105\u017euolas<br \/>\nKoja: Panel\u0117<\/p>","protected":false},"featured_media":175067,"comment_status":"open","ping_status":"open","template":"","meta":[],"product_brand":[],"product_cat":[9569,4635,1177],"product_tag":[],"class_list":{"0":"post-175066","1":"product","2":"type-product","3":"status-publish","4":"has-post-thumbnail","6":"product_cat-wardrobes-mika-piaski","7":"product_cat-piaski","8":"product_cat-wardrobes","10":"first","11":"instock","12":"purchasable","13":"product-type-simple"},"_links":{"self":[{"href":"https:\/\/baldumarket.lt\/lt\/wp-json\/wp\/v2\/product\/175066","targetHints":{"allow":["GET"]}}],"collection":[{"href":"https:\/\/baldumarket.lt\/lt\/wp-json\/wp\/v2\/product"}],"about":[{"href":"https:\/\/baldumarket.lt\/lt\/wp-json\/wp\/v2\/types\/product"}],"replies":[{"embeddable":true,"href":"https:\/\/baldumarket.lt\/lt\/wp-json\/wp\/v2\/comments?post=175066"}],"wp:featuredmedia":[{"embeddable":true,"href":"https:\/\/baldumarket.lt\/lt\/wp-json\/wp\/v2\/media\/175067"}],"wp:attachment":[{"href":"https:\/\/baldumarket.lt\/lt\/wp-json\/wp\/v2\/media?parent=175066"}],"wp:term":[{"taxonomy":"product_brand","embeddable":true,"href":"https:\/\/baldumarket.lt\/lt\/wp-json\/wp\/v2\/product_brand?post=175066"},{"taxonomy":"product_cat","embeddable":true,"href":"https:\/\/baldumarket.lt\/lt\/wp-json\/wp\/v2\/product_cat?post=175066"},{"taxonomy":"product_tag","embeddable":true,"href":"https:\/\/baldumarket.lt\/lt\/wp-json\/wp\/v2\/product_tag?post=175066"}],"curies":[{"name":"wp","href":"https:\/\/api.w.org\/{rel}","templated":true}]}}