{"id":175056,"date":"2025-12-20T12:49:10","date_gmt":"2025-12-20T09:49:10","guid":{"rendered":"https:\/\/baldumarket.lt\/product\/szafa-mika-3-dwudrzwiowa-150-cm-przesuwna-polki-drazek-wieszakowy-lustra-biala\/"},"modified":"2026-04-05T16:26:29","modified_gmt":"2026-04-05T13:26:29","slug":"szafa-mika-3-dwudrzwiowa-150-cm-przesuwna-polki-drazek-wieszakowy-lustra-biala","status":"publish","type":"product","link":"https:\/\/baldumarket.lt\/lt\/product\/szafa-mika-3-dwudrzwiowa-150-cm-przesuwna-polki-drazek-wieszakowy-lustra-biala\/","title":{"rendered":"Mika 3 spinta, dvidur\u0117, 150 cm, stumdoma, lentynos, pakabos karnizas, veidrod\u017eiai, balta"},"content":{"rendered":"<p>Didel\u0117 ir moderni \u201eMika 3\u201c spinta \u017eavi savo i\u0161vaizda. D\u0117l dviej\u0173 dali\u0173 veidrod\u017ei\u0173 abiejuose stumdomuose fasaduose ji vizualiai padidins net ir ma\u017eiausi\u0105 erdv\u0119. \u0160is baldas puikiai tinka \u0161iuolaiki\u0161kiems miegamiesiems, svetain\u0117ms ir koridoriams. Komplekto viduje yra lentynos drabu\u017eiams ir didel\u0117ms d\u0117\u017e\u0117ms, taip pat pakabinimo skersinis ilgiems ir trumpiems drabu\u017eiams. Spinta pagaminta i\u0161 laminuotos bald\u0173 plok\u0161t\u0117s su matine balta apdaila, kuri pasi\u017eymi padidintu atsparumu \u012fbr\u0117\u017eimams. Baldai pristatomi supakuoti ir juos reikia surinkti patiems, kartu su furnit\u016bra ir ai\u0161kiomis instrukcijomis.<\/p>","protected":false},"excerpt":{"rendered":"<p>Plotis: 150 cm<br \/>\nGylis: 63 cm<br \/>\n\u016agis: 214 cm<br \/>\nBald\u0173 spalva: balta<br \/>\nKoja: Panelin\u0117<\/p>","protected":false},"featured_media":175057,"comment_status":"open","ping_status":"open","template":"","meta":[],"product_brand":[],"product_cat":[9569,4635,1177],"product_tag":[],"class_list":{"0":"post-175056","1":"product","2":"type-product","3":"status-publish","4":"has-post-thumbnail","6":"product_cat-wardrobes-mika-piaski","7":"product_cat-piaski","8":"product_cat-wardrobes","10":"first","11":"instock","12":"purchasable","13":"product-type-simple"},"_links":{"self":[{"href":"https:\/\/baldumarket.lt\/lt\/wp-json\/wp\/v2\/product\/175056","targetHints":{"allow":["GET"]}}],"collection":[{"href":"https:\/\/baldumarket.lt\/lt\/wp-json\/wp\/v2\/product"}],"about":[{"href":"https:\/\/baldumarket.lt\/lt\/wp-json\/wp\/v2\/types\/product"}],"replies":[{"embeddable":true,"href":"https:\/\/baldumarket.lt\/lt\/wp-json\/wp\/v2\/comments?post=175056"}],"wp:featuredmedia":[{"embeddable":true,"href":"https:\/\/baldumarket.lt\/lt\/wp-json\/wp\/v2\/media\/175057"}],"wp:attachment":[{"href":"https:\/\/baldumarket.lt\/lt\/wp-json\/wp\/v2\/media?parent=175056"}],"wp:term":[{"taxonomy":"product_brand","embeddable":true,"href":"https:\/\/baldumarket.lt\/lt\/wp-json\/wp\/v2\/product_brand?post=175056"},{"taxonomy":"product_cat","embeddable":true,"href":"https:\/\/baldumarket.lt\/lt\/wp-json\/wp\/v2\/product_cat?post=175056"},{"taxonomy":"product_tag","embeddable":true,"href":"https:\/\/baldumarket.lt\/lt\/wp-json\/wp\/v2\/product_tag?post=175056"}],"curies":[{"name":"wp","href":"https:\/\/api.w.org\/{rel}","templated":true}]}}