{"id":175018,"date":"2025-12-20T12:48:25","date_gmt":"2025-12-20T09:48:25","guid":{"rendered":"https:\/\/baldumarket.lt\/product\/szafa-maja-alu-dwudrzwiowa-200-cm-przesuwna-polki-drazek-wieszakowy-biala\/"},"modified":"2026-02-12T12:41:16","modified_gmt":"2026-02-12T09:41:16","slug":"szafa-maja-alu-dwudrzwiowa-200-cm-przesuwna-polki-drazek-wieszakowy-biala","status":"publish","type":"product","link":"https:\/\/baldumarket.lt\/lt\/product\/szafa-maja-alu-dwudrzwiowa-200-cm-przesuwna-polki-drazek-wieszakowy-biala\/","title":{"rendered":"Maja aliuminio spinta, dviej\u0173 dur\u0173, 200 cm, stumdomos, lentynos, pakaba, balta"},"content":{"rendered":"<p>Didel\u0117, patraukli, balta \u2019Maja alu\u201c spinta, kurios plotis 200 cm, puikiai tinka beveik bet kokiam bald\u0173 stiliui: \u0161iuolaiki\u0161kiems miegamiesiems, svetain\u0117ms, koridoriams ir net paaugli\u0173 kambariams. Baldai turi dvejas stumdomas duris, kuri\u0173 priekin\u0117s dalys puo\u0161tos aliuminio juostel\u0117mis. Komplekto viduje yra daug lentyn\u0173 drabu\u017eiams ir didel\u0117ms d\u0117\u017e\u0117ms, taip pat pakabinimo stovas ilgiems ir trumpiems drabu\u017eiams. Spinta pagaminta i\u0161 laminuotos bald\u0173 plok\u0161t\u0117s su matine balta apdaila, kuri pasi\u017eymi padidintu atsparumu \u012fbr\u0117\u017eimams. Baldai pristatomi supakuoti kartu su surinkimo detali\u0173 rinkiniu ir ai\u0161kiomis instrukcijomis.<\/p>","protected":false},"excerpt":{"rendered":"<p>Plotis: 200 cm<br \/>\nGylis: 62 cm<br \/>\nAuk\u0161tis: 200 cm<br \/>\nBald\u0173 spalva: balta<br \/>\nKoja: Panelin\u0117<\/p>","protected":false},"featured_media":175019,"comment_status":"open","ping_status":"open","template":"","meta":[],"product_brand":[],"product_cat":[9568,4635,1177],"product_tag":[],"class_list":{"0":"post-175018","1":"product","2":"type-product","3":"status-publish","4":"has-post-thumbnail","6":"product_cat-wardrobes-maja-piaski","7":"product_cat-piaski","8":"product_cat-wardrobes","10":"first","11":"instock","12":"purchasable","13":"product-type-simple"},"_links":{"self":[{"href":"https:\/\/baldumarket.lt\/lt\/wp-json\/wp\/v2\/product\/175018","targetHints":{"allow":["GET"]}}],"collection":[{"href":"https:\/\/baldumarket.lt\/lt\/wp-json\/wp\/v2\/product"}],"about":[{"href":"https:\/\/baldumarket.lt\/lt\/wp-json\/wp\/v2\/types\/product"}],"replies":[{"embeddable":true,"href":"https:\/\/baldumarket.lt\/lt\/wp-json\/wp\/v2\/comments?post=175018"}],"wp:featuredmedia":[{"embeddable":true,"href":"https:\/\/baldumarket.lt\/lt\/wp-json\/wp\/v2\/media\/175019"}],"wp:attachment":[{"href":"https:\/\/baldumarket.lt\/lt\/wp-json\/wp\/v2\/media?parent=175018"}],"wp:term":[{"taxonomy":"product_brand","embeddable":true,"href":"https:\/\/baldumarket.lt\/lt\/wp-json\/wp\/v2\/product_brand?post=175018"},{"taxonomy":"product_cat","embeddable":true,"href":"https:\/\/baldumarket.lt\/lt\/wp-json\/wp\/v2\/product_cat?post=175018"},{"taxonomy":"product_tag","embeddable":true,"href":"https:\/\/baldumarket.lt\/lt\/wp-json\/wp\/v2\/product_tag?post=175018"}],"curies":[{"name":"wp","href":"https:\/\/api.w.org\/{rel}","templated":true}]}}