{"id":175013,"date":"2025-12-20T12:48:20","date_gmt":"2025-12-20T09:48:20","guid":{"rendered":"https:\/\/baldumarket.lt\/product\/szafa-maja-alu-dwudrzwiowa-180-cm-przesuwna-polki-drazek-wieszakowy-grafit\/"},"modified":"2026-02-12T12:41:16","modified_gmt":"2026-02-12T09:41:16","slug":"szafa-maja-alu-dwudrzwiowa-180-cm-przesuwna-polki-drazek-wieszakowy-grafit","status":"publish","type":"product","link":"https:\/\/baldumarket.lt\/lt\/product\/szafa-maja-alu-dwudrzwiowa-180-cm-przesuwna-polki-drazek-wieszakowy-grafit\/","title":{"rendered":"Maja aliuminio spinta, dviej\u0173 dur\u0173, 180 cm, stumdomos, lentynos, pakabinimo karnizas, grafito spalvos"},"content":{"rendered":"<p>Didel\u0117, eleganti\u0161ka, 180 cm plo\u010dio grafito spalvos aliuminio spinta \u201eMaja\u201c puikiai dera prie beveik bet kokio stiliaus bald\u0173 \u0161iuolaikiniuose miegamuosiuose, svetain\u0117se ir koridoriuose. D\u0117l stumdom\u0173 dur\u0173 jai reikia minimalios vietos, kad b\u016bt\u0173 galima saugiai ir patogiai naudotis. Dur\u0173 priekiai dekoruoti dekoratyviniais aliuminio juosteli\u0173 rustifikatais. Spintos viduje yra daug lentyn\u0173 drabu\u017eiams ir didel\u0117ms d\u0117\u017e\u0117ms, taip pat pakabinimo stovas ilgiems ir trumpiems drabu\u017eiams. Spinta pagaminta i\u0161 laminuotos bald\u0173 plok\u0161t\u0117s su grafito apdaila, kuri yra atsparesn\u0117 \u012fbr\u0117\u017eimams. Baldai pristatomi supakuoti, su surinkimo detal\u0117mis ir ai\u0161kiomis instrukcijomis.<\/p>","protected":false},"excerpt":{"rendered":"<p>Plotis: 180 cm<br \/>\nGylis: 62 cm<br \/>\nAuk\u0161tis: 200 cm<br \/>\nBald\u0173 spalva: balta<br \/>\nKoja: Panelin\u0117<\/p>","protected":false},"featured_media":175014,"comment_status":"open","ping_status":"open","template":"","meta":[],"product_brand":[],"product_cat":[9568,4635,1177],"product_tag":[],"class_list":{"0":"post-175013","1":"product","2":"type-product","3":"status-publish","4":"has-post-thumbnail","6":"product_cat-wardrobes-maja-piaski","7":"product_cat-piaski","8":"product_cat-wardrobes","10":"first","11":"instock","12":"purchasable","13":"product-type-simple"},"_links":{"self":[{"href":"https:\/\/baldumarket.lt\/lt\/wp-json\/wp\/v2\/product\/175013","targetHints":{"allow":["GET"]}}],"collection":[{"href":"https:\/\/baldumarket.lt\/lt\/wp-json\/wp\/v2\/product"}],"about":[{"href":"https:\/\/baldumarket.lt\/lt\/wp-json\/wp\/v2\/types\/product"}],"replies":[{"embeddable":true,"href":"https:\/\/baldumarket.lt\/lt\/wp-json\/wp\/v2\/comments?post=175013"}],"wp:featuredmedia":[{"embeddable":true,"href":"https:\/\/baldumarket.lt\/lt\/wp-json\/wp\/v2\/media\/175014"}],"wp:attachment":[{"href":"https:\/\/baldumarket.lt\/lt\/wp-json\/wp\/v2\/media?parent=175013"}],"wp:term":[{"taxonomy":"product_brand","embeddable":true,"href":"https:\/\/baldumarket.lt\/lt\/wp-json\/wp\/v2\/product_brand?post=175013"},{"taxonomy":"product_cat","embeddable":true,"href":"https:\/\/baldumarket.lt\/lt\/wp-json\/wp\/v2\/product_cat?post=175013"},{"taxonomy":"product_tag","embeddable":true,"href":"https:\/\/baldumarket.lt\/lt\/wp-json\/wp\/v2\/product_tag?post=175013"}],"curies":[{"name":"wp","href":"https:\/\/api.w.org\/{rel}","templated":true}]}}