{"id":174959,"date":"2025-12-20T12:47:19","date_gmt":"2025-12-20T09:47:19","guid":{"rendered":"https:\/\/baldumarket.lt\/product\/szafa-maja-4-dwudrzwiowa-200-cm-przesuwna-polki-drazek-wieszakowy-lustra-biala\/"},"modified":"2026-02-12T12:41:07","modified_gmt":"2026-02-12T09:41:07","slug":"szafa-maja-4-dwudrzwiowa-200-cm-przesuwna-polki-drazek-wieszakowy-lustra-biala","status":"publish","type":"product","link":"https:\/\/baldumarket.lt\/lt\/product\/szafa-maja-4-dwudrzwiowa-200-cm-przesuwna-polki-drazek-wieszakowy-lustra-biala\/","title":{"rendered":"Maja 4 spinta, dvidur\u0117, 200 cm, stumdomos, lentynos, pakaba, veidrod\u017eiai, balta"},"content":{"rendered":"<p>Didel\u0117 ir funkcionali matin\u0117s baltos spalvos \u201eMaja 4\u201c stumdom\u0173 lang\u0173 spinta, kurios plotis \u2013 200 cm, puikiai dera prie beveik bet kokio stiliaus bald\u0173 \u0161iuolaikiniuose miegamuosiuose, svetain\u0117se ir koridoriuose. D\u0117l stumdom\u0173 dur\u0173 jai reikia minimaliai vietos, ji yra saugi ir patogi naudoti. Ji turi du didelius i\u0161orinius veidrod\u017eius su eleganti\u0161ka juoda apdaila abiejuose priekyje. \u0160is komplektas praple\u010dia net ir ma\u017eiausio kambario funkcionalum\u0105. Spintos viduje yra daug lentyn\u0173 drabu\u017eiams ir didel\u0117ms d\u0117\u017e\u0117ms, taip pat pakaba ilgiems ir trumpiems drabu\u017eiams. Spinta pagaminta i\u0161 laminuotos baltos spalvos bald\u0173 plok\u0161t\u0117s, kuri yra atsparesn\u0117 \u012fbr\u0117\u017eimams. Baldai pristatomi paruo\u0161ti surinkimui, su furnit\u016bra ir ai\u0161kiomis instrukcijomis.<\/p>","protected":false},"excerpt":{"rendered":"<p>Plotis: 200 cm<br \/>\nGylis: 62 cm<br \/>\n\u016agis: 214 cm<br \/>\nBald\u0173 spalva: Grafito<br \/>\nKoja: Panelin\u0117<\/p>","protected":false},"featured_media":174960,"comment_status":"open","ping_status":"open","template":"","meta":[],"product_brand":[],"product_cat":[9568,4635,1177],"product_tag":[],"class_list":{"0":"post-174959","1":"product","2":"type-product","3":"status-publish","4":"has-post-thumbnail","6":"product_cat-wardrobes-maja-piaski","7":"product_cat-piaski","8":"product_cat-wardrobes","10":"first","11":"instock","12":"purchasable","13":"product-type-simple"},"_links":{"self":[{"href":"https:\/\/baldumarket.lt\/lt\/wp-json\/wp\/v2\/product\/174959","targetHints":{"allow":["GET"]}}],"collection":[{"href":"https:\/\/baldumarket.lt\/lt\/wp-json\/wp\/v2\/product"}],"about":[{"href":"https:\/\/baldumarket.lt\/lt\/wp-json\/wp\/v2\/types\/product"}],"replies":[{"embeddable":true,"href":"https:\/\/baldumarket.lt\/lt\/wp-json\/wp\/v2\/comments?post=174959"}],"wp:featuredmedia":[{"embeddable":true,"href":"https:\/\/baldumarket.lt\/lt\/wp-json\/wp\/v2\/media\/174960"}],"wp:attachment":[{"href":"https:\/\/baldumarket.lt\/lt\/wp-json\/wp\/v2\/media?parent=174959"}],"wp:term":[{"taxonomy":"product_brand","embeddable":true,"href":"https:\/\/baldumarket.lt\/lt\/wp-json\/wp\/v2\/product_brand?post=174959"},{"taxonomy":"product_cat","embeddable":true,"href":"https:\/\/baldumarket.lt\/lt\/wp-json\/wp\/v2\/product_cat?post=174959"},{"taxonomy":"product_tag","embeddable":true,"href":"https:\/\/baldumarket.lt\/lt\/wp-json\/wp\/v2\/product_tag?post=174959"}],"curies":[{"name":"wp","href":"https:\/\/api.w.org\/{rel}","templated":true}]}}