{"id":174955,"date":"2025-12-20T12:47:14","date_gmt":"2025-12-20T09:47:14","guid":{"rendered":"https:\/\/baldumarket.lt\/product\/szafa-maja-4-dwudrzwiowa-180-cm-przesuwna-polki-drazek-wieszakowy-lustra-grafitowa\/"},"modified":"2026-02-12T12:41:07","modified_gmt":"2026-02-12T09:41:07","slug":"szafa-maja-4-dwudrzwiowa-180-cm-przesuwna-polki-drazek-wieszakowy-lustra-grafitowa","status":"publish","type":"product","link":"https:\/\/baldumarket.lt\/lt\/product\/szafa-maja-4-dwudrzwiowa-180-cm-przesuwna-polki-drazek-wieszakowy-lustra-grafitowa\/","title":{"rendered":"Maja 4 spinta, dvidur\u0117, 180 cm, stumdomos, lentynos, pakaba, veidrod\u017eiai, grafito spalvos"},"content":{"rendered":"<p>Didel\u0117 ir funkcionali grafito spalvos \u201eMaja 4\u201c spinta, kurios plotis \u2013 180 cm, puikiai dera prie beveik bet kokio stiliaus \u0161iuolaikini\u0173 miegam\u0173j\u0173, svetaini\u0173 ir prie\u0161kambario. D\u0117l stumdom\u0173 dur\u0173 jai reikia minimalios vietos montavimui, be to, j\u0105 saugu ir patogu naudoti. Abiejuose priekyje yra du dideli i\u0161oriniai veidrod\u017eiai su juodu dekoru. Viduje \u012frengtos didel\u0117s lentynos drabu\u017eiams ir didel\u0117ms d\u0117\u017e\u0117ms, taip pat pakabinimo stovas ilgiems ir trumpiems drabu\u017eiams. Spinta pagaminta i\u0161 laminuotos bald\u0173 plok\u0161t\u0117s su grafito dekoru, pasi\u017eymin\u010diu padidintu atsparumu \u012fbr\u0117\u017eimams. Baldai pristatomi paruo\u0161ti surinkimui, su furnit\u016bros komplektu ir ai\u0161kiomis instrukcijomis.<\/p>","protected":false},"excerpt":{"rendered":"<p>Plotis: 180 cm<br \/>\nGylis: 62 cm<br \/>\nAuk\u0161tis: 200 cm<br \/>\nBald\u0173 spalva: Grafito<br \/>\nKoja: Panel\u0117<\/p>","protected":false},"featured_media":174956,"comment_status":"open","ping_status":"open","template":"","meta":[],"product_brand":[],"product_cat":[9568,4635,1177],"product_tag":[],"class_list":{"0":"post-174955","1":"product","2":"type-product","3":"status-publish","4":"has-post-thumbnail","6":"product_cat-wardrobes-maja-piaski","7":"product_cat-piaski","8":"product_cat-wardrobes","10":"first","11":"instock","12":"purchasable","13":"product-type-simple"},"_links":{"self":[{"href":"https:\/\/baldumarket.lt\/lt\/wp-json\/wp\/v2\/product\/174955","targetHints":{"allow":["GET"]}}],"collection":[{"href":"https:\/\/baldumarket.lt\/lt\/wp-json\/wp\/v2\/product"}],"about":[{"href":"https:\/\/baldumarket.lt\/lt\/wp-json\/wp\/v2\/types\/product"}],"replies":[{"embeddable":true,"href":"https:\/\/baldumarket.lt\/lt\/wp-json\/wp\/v2\/comments?post=174955"}],"wp:featuredmedia":[{"embeddable":true,"href":"https:\/\/baldumarket.lt\/lt\/wp-json\/wp\/v2\/media\/174956"}],"wp:attachment":[{"href":"https:\/\/baldumarket.lt\/lt\/wp-json\/wp\/v2\/media?parent=174955"}],"wp:term":[{"taxonomy":"product_brand","embeddable":true,"href":"https:\/\/baldumarket.lt\/lt\/wp-json\/wp\/v2\/product_brand?post=174955"},{"taxonomy":"product_cat","embeddable":true,"href":"https:\/\/baldumarket.lt\/lt\/wp-json\/wp\/v2\/product_cat?post=174955"},{"taxonomy":"product_tag","embeddable":true,"href":"https:\/\/baldumarket.lt\/lt\/wp-json\/wp\/v2\/product_tag?post=174955"}],"curies":[{"name":"wp","href":"https:\/\/api.w.org\/{rel}","templated":true}]}}