{"id":174932,"date":"2025-12-20T12:46:48","date_gmt":"2025-12-20T09:46:48","guid":{"rendered":"https:\/\/baldumarket.lt\/product\/szafa-maja-3-dwudrzwiowa-180-cm-przesuwna-polki-drazek-wieszakowy-lustra-biala\/"},"modified":"2026-02-12T12:40:58","modified_gmt":"2026-02-12T09:40:58","slug":"szafa-maja-3-dwudrzwiowa-180-cm-przesuwna-polki-drazek-wieszakowy-lustra-biala","status":"publish","type":"product","link":"https:\/\/baldumarket.lt\/lt\/product\/szafa-maja-3-dwudrzwiowa-180-cm-przesuwna-polki-drazek-wieszakowy-lustra-biala\/","title":{"rendered":"Maja 3 spinta, dvidur\u0117, 180 cm, stumdomos, lentynos, pakaba, veidrod\u017eiai, balta"},"content":{"rendered":"<p>Didel\u0117 matin\u0117s baltos spalvos \u201eMaja 3\u201c spinta, kurios plotis \u2013 180 cm, o auk\u0161tis \u2013 200 cm, puikiai dera prie beveik bet kokio stiliaus bald\u0173 \u0161iuolaikiniuose miegamuosiuose, svetain\u0117se ir koridoriuose. D\u0117l stumdom\u0173 dur\u0173 jai reikia minimalios vietos, kad b\u016bt\u0173 galima saugiai ir patogiai naudotis. Viename i\u0161 fasad\u0173 yra trys horizontal\u016bs veidrod\u017eiai. Viduje yra daug lentyn\u0173 daiktams ir didel\u0117ms d\u0117\u017e\u0117ms, taip pat pakaba ilgiems ir trumpiems drabu\u017eiams. Spinta pagaminta i\u0161 matin\u0117s baltos laminuotos plok\u0161t\u0117s, pasi\u017eymin\u010dios padidintu atsparumu \u012fbr\u0117\u017eimams. Baldai pristatomi paruo\u0161ti surinkimui, su furnit\u016bra ir ai\u0161kiomis instrukcijomis.<\/p>","protected":false},"excerpt":{"rendered":"<p>Plotis: 180 cm<br \/>\nGylis: 62 cm<br \/>\nAuk\u0161tis: 200 cm<br \/>\nKoja: Panelin\u0117<br \/>\nStilius: Modernus<\/p>","protected":false},"featured_media":174933,"comment_status":"open","ping_status":"open","template":"","meta":[],"product_brand":[],"product_cat":[9568,4635,1177],"product_tag":[],"class_list":{"0":"post-174932","1":"product","2":"type-product","3":"status-publish","4":"has-post-thumbnail","6":"product_cat-wardrobes-maja-piaski","7":"product_cat-piaski","8":"product_cat-wardrobes","10":"first","11":"instock","12":"purchasable","13":"product-type-simple"},"_links":{"self":[{"href":"https:\/\/baldumarket.lt\/lt\/wp-json\/wp\/v2\/product\/174932","targetHints":{"allow":["GET"]}}],"collection":[{"href":"https:\/\/baldumarket.lt\/lt\/wp-json\/wp\/v2\/product"}],"about":[{"href":"https:\/\/baldumarket.lt\/lt\/wp-json\/wp\/v2\/types\/product"}],"replies":[{"embeddable":true,"href":"https:\/\/baldumarket.lt\/lt\/wp-json\/wp\/v2\/comments?post=174932"}],"wp:featuredmedia":[{"embeddable":true,"href":"https:\/\/baldumarket.lt\/lt\/wp-json\/wp\/v2\/media\/174933"}],"wp:attachment":[{"href":"https:\/\/baldumarket.lt\/lt\/wp-json\/wp\/v2\/media?parent=174932"}],"wp:term":[{"taxonomy":"product_brand","embeddable":true,"href":"https:\/\/baldumarket.lt\/lt\/wp-json\/wp\/v2\/product_brand?post=174932"},{"taxonomy":"product_cat","embeddable":true,"href":"https:\/\/baldumarket.lt\/lt\/wp-json\/wp\/v2\/product_cat?post=174932"},{"taxonomy":"product_tag","embeddable":true,"href":"https:\/\/baldumarket.lt\/lt\/wp-json\/wp\/v2\/product_tag?post=174932"}],"curies":[{"name":"wp","href":"https:\/\/api.w.org\/{rel}","templated":true}]}}