{"id":174923,"date":"2025-12-20T12:46:38","date_gmt":"2025-12-20T09:46:38","guid":{"rendered":"https:\/\/baldumarket.lt\/product\/szafa-maja-2-dwudrzwiowa-200-cm-przesuwna-polki-drazek-wieszakowy-lustra-bialy\/"},"modified":"2026-02-12T12:40:58","modified_gmt":"2026-02-12T09:40:58","slug":"szafa-maja-2-dwudrzwiowa-200-cm-przesuwna-polki-drazek-wieszakowy-lustra-bialy","status":"publish","type":"product","link":"https:\/\/baldumarket.lt\/lt\/product\/szafa-maja-2-dwudrzwiowa-200-cm-przesuwna-polki-drazek-wieszakowy-lustra-bialy\/","title":{"rendered":"Maja 2 spinta, dvidur\u0117, 200 cm, stumdomos, lentynos, pakaba, veidrod\u017eiai, balta"},"content":{"rendered":"<p>Didel\u0117 ir erdvi \u201eMaja 2\u201c spinta, pasi\u017eyminti populiaria matine balta apdaila, yra 200 cm plo\u010dio ir 214 cm auk\u0161\u010dio, puikiai dera prie beveik bet kokio stiliaus bald\u0173 \u0161iuolaikiniuose miegamuosiuose, svetain\u0117se ir koridoriuose. D\u0117l stumdom\u0173 dur\u0173 jai reikia minimalios vietos, kad b\u016bt\u0173 galima saugiai ir patogiai naudotis. Kiekviename priekyje yra po du horizontaliai i\u0161d\u0117stytus veidrod\u017eius. Viduje \u012frengtos didel\u0117s lentynos drabu\u017eiams ir didel\u0117ms d\u0117\u017e\u0117ms, taip pat pakaba ilgiems ir trumpiems drabu\u017eiams. Spinta pagaminta i\u0161 laminuotos bald\u0173 plok\u0161t\u0117s su matine balta apdaila, kuri yra atsparesn\u0117 \u012fbr\u0117\u017eimams. Baldai pristatomi paruo\u0161ti surinkimui, su furnit\u016bros komplektu ir ai\u0161kiomis instrukcijomis.<\/p>","protected":false},"excerpt":{"rendered":"<p>Plotis: 200 cm<br \/>\nGylis: 62 cm<br \/>\n\u016agis: 214 cm<br \/>\nBald\u0173 spalva: balta<br \/>\nKoja: Panelin\u0117<\/p>","protected":false},"featured_media":174924,"comment_status":"open","ping_status":"open","template":"","meta":[],"product_brand":[],"product_cat":[9568,4635,1177],"product_tag":[],"class_list":{"0":"post-174923","1":"product","2":"type-product","3":"status-publish","4":"has-post-thumbnail","6":"product_cat-wardrobes-maja-piaski","7":"product_cat-piaski","8":"product_cat-wardrobes","10":"first","11":"instock","12":"purchasable","13":"product-type-simple"},"_links":{"self":[{"href":"https:\/\/baldumarket.lt\/lt\/wp-json\/wp\/v2\/product\/174923","targetHints":{"allow":["GET"]}}],"collection":[{"href":"https:\/\/baldumarket.lt\/lt\/wp-json\/wp\/v2\/product"}],"about":[{"href":"https:\/\/baldumarket.lt\/lt\/wp-json\/wp\/v2\/types\/product"}],"replies":[{"embeddable":true,"href":"https:\/\/baldumarket.lt\/lt\/wp-json\/wp\/v2\/comments?post=174923"}],"wp:featuredmedia":[{"embeddable":true,"href":"https:\/\/baldumarket.lt\/lt\/wp-json\/wp\/v2\/media\/174924"}],"wp:attachment":[{"href":"https:\/\/baldumarket.lt\/lt\/wp-json\/wp\/v2\/media?parent=174923"}],"wp:term":[{"taxonomy":"product_brand","embeddable":true,"href":"https:\/\/baldumarket.lt\/lt\/wp-json\/wp\/v2\/product_brand?post=174923"},{"taxonomy":"product_cat","embeddable":true,"href":"https:\/\/baldumarket.lt\/lt\/wp-json\/wp\/v2\/product_cat?post=174923"},{"taxonomy":"product_tag","embeddable":true,"href":"https:\/\/baldumarket.lt\/lt\/wp-json\/wp\/v2\/product_tag?post=174923"}],"curies":[{"name":"wp","href":"https:\/\/api.w.org\/{rel}","templated":true}]}}