{"id":174910,"date":"2025-12-20T12:46:23","date_gmt":"2025-12-20T09:46:23","guid":{"rendered":"https:\/\/baldumarket.lt\/product\/szafa-maja-2-dwudrzwiowa-150-cm-przesuwna-polki-drazek-wieszakowy-lustra-grafit\/"},"modified":"2026-02-12T12:40:49","modified_gmt":"2026-02-12T09:40:49","slug":"szafa-maja-2-dwudrzwiowa-150-cm-przesuwna-polki-drazek-wieszakowy-lustra-grafit","status":"publish","type":"product","link":"https:\/\/baldumarket.lt\/lt\/product\/szafa-maja-2-dwudrzwiowa-150-cm-przesuwna-polki-drazek-wieszakowy-lustra-grafit\/","title":{"rendered":"Maja 2 spinta, dvidur\u0117, 150 cm, stumdomos, lentynos, pakaba, veidrod\u017eiai, grafito spalvos"},"content":{"rendered":"<p>Erdvi, grafito spalvos, 150 cm plo\u010dio \u201eMaja 2\u201c spinta puikiai papildys \u0161iuolaiki\u0161kus miegamuosius, svetaines ir prie\u0161kambarius. Ji turi dvejas stumdomas duris su dideliais veidrod\u017eiais, kurie, be pagrindin\u0117s funkcijos, taip pat vizualiai padidina erdv\u0119. Komplekto viduje yra lentynos drabu\u017eiams ir didel\u0117ms d\u0117\u017e\u0117ms, taip pat pakabinimo skersinis ilgiems ir trumpiems drabu\u017eiams. Spinta pagaminta i\u0161 laminuotos baldin\u0117s plok\u0161t\u0117s, kuri pasi\u017eymi padidintu atsparumu \u012fbr\u0117\u017eimams. Baldai pristatomi supakuoti, su surinkimo detal\u0117mis ir ai\u0161kiomis instrukcijomis.<\/p>","protected":false},"excerpt":{"rendered":"<p>Plotis: 150 cm<br \/>\nGylis: 62 cm<br \/>\nAuk\u0161tis: 200 cm<br \/>\nBald\u0173 spalva: Grafito<br \/>\nKoja: Panel\u0117<\/p>","protected":false},"featured_media":174911,"comment_status":"open","ping_status":"open","template":"","meta":[],"product_brand":[],"product_cat":[9568,4635,1177],"product_tag":[],"class_list":{"0":"post-174910","1":"product","2":"type-product","3":"status-publish","4":"has-post-thumbnail","6":"product_cat-wardrobes-maja-piaski","7":"product_cat-piaski","8":"product_cat-wardrobes","10":"first","11":"instock","12":"purchasable","13":"product-type-simple"},"_links":{"self":[{"href":"https:\/\/baldumarket.lt\/lt\/wp-json\/wp\/v2\/product\/174910","targetHints":{"allow":["GET"]}}],"collection":[{"href":"https:\/\/baldumarket.lt\/lt\/wp-json\/wp\/v2\/product"}],"about":[{"href":"https:\/\/baldumarket.lt\/lt\/wp-json\/wp\/v2\/types\/product"}],"replies":[{"embeddable":true,"href":"https:\/\/baldumarket.lt\/lt\/wp-json\/wp\/v2\/comments?post=174910"}],"wp:featuredmedia":[{"embeddable":true,"href":"https:\/\/baldumarket.lt\/lt\/wp-json\/wp\/v2\/media\/174911"}],"wp:attachment":[{"href":"https:\/\/baldumarket.lt\/lt\/wp-json\/wp\/v2\/media?parent=174910"}],"wp:term":[{"taxonomy":"product_brand","embeddable":true,"href":"https:\/\/baldumarket.lt\/lt\/wp-json\/wp\/v2\/product_brand?post=174910"},{"taxonomy":"product_cat","embeddable":true,"href":"https:\/\/baldumarket.lt\/lt\/wp-json\/wp\/v2\/product_cat?post=174910"},{"taxonomy":"product_tag","embeddable":true,"href":"https:\/\/baldumarket.lt\/lt\/wp-json\/wp\/v2\/product_tag?post=174910"}],"curies":[{"name":"wp","href":"https:\/\/api.w.org\/{rel}","templated":true}]}}