{"id":174905,"date":"2025-12-20T12:46:17","date_gmt":"2025-12-20T09:46:17","guid":{"rendered":"https:\/\/baldumarket.lt\/product\/szafa-maja-2-dwudrzwiowa-150-cm-przesuwna-polki-drazek-wieszakowy-lustra-biala\/"},"modified":"2026-02-12T12:40:49","modified_gmt":"2026-02-12T09:40:49","slug":"szafa-maja-2-dwudrzwiowa-150-cm-przesuwna-polki-drazek-wieszakowy-lustra-biala","status":"publish","type":"product","link":"https:\/\/baldumarket.lt\/lt\/product\/szafa-maja-2-dwudrzwiowa-150-cm-przesuwna-polki-drazek-wieszakowy-lustra-biala\/","title":{"rendered":"Maja 2 spinta, dvidur\u0117, 150 cm, stumdomos, lentynos, pakabos karnizas, veidrod\u017eiai, balta"},"content":{"rendered":"<p>Didel\u0117, eleganti\u0161ka, balta \u201eMaja 2\u201c spinta, kurios plotis 150 cm, puikiai dera prie \u0161iuolaikini\u0173 miegam\u0173j\u0173, svetaini\u0173 ir prie\u0161kambario bald\u0173 stiliaus. Baldai turi dvejas stumdomas duris su dideliais veidrod\u017eiais, kurios, be pagrindin\u0117s funkcijos, taip pat vizualiai padidina erdv\u0119. Komplekto viduje yra lentynos drabu\u017eiams ir didel\u0117ms d\u0117\u017e\u0117ms, taip pat pakabinimo skersinis ilgiems ir trumpiems drabu\u017eiams. Spinta pagaminta i\u0161 laminuotos bald\u0173 plok\u0161t\u0117s su matine balta apdaila, kuri pasi\u017eymi padidintu atsparumu \u012fbr\u0117\u017eimams. Baldai pristatomi supakuoti kartu su surinkimo detali\u0173 rinkiniu ir ai\u0161kiomis instrukcijomis.<\/p>","protected":false},"excerpt":{"rendered":"<p>Plotis: 150 cm<br \/>\nGylis: 62 cm<br \/>\nAuk\u0161tis: 200 cm<br \/>\nBald\u0173 spalva: balta<br \/>\nKoja: Panelin\u0117<\/p>","protected":false},"featured_media":174906,"comment_status":"open","ping_status":"open","template":"","meta":[],"product_brand":[],"product_cat":[9568,4635,1177],"product_tag":[],"class_list":{"0":"post-174905","1":"product","2":"type-product","3":"status-publish","4":"has-post-thumbnail","6":"product_cat-wardrobes-maja-piaski","7":"product_cat-piaski","8":"product_cat-wardrobes","10":"first","11":"instock","12":"purchasable","13":"product-type-simple"},"_links":{"self":[{"href":"https:\/\/baldumarket.lt\/lt\/wp-json\/wp\/v2\/product\/174905","targetHints":{"allow":["GET"]}}],"collection":[{"href":"https:\/\/baldumarket.lt\/lt\/wp-json\/wp\/v2\/product"}],"about":[{"href":"https:\/\/baldumarket.lt\/lt\/wp-json\/wp\/v2\/types\/product"}],"replies":[{"embeddable":true,"href":"https:\/\/baldumarket.lt\/lt\/wp-json\/wp\/v2\/comments?post=174905"}],"wp:featuredmedia":[{"embeddable":true,"href":"https:\/\/baldumarket.lt\/lt\/wp-json\/wp\/v2\/media\/174906"}],"wp:attachment":[{"href":"https:\/\/baldumarket.lt\/lt\/wp-json\/wp\/v2\/media?parent=174905"}],"wp:term":[{"taxonomy":"product_brand","embeddable":true,"href":"https:\/\/baldumarket.lt\/lt\/wp-json\/wp\/v2\/product_brand?post=174905"},{"taxonomy":"product_cat","embeddable":true,"href":"https:\/\/baldumarket.lt\/lt\/wp-json\/wp\/v2\/product_cat?post=174905"},{"taxonomy":"product_tag","embeddable":true,"href":"https:\/\/baldumarket.lt\/lt\/wp-json\/wp\/v2\/product_tag?post=174905"}],"curies":[{"name":"wp","href":"https:\/\/api.w.org\/{rel}","templated":true}]}}