{"id":174901,"date":"2025-12-20T12:46:13","date_gmt":"2025-12-20T09:46:13","guid":{"rendered":"https:\/\/baldumarket.lt\/product\/szafa-maja-2-dwudrzwiowa-130-cm-przesuwna-polki-drazek-wieszakowy-lustra-grafit\/"},"modified":"2026-02-12T12:40:49","modified_gmt":"2026-02-12T09:40:49","slug":"szafa-maja-2-dwudrzwiowa-130-cm-przesuwna-polki-drazek-wieszakowy-lustra-grafit","status":"publish","type":"product","link":"https:\/\/baldumarket.lt\/lt\/product\/szafa-maja-2-dwudrzwiowa-130-cm-przesuwna-polki-drazek-wieszakowy-lustra-grafit\/","title":{"rendered":"Maja 2 spinta, dvidur\u0117, 130 cm, stumdomos, lentynos, pakaba, veidrod\u017eiai, grafito spalvos"},"content":{"rendered":"<p>Moderni, erdvi \u201eMaja 2\u201c spinta puikiai papildys \u0161iuolaiki\u0161kus miegamuosius, svetaines ir koridorius. Ji turi dvi stumdomas duris su veidrod\u017eiais, kurie vizualiai padidina kambar\u012f. Komplekto viduje yra lentynos drabu\u017eiams ir didel\u0117ms d\u0117\u017e\u0117ms, taip pat pakaba ilgiems ir trumpiems drabu\u017eiams. Spinta yra grafito spalvos ir pagaminta i\u0161 patvarios laminuotos bald\u0173 plok\u0161t\u0117s, kuri yra labai atspari \u012fbr\u0117\u017eimams ir lengvai valoma. Komplektas pristatomas i\u0161ardytas, su instrukcijomis ir surinkimo detal\u0117mis.<\/p>","protected":false},"excerpt":{"rendered":"<p>Plotis: 130 cm<br \/>\nGylis: 62 cm<br \/>\nAuk\u0161tis: 200 cm<br \/>\nBald\u0173 spalva: Grafito<br \/>\nKoja: Panelin\u0117<\/p>","protected":false},"featured_media":174902,"comment_status":"open","ping_status":"open","template":"","meta":[],"product_brand":[],"product_cat":[9568,4635,1177],"product_tag":[],"class_list":{"0":"post-174901","1":"product","2":"type-product","3":"status-publish","4":"has-post-thumbnail","6":"product_cat-wardrobes-maja-piaski","7":"product_cat-piaski","8":"product_cat-wardrobes","10":"first","11":"instock","12":"purchasable","13":"product-type-simple"},"_links":{"self":[{"href":"https:\/\/baldumarket.lt\/lt\/wp-json\/wp\/v2\/product\/174901","targetHints":{"allow":["GET"]}}],"collection":[{"href":"https:\/\/baldumarket.lt\/lt\/wp-json\/wp\/v2\/product"}],"about":[{"href":"https:\/\/baldumarket.lt\/lt\/wp-json\/wp\/v2\/types\/product"}],"replies":[{"embeddable":true,"href":"https:\/\/baldumarket.lt\/lt\/wp-json\/wp\/v2\/comments?post=174901"}],"wp:featuredmedia":[{"embeddable":true,"href":"https:\/\/baldumarket.lt\/lt\/wp-json\/wp\/v2\/media\/174902"}],"wp:attachment":[{"href":"https:\/\/baldumarket.lt\/lt\/wp-json\/wp\/v2\/media?parent=174901"}],"wp:term":[{"taxonomy":"product_brand","embeddable":true,"href":"https:\/\/baldumarket.lt\/lt\/wp-json\/wp\/v2\/product_brand?post=174901"},{"taxonomy":"product_cat","embeddable":true,"href":"https:\/\/baldumarket.lt\/lt\/wp-json\/wp\/v2\/product_cat?post=174901"},{"taxonomy":"product_tag","embeddable":true,"href":"https:\/\/baldumarket.lt\/lt\/wp-json\/wp\/v2\/product_tag?post=174901"}],"curies":[{"name":"wp","href":"https:\/\/api.w.org\/{rel}","templated":true}]}}