{"id":174891,"date":"2025-12-20T12:46:02","date_gmt":"2025-12-20T09:46:02","guid":{"rendered":"https:\/\/baldumarket.lt\/product\/szafa-maja-1-dwudrzwiowa-200-cm-przesuwna-polki-drazek-wieszakowy-lustro-grafit\/"},"modified":"2026-02-12T12:40:49","modified_gmt":"2026-02-12T09:40:49","slug":"szafa-maja-1-dwudrzwiowa-200-cm-przesuwna-polki-drazek-wieszakowy-lustro-grafit","status":"publish","type":"product","link":"https:\/\/baldumarket.lt\/lt\/product\/szafa-maja-1-dwudrzwiowa-200-cm-przesuwna-polki-drazek-wieszakowy-lustro-grafit\/","title":{"rendered":"Maja 1 spinta, dvidur\u0117, 200 cm, stumdomos, lentynos, pakaba, veidrodis, grafito spalvos"},"content":{"rendered":"<p>Didel\u0117, erdvi grafito spalvos \u201eMaja 1\u201c spinta, kurios plotis 200 cm, puikiai dera prie beveik bet kokio stiliaus bald\u0173 \u0161iuolaikiniuose miegamuosiuose, svetain\u0117se ir koridoriuose. \u0160is baldas pasi\u017eymi i\u0161skirtinai didele naudingo ploto erdve. D\u0117l stumdom\u0173 dur\u0173 jai reikia minimalios vietos montavimui, be to, j\u0105 saugu ir patogu naudoti. Viename i\u0161 prieki\u0173 yra didelis i\u0161orinis veidrodis. Komplekto viduje yra daug lentyn\u0173 drabu\u017eiams ir didel\u0117ms d\u0117\u017e\u0117ms, taip pat pakabinimo stovas ilgiems ir trumpiems drabu\u017eiams. Spinta pagaminta i\u0161 grafito spalvos laminuotos bald\u0173 plok\u0161t\u0117s, pasi\u017eymin\u010dios padidintu atsparumu \u012fbr\u0117\u017eimams. Baldai pristatomi paruo\u0161ti surinkimui, su furnit\u016bra ir ai\u0161kiomis instrukcijomis.<\/p>","protected":false},"excerpt":{"rendered":"<p>Plotis: 200 cm<br \/>\nGylis: 62 cm<br \/>\n\u016agis: 214 cm<br \/>\nBald\u0173 spalva: Grafito<br \/>\nKoja: Panelin\u0117<\/p>","protected":false},"featured_media":174892,"comment_status":"open","ping_status":"open","template":"","meta":[],"product_brand":[],"product_cat":[9568,4635,1177],"product_tag":[],"class_list":{"0":"post-174891","1":"product","2":"type-product","3":"status-publish","4":"has-post-thumbnail","6":"product_cat-wardrobes-maja-piaski","7":"product_cat-piaski","8":"product_cat-wardrobes","10":"first","11":"instock","12":"purchasable","13":"product-type-simple"},"_links":{"self":[{"href":"https:\/\/baldumarket.lt\/lt\/wp-json\/wp\/v2\/product\/174891","targetHints":{"allow":["GET"]}}],"collection":[{"href":"https:\/\/baldumarket.lt\/lt\/wp-json\/wp\/v2\/product"}],"about":[{"href":"https:\/\/baldumarket.lt\/lt\/wp-json\/wp\/v2\/types\/product"}],"replies":[{"embeddable":true,"href":"https:\/\/baldumarket.lt\/lt\/wp-json\/wp\/v2\/comments?post=174891"}],"wp:featuredmedia":[{"embeddable":true,"href":"https:\/\/baldumarket.lt\/lt\/wp-json\/wp\/v2\/media\/174892"}],"wp:attachment":[{"href":"https:\/\/baldumarket.lt\/lt\/wp-json\/wp\/v2\/media?parent=174891"}],"wp:term":[{"taxonomy":"product_brand","embeddable":true,"href":"https:\/\/baldumarket.lt\/lt\/wp-json\/wp\/v2\/product_brand?post=174891"},{"taxonomy":"product_cat","embeddable":true,"href":"https:\/\/baldumarket.lt\/lt\/wp-json\/wp\/v2\/product_cat?post=174891"},{"taxonomy":"product_tag","embeddable":true,"href":"https:\/\/baldumarket.lt\/lt\/wp-json\/wp\/v2\/product_tag?post=174891"}],"curies":[{"name":"wp","href":"https:\/\/api.w.org\/{rel}","templated":true}]}}