{"id":174872,"date":"2025-12-20T12:45:40","date_gmt":"2025-12-20T09:45:40","guid":{"rendered":"https:\/\/baldumarket.lt\/product\/szafa-maja-1-dwudrzwiowa-150-cm-przesuwna-polki-drazek-wieszakowy-lustro-grafit\/"},"modified":"2026-02-12T12:40:39","modified_gmt":"2026-02-12T09:40:39","slug":"szafa-maja-1-dwudrzwiowa-150-cm-przesuwna-polki-drazek-wieszakowy-lustro-grafit","status":"publish","type":"product","link":"https:\/\/baldumarket.lt\/lt\/product\/szafa-maja-1-dwudrzwiowa-150-cm-przesuwna-polki-drazek-wieszakowy-lustro-grafit\/","title":{"rendered":"Maja 1 spinta, dvidur\u0117, 150 cm, stumdoma, lentynos, pakaba, veidrodis, grafito spalvos"},"content":{"rendered":"<p>Erdvi, grafito spalvos \u201eMaja 1\u201c spinta, kurios plotis 150 cm, puikiai papildys \u0161iuolaiki\u0161kus miegamuosius, svetaines ir prie\u0161kambarius. Ji turi dvejas stumdomas duris su vienu veidrod\u017eiu, kurios vizualiai dar labiau padidina erdv\u0119. Komplekto viduje yra lentynos drabu\u017eiams ir didel\u0117ms d\u0117\u017e\u0117ms, taip pat pakaba ilgiems ir trumpiems drabu\u017eiams. Spinta pagaminta i\u0161 laminuotos bald\u0173 plok\u0161t\u0117s, kuri yra labai atspari \u012fbr\u0117\u017eimams. Baldai pristatomi supakuoti, kartu su surinkimo detal\u0117mis ir ai\u0161kiomis instrukcijomis.<\/p>","protected":false},"excerpt":{"rendered":"<p>Plotis: 150 cm<br \/>\nGylis: 62 cm<br \/>\nAuk\u0161tis: 200 cm<br \/>\nBald\u0173 spalva: Grafito<br \/>\nKoja: Panel\u0117<\/p>","protected":false},"featured_media":174873,"comment_status":"open","ping_status":"open","template":"","meta":[],"product_brand":[],"product_cat":[9568,4635,1177],"product_tag":[],"class_list":{"0":"post-174872","1":"product","2":"type-product","3":"status-publish","4":"has-post-thumbnail","6":"product_cat-wardrobes-maja-piaski","7":"product_cat-piaski","8":"product_cat-wardrobes","10":"first","11":"instock","12":"purchasable","13":"product-type-simple"},"_links":{"self":[{"href":"https:\/\/baldumarket.lt\/lt\/wp-json\/wp\/v2\/product\/174872","targetHints":{"allow":["GET"]}}],"collection":[{"href":"https:\/\/baldumarket.lt\/lt\/wp-json\/wp\/v2\/product"}],"about":[{"href":"https:\/\/baldumarket.lt\/lt\/wp-json\/wp\/v2\/types\/product"}],"replies":[{"embeddable":true,"href":"https:\/\/baldumarket.lt\/lt\/wp-json\/wp\/v2\/comments?post=174872"}],"wp:featuredmedia":[{"embeddable":true,"href":"https:\/\/baldumarket.lt\/lt\/wp-json\/wp\/v2\/media\/174873"}],"wp:attachment":[{"href":"https:\/\/baldumarket.lt\/lt\/wp-json\/wp\/v2\/media?parent=174872"}],"wp:term":[{"taxonomy":"product_brand","embeddable":true,"href":"https:\/\/baldumarket.lt\/lt\/wp-json\/wp\/v2\/product_brand?post=174872"},{"taxonomy":"product_cat","embeddable":true,"href":"https:\/\/baldumarket.lt\/lt\/wp-json\/wp\/v2\/product_cat?post=174872"},{"taxonomy":"product_tag","embeddable":true,"href":"https:\/\/baldumarket.lt\/lt\/wp-json\/wp\/v2\/product_tag?post=174872"}],"curies":[{"name":"wp","href":"https:\/\/api.w.org\/{rel}","templated":true}]}}