{"id":174853,"date":"2025-12-20T12:45:18","date_gmt":"2025-12-20T09:45:18","guid":{"rendered":"https:\/\/baldumarket.lt\/product\/szafa-maja-1-alu-dwudrzwiowa-200-cm-przesuwna-polki-drazek-wieszakowy-lustro-grafitowa\/"},"modified":"2026-02-12T12:40:39","modified_gmt":"2026-02-12T09:40:39","slug":"szafa-maja-1-alu-dwudrzwiowa-200-cm-przesuwna-polki-drazek-wieszakowy-lustro-grafitowa","status":"publish","type":"product","link":"https:\/\/baldumarket.lt\/lt\/product\/szafa-maja-1-alu-dwudrzwiowa-200-cm-przesuwna-polki-drazek-wieszakowy-lustro-grafitowa\/","title":{"rendered":"Maja 1 aliuminio spinta, dviej\u0173 dur\u0173, 200 cm, stumdomos, lentynos, pakaba, veidrodis, grafito spalvos"},"content":{"rendered":"<p>Didel\u0117, patrauklios grafito spalvos aliuminio spinta \u201eMaja 1\u201c, kurios plotis \u2013 200 cm, puikiai dera prie beveik bet kokio stiliaus bald\u0173 \u0161iuolaikiniuose miegamuosiuose, svetain\u0117se ir koridoriuose. D\u0117l stumdom\u0173 dur\u0173 jai reikia minimalios vietos, kad b\u016bt\u0173 galima saugiai ir patogiai naudotis. Ji turi didel\u012f i\u0161orin\u012f veidrod\u012f ir dekoratyvines aliuminio juosteles kitoje priekyje. Viduje \u012frengtos erdvios lentynos drabu\u017eiams ir didel\u0117ms d\u0117\u017e\u0117ms, taip pat pakaba ilgiems ir trumpiems drabu\u017eiams. Spinta pagaminta i\u0161 laminuotos bald\u0173 plok\u0161t\u0117s su grafito apdaila, kuri yra atsparesn\u0117 \u012fbr\u0117\u017eimams. Baldai pristatomi paruo\u0161ti surinkimui, su furnit\u016bros komplektu ir ai\u0161kiomis instrukcijomis. Taip pat galimos Sonoma \u0105\u017euolo ir matin\u0117s baltos spalvos apdailos.<\/p>","protected":false},"excerpt":{"rendered":"<p>Plotis: 200 cm<br \/>\nGylis: 62 cm<br \/>\n\u016agis: 214 cm<br \/>\nBald\u0173 spalva: Grafito<br \/>\nKoja: Panelin\u0117<\/p>","protected":false},"featured_media":174854,"comment_status":"open","ping_status":"open","template":"","meta":[],"product_brand":[],"product_cat":[9568,4635,1177],"product_tag":[],"class_list":{"0":"post-174853","1":"product","2":"type-product","3":"status-publish","4":"has-post-thumbnail","6":"product_cat-wardrobes-maja-piaski","7":"product_cat-piaski","8":"product_cat-wardrobes","10":"first","11":"instock","12":"purchasable","13":"product-type-simple"},"_links":{"self":[{"href":"https:\/\/baldumarket.lt\/lt\/wp-json\/wp\/v2\/product\/174853","targetHints":{"allow":["GET"]}}],"collection":[{"href":"https:\/\/baldumarket.lt\/lt\/wp-json\/wp\/v2\/product"}],"about":[{"href":"https:\/\/baldumarket.lt\/lt\/wp-json\/wp\/v2\/types\/product"}],"replies":[{"embeddable":true,"href":"https:\/\/baldumarket.lt\/lt\/wp-json\/wp\/v2\/comments?post=174853"}],"wp:featuredmedia":[{"embeddable":true,"href":"https:\/\/baldumarket.lt\/lt\/wp-json\/wp\/v2\/media\/174854"}],"wp:attachment":[{"href":"https:\/\/baldumarket.lt\/lt\/wp-json\/wp\/v2\/media?parent=174853"}],"wp:term":[{"taxonomy":"product_brand","embeddable":true,"href":"https:\/\/baldumarket.lt\/lt\/wp-json\/wp\/v2\/product_brand?post=174853"},{"taxonomy":"product_cat","embeddable":true,"href":"https:\/\/baldumarket.lt\/lt\/wp-json\/wp\/v2\/product_cat?post=174853"},{"taxonomy":"product_tag","embeddable":true,"href":"https:\/\/baldumarket.lt\/lt\/wp-json\/wp\/v2\/product_tag?post=174853"}],"curies":[{"name":"wp","href":"https:\/\/api.w.org\/{rel}","templated":true}]}}