{"id":174838,"date":"2025-12-20T12:45:01","date_gmt":"2025-12-20T09:45:01","guid":{"rendered":"https:\/\/baldumarket.lt\/product\/szafa-maja-1-alu-dwudrzwiowa-180-cm-przesuwna-polki-drazek-wieszakowy-lustro-biala\/"},"modified":"2026-02-12T12:40:39","modified_gmt":"2026-02-12T09:40:39","slug":"szafa-maja-1-alu-dwudrzwiowa-180-cm-przesuwna-polki-drazek-wieszakowy-lustro-biala","status":"publish","type":"product","link":"https:\/\/baldumarket.lt\/lt\/product\/szafa-maja-1-alu-dwudrzwiowa-180-cm-przesuwna-polki-drazek-wieszakowy-lustro-biala\/","title":{"rendered":"Maja 1 aliuminio spinta, dvidur\u0117, 180 cm, stumdomos, lentynos, pakaba, veidrodis, balta"},"content":{"rendered":"<p>Erdvi, 180 cm plo\u010dio, matin\u0117s baltos spalvos aliuminio spinta \u201eMaja 1\u201c puikiai dera prie beveik bet kokio stiliaus bald\u0173 \u0161iuolaikiniuose miegamuosiuose, svetain\u0117se ir koridoriuose. D\u0117l stumdom\u0173 dur\u0173 jai reikia minimalios vietos, kad b\u016bt\u0173 galima saugiai ir patogiai naudoti. Ji pasi\u017eymi dideliu i\u0161oriniu veidrod\u017eiu ir dekoratyvin\u0117mis aliuminio juostel\u0117mis kitoje priekyje. Komplekto viduje yra daug lentyn\u0173 drabu\u017eiams ir didel\u0117ms d\u0117\u017e\u0117ms, taip pat pakabinimo stovas ilgiems ir trumpiems drabu\u017eiams. Spinta pagaminta i\u0161 laminuotos bald\u0173 plok\u0161t\u0117s su matine balta apdaila, kuri pasi\u017eymi padidintu atsparumu \u012fbr\u0117\u017eimams. Baldai pristatomi paruo\u0161ti surinkimui, su furnit\u016bros komplektu ir ai\u0161kiomis instrukcijomis.<\/p>","protected":false},"excerpt":{"rendered":"<p>Plotis: 180 cm<br \/>\nGylis: 62 cm<br \/>\nAuk\u0161tis: 200 cm<br \/>\nBald\u0173 spalva: balta<br \/>\nKoja: Panelin\u0117<\/p>","protected":false},"featured_media":174839,"comment_status":"open","ping_status":"open","template":"","meta":[],"product_brand":[],"product_cat":[9568,4635,1177],"product_tag":[],"class_list":{"0":"post-174838","1":"product","2":"type-product","3":"status-publish","4":"has-post-thumbnail","6":"product_cat-wardrobes-maja-piaski","7":"product_cat-piaski","8":"product_cat-wardrobes","10":"first","11":"instock","12":"purchasable","13":"product-type-simple"},"_links":{"self":[{"href":"https:\/\/baldumarket.lt\/lt\/wp-json\/wp\/v2\/product\/174838","targetHints":{"allow":["GET"]}}],"collection":[{"href":"https:\/\/baldumarket.lt\/lt\/wp-json\/wp\/v2\/product"}],"about":[{"href":"https:\/\/baldumarket.lt\/lt\/wp-json\/wp\/v2\/types\/product"}],"replies":[{"embeddable":true,"href":"https:\/\/baldumarket.lt\/lt\/wp-json\/wp\/v2\/comments?post=174838"}],"wp:featuredmedia":[{"embeddable":true,"href":"https:\/\/baldumarket.lt\/lt\/wp-json\/wp\/v2\/media\/174839"}],"wp:attachment":[{"href":"https:\/\/baldumarket.lt\/lt\/wp-json\/wp\/v2\/media?parent=174838"}],"wp:term":[{"taxonomy":"product_brand","embeddable":true,"href":"https:\/\/baldumarket.lt\/lt\/wp-json\/wp\/v2\/product_brand?post=174838"},{"taxonomy":"product_cat","embeddable":true,"href":"https:\/\/baldumarket.lt\/lt\/wp-json\/wp\/v2\/product_cat?post=174838"},{"taxonomy":"product_tag","embeddable":true,"href":"https:\/\/baldumarket.lt\/lt\/wp-json\/wp\/v2\/product_tag?post=174838"}],"curies":[{"name":"wp","href":"https:\/\/api.w.org\/{rel}","templated":true}]}}