{"id":174833,"date":"2025-12-20T12:44:55","date_gmt":"2025-12-20T09:44:55","guid":{"rendered":"https:\/\/baldumarket.lt\/product\/szafa-alaska-dwudrzwiowa-200-cm-przesuwna-polki-drazek-wieszakowy-lustro-dab-sonoma\/"},"modified":"2026-02-12T10:53:48","modified_gmt":"2026-02-12T07:53:48","slug":"szafa-alaska-dwudrzwiowa-200-cm-przesuwna-polki-drazek-wieszakowy-lustro-dab-sonoma","status":"publish","type":"product","link":"https:\/\/baldumarket.lt\/lt\/product\/szafa-alaska-dwudrzwiowa-200-cm-przesuwna-polki-drazek-wieszakowy-lustro-dab-sonoma\/","title":{"rendered":"Alaska spinta, dviej\u0173 dur\u0173, 200 cm, stumdomos, lentynos, pakaba, veidrodis, Sonoma \u0105\u017euolas"},"content":{"rendered":"<p>200 cm plo\u010dio \u2019Alaska\u201c spinta, apdailinta Sonoma \u0105\u017euolo spalva, puikiai dera prie beveik bet kokio stiliaus bald\u0173 ir puikiai tinka \u0161iuolaikiniams miegamiesiems, svetain\u0117ms, svetain\u0117ms, koridoriams ir net paaugli\u0173 kambariams. D\u0117l stumdom\u0173 dur\u0173 jai reikia minimalios vietos montavimui, ji yra saugi ir patogi naudoti. Viename i\u0161 prieki\u0173 yra vienas veidrodis. Be akivaizd\u017eios funkcijos, veidrodis vizualiai padidina erdv\u0119, kurioje yra spinta. Viduje yra daug lentyn\u0173 drabu\u017eiams ir didel\u0117ms d\u0117\u017e\u0117ms, taip pat pakabinimo stovas ilgiems ir trumpiems drabu\u017eiams. Spinta pagaminta i\u0161 laminuotos Sonoma \u0105\u017euolo spalvos bald\u0173 plok\u0161t\u0117s, kuri pasi\u017eymi padidintu atsparumu \u012fbr\u0117\u017eimams. Baldai tiekiami supakuoti plok\u0161\u010diai, prie j\u0173 pridedamos ai\u0161kios instrukcijos ir furnit\u016bra. \u0160is baldas i\u0161siskiria savo stiliumi ir elegancija, derinama su dideliu funkcionalumu. Spinta taip pat gali b\u016bti matin\u0117s baltos spalvos.<\/p>","protected":false},"excerpt":{"rendered":"<p>Plotis: 200 cm<br \/>\nGylis: 62 cm<br \/>\n\u016agis: 214 cm<br \/>\nBald\u0173 spalva: Sonoma \u0105\u017euolas<br \/>\nKoja: Panel\u0117<\/p>","protected":false},"featured_media":174834,"comment_status":"open","ping_status":"open","template":"","meta":[],"product_brand":[],"product_cat":[9554,4635,1177],"product_tag":[],"class_list":{"0":"post-174833","1":"product","2":"type-product","3":"status-publish","4":"has-post-thumbnail","6":"product_cat-wardrobes-alaska-piaski","7":"product_cat-piaski","8":"product_cat-wardrobes","10":"first","11":"instock","12":"purchasable","13":"product-type-simple"},"_links":{"self":[{"href":"https:\/\/baldumarket.lt\/lt\/wp-json\/wp\/v2\/product\/174833","targetHints":{"allow":["GET"]}}],"collection":[{"href":"https:\/\/baldumarket.lt\/lt\/wp-json\/wp\/v2\/product"}],"about":[{"href":"https:\/\/baldumarket.lt\/lt\/wp-json\/wp\/v2\/types\/product"}],"replies":[{"embeddable":true,"href":"https:\/\/baldumarket.lt\/lt\/wp-json\/wp\/v2\/comments?post=174833"}],"wp:featuredmedia":[{"embeddable":true,"href":"https:\/\/baldumarket.lt\/lt\/wp-json\/wp\/v2\/media\/174834"}],"wp:attachment":[{"href":"https:\/\/baldumarket.lt\/lt\/wp-json\/wp\/v2\/media?parent=174833"}],"wp:term":[{"taxonomy":"product_brand","embeddable":true,"href":"https:\/\/baldumarket.lt\/lt\/wp-json\/wp\/v2\/product_brand?post=174833"},{"taxonomy":"product_cat","embeddable":true,"href":"https:\/\/baldumarket.lt\/lt\/wp-json\/wp\/v2\/product_cat?post=174833"},{"taxonomy":"product_tag","embeddable":true,"href":"https:\/\/baldumarket.lt\/lt\/wp-json\/wp\/v2\/product_tag?post=174833"}],"curies":[{"name":"wp","href":"https:\/\/api.w.org\/{rel}","templated":true}]}}