{"id":174828,"date":"2025-12-20T12:44:49","date_gmt":"2025-12-20T09:44:49","guid":{"rendered":"https:\/\/baldumarket.lt\/product\/szafa-alaska-dwudrzwiowa-200-cm-przesuwna-polki-drazek-wieszakowy-lustro-biala\/"},"modified":"2026-02-12T10:53:48","modified_gmt":"2026-02-12T07:53:48","slug":"szafa-alaska-dwudrzwiowa-200-cm-przesuwna-polki-drazek-wieszakowy-lustro-biala","status":"publish","type":"product","link":"https:\/\/baldumarket.lt\/lt\/product\/szafa-alaska-dwudrzwiowa-200-cm-przesuwna-polki-drazek-wieszakowy-lustro-biala\/","title":{"rendered":"Alaska spinta, dviej\u0173 dur\u0173, 200 cm, stumdoma, lentynos, pakaba, veidrodis, balta"},"content":{"rendered":"<p>Balta 200 cm plo\u010dio \u2019Alaska\u201c spinta puikiai dera prie beveik bet kokio stiliaus bald\u0173: moderni\u0173 miegam\u0173j\u0173, svetaini\u0173, prie\u0161kambario ir net paaugli\u0173 kambari\u0173. D\u0117l stumdom\u0173 dur\u0173 jai reikia minimalios vietos, kad b\u016bt\u0173 galima saugiai ir patogiai naudotis. Viename i\u0161 prieki\u0173 yra vienas didelis veidrodis. Be akivaizd\u017eios funkcijos, veidrodis vizualiai padidina erdv\u0119, kurioje yra spinta. Viduje yra lentynos drabu\u017eiams ir didel\u0117ms d\u0117\u017e\u0117ms, taip pat pakaba ilgiems ir trumpiems drabu\u017eiams. Spinta pagaminta i\u0161 laminuotos bald\u0173 plok\u0161t\u0117s su matine balta apdaila, kuri pasi\u017eymi padidintu atsparumu \u012fbr\u0117\u017eimams. Baldus reikia surinkti patiems, pridedamos ai\u0161kios instrukcijos ir furnit\u016bra. \u0160is baldas i\u0161siskiria savo stiliumi ir elegancija, derinama su dideliu funkcionalumu. Spinta taip pat galima \u012fsigyti Sonoma \u0105\u017euolo spalvos.<\/p>","protected":false},"excerpt":{"rendered":"<p>Plotis: 200 cm<br \/>\nGylis: 62 cm<br \/>\n\u016agis: 214 cm<br \/>\nBald\u0173 spalva: balta<br \/>\nKoja: Panelin\u0117<\/p>","protected":false},"featured_media":174829,"comment_status":"open","ping_status":"open","template":"","meta":[],"product_brand":[],"product_cat":[9554,4635,1177],"product_tag":[],"class_list":{"0":"post-174828","1":"product","2":"type-product","3":"status-publish","4":"has-post-thumbnail","6":"product_cat-wardrobes-alaska-piaski","7":"product_cat-piaski","8":"product_cat-wardrobes","10":"first","11":"instock","12":"purchasable","13":"product-type-simple"},"_links":{"self":[{"href":"https:\/\/baldumarket.lt\/lt\/wp-json\/wp\/v2\/product\/174828","targetHints":{"allow":["GET"]}}],"collection":[{"href":"https:\/\/baldumarket.lt\/lt\/wp-json\/wp\/v2\/product"}],"about":[{"href":"https:\/\/baldumarket.lt\/lt\/wp-json\/wp\/v2\/types\/product"}],"replies":[{"embeddable":true,"href":"https:\/\/baldumarket.lt\/lt\/wp-json\/wp\/v2\/comments?post=174828"}],"wp:featuredmedia":[{"embeddable":true,"href":"https:\/\/baldumarket.lt\/lt\/wp-json\/wp\/v2\/media\/174829"}],"wp:attachment":[{"href":"https:\/\/baldumarket.lt\/lt\/wp-json\/wp\/v2\/media?parent=174828"}],"wp:term":[{"taxonomy":"product_brand","embeddable":true,"href":"https:\/\/baldumarket.lt\/lt\/wp-json\/wp\/v2\/product_brand?post=174828"},{"taxonomy":"product_cat","embeddable":true,"href":"https:\/\/baldumarket.lt\/lt\/wp-json\/wp\/v2\/product_cat?post=174828"},{"taxonomy":"product_tag","embeddable":true,"href":"https:\/\/baldumarket.lt\/lt\/wp-json\/wp\/v2\/product_tag?post=174828"}],"curies":[{"name":"wp","href":"https:\/\/api.w.org\/{rel}","templated":true}]}}