{"id":174823,"date":"2025-12-20T12:44:42","date_gmt":"2025-12-20T09:44:42","guid":{"rendered":"https:\/\/baldumarket.lt\/product\/szafa-alaska-dwudrzwiowa-150-cm-przesuwna-polki-drazek-wieszakowy-dab-sonoma\/"},"modified":"2026-02-12T10:53:48","modified_gmt":"2026-02-12T07:53:48","slug":"szafa-alaska-dwudrzwiowa-150-cm-przesuwna-polki-drazek-wieszakowy-dab-sonoma","status":"publish","type":"product","link":"https:\/\/baldumarket.lt\/lt\/product\/szafa-alaska-dwudrzwiowa-150-cm-przesuwna-polki-drazek-wieszakowy-dab-sonoma\/","title":{"rendered":"Aliaskos spinta, dviej\u0173 dur\u0173, 150 cm, stumdoma, lentynos, pakaba, Sonoma \u0105\u017euolas"},"content":{"rendered":"<p>D\u0117l vidutinio dyd\u017eio \u201eAlaska 150\u201c spinta suteikia daug vietos daiktams ir didel\u0117ms d\u0117\u017e\u0117ms susid\u0117ti. Spintoje yra dvejos stumdomos durys, vienos i\u0161 j\u0173 \u2013 su dideliu veidrod\u017eiu. Komplekto viduje yra didel\u0117s ir ma\u017eos lentynos drabu\u017eiams, d\u0117\u017e\u0117ms ir smulkiems daiktams, taip pat pakaba ilgiems ir trumpiems drabu\u017eiams. Spinta apdailinta Sonoma \u0105\u017euolu ir pagaminta i\u0161 patvarios laminuotos bald\u0173 plok\u0161t\u0117s, kuri yra atsparesn\u0117 \u012fbr\u0117\u017eimams. Komplektas pristatomas supakuotas, kartu su lengvai suprantamomis surinkimo instrukcijomis ir furnit\u016bra.<\/p>","protected":false},"excerpt":{"rendered":"<p>Plotis: 150 cm<br \/>\nGylis: 62 cm<br \/>\nAuk\u0161tis: 200 cm<br \/>\nBald\u0173 spalva: Sonoma \u0105\u017euolas<br \/>\nKoja: Panel\u0117<\/p>","protected":false},"featured_media":174824,"comment_status":"open","ping_status":"open","template":"","meta":[],"product_brand":[],"product_cat":[9554,4635,1177],"product_tag":[],"class_list":{"0":"post-174823","1":"product","2":"type-product","3":"status-publish","4":"has-post-thumbnail","6":"product_cat-wardrobes-alaska-piaski","7":"product_cat-piaski","8":"product_cat-wardrobes","10":"first","11":"instock","12":"purchasable","13":"product-type-simple"},"_links":{"self":[{"href":"https:\/\/baldumarket.lt\/lt\/wp-json\/wp\/v2\/product\/174823","targetHints":{"allow":["GET"]}}],"collection":[{"href":"https:\/\/baldumarket.lt\/lt\/wp-json\/wp\/v2\/product"}],"about":[{"href":"https:\/\/baldumarket.lt\/lt\/wp-json\/wp\/v2\/types\/product"}],"replies":[{"embeddable":true,"href":"https:\/\/baldumarket.lt\/lt\/wp-json\/wp\/v2\/comments?post=174823"}],"wp:featuredmedia":[{"embeddable":true,"href":"https:\/\/baldumarket.lt\/lt\/wp-json\/wp\/v2\/media\/174824"}],"wp:attachment":[{"href":"https:\/\/baldumarket.lt\/lt\/wp-json\/wp\/v2\/media?parent=174823"}],"wp:term":[{"taxonomy":"product_brand","embeddable":true,"href":"https:\/\/baldumarket.lt\/lt\/wp-json\/wp\/v2\/product_brand?post=174823"},{"taxonomy":"product_cat","embeddable":true,"href":"https:\/\/baldumarket.lt\/lt\/wp-json\/wp\/v2\/product_cat?post=174823"},{"taxonomy":"product_tag","embeddable":true,"href":"https:\/\/baldumarket.lt\/lt\/wp-json\/wp\/v2\/product_tag?post=174823"}],"curies":[{"name":"wp","href":"https:\/\/api.w.org\/{rel}","templated":true}]}}