{"id":174815,"date":"2025-12-20T12:44:32","date_gmt":"2025-12-20T09:44:32","guid":{"rendered":"https:\/\/baldumarket.lt\/product\/stolik-kawowy-lawa-willow-l104-polka-szuflady-dab-artisan-czarny\/"},"modified":"2026-04-05T02:17:24","modified_gmt":"2026-04-04T23:17:24","slug":"stolik-kawowy-lawa-willow-l104-polka-szuflady-dab-artisan-czarny","status":"publish","type":"product","link":"https:\/\/baldumarket.lt\/lt\/product\/stolik-kawowy-lawa-willow-l104-polka-szuflady-dab-artisan-czarny\/","title":{"rendered":"Gluosnis L104 kavos staliukas, suolas, lentyna, stal\u010diai, Artisan Oak\/Black"},"content":{"rendered":"<p>\u201eWillow L104 Artisan Oak\/Black\u201c kavos staliukas\/sofa pagamintas i\u0161 laminuotos bald\u0173 plok\u0161t\u0117s, kuri yra labai atspari \u012fbr\u0117\u017eimams ir lengvai valoma. Komplekte yra du prakti\u0161ki stal\u010diai ir erdvi lentyna po stalvir\u0161iu. Baldai pristatomi supakuoti ir yra to paties pavadinimo komplekto dalis. Komplekte yra tekst\u016bruoti, grioveliais dekoruoti stal\u010di\u0173 fasadai ir auk\u0161tos (20 cm) medin\u0117s kojel\u0117s.<\/p>","protected":false},"excerpt":{"rendered":"<p>Plotis: 104 cm<br \/>\nGylis: 68 cm<br \/>\nAuk\u0161tis: 48 cm<br \/>\nBald\u0173 spalva: Artisan \u0105\u017euolas \/ juoda<br \/>\nStalvir\u0161is: laminuota bald\u0173 plok\u0161t\u0117<\/p>","protected":false},"featured_media":174816,"comment_status":"open","ping_status":"open","template":"","meta":[],"product_brand":[],"product_cat":[9556,866,4635],"product_tag":[],"class_list":{"0":"post-174815","1":"product","2":"type-product","3":"status-publish","4":"has-post-thumbnail","6":"product_cat-furniture-system-willow-piaski","7":"product_cat-coffee-tables","8":"product_cat-piaski","10":"first","11":"instock","12":"purchasable","13":"product-type-simple"},"_links":{"self":[{"href":"https:\/\/baldumarket.lt\/lt\/wp-json\/wp\/v2\/product\/174815","targetHints":{"allow":["GET"]}}],"collection":[{"href":"https:\/\/baldumarket.lt\/lt\/wp-json\/wp\/v2\/product"}],"about":[{"href":"https:\/\/baldumarket.lt\/lt\/wp-json\/wp\/v2\/types\/product"}],"replies":[{"embeddable":true,"href":"https:\/\/baldumarket.lt\/lt\/wp-json\/wp\/v2\/comments?post=174815"}],"wp:featuredmedia":[{"embeddable":true,"href":"https:\/\/baldumarket.lt\/lt\/wp-json\/wp\/v2\/media\/174816"}],"wp:attachment":[{"href":"https:\/\/baldumarket.lt\/lt\/wp-json\/wp\/v2\/media?parent=174815"}],"wp:term":[{"taxonomy":"product_brand","embeddable":true,"href":"https:\/\/baldumarket.lt\/lt\/wp-json\/wp\/v2\/product_brand?post=174815"},{"taxonomy":"product_cat","embeddable":true,"href":"https:\/\/baldumarket.lt\/lt\/wp-json\/wp\/v2\/product_cat?post=174815"},{"taxonomy":"product_tag","embeddable":true,"href":"https:\/\/baldumarket.lt\/lt\/wp-json\/wp\/v2\/product_tag?post=174815"}],"curies":[{"name":"wp","href":"https:\/\/api.w.org\/{rel}","templated":true}]}}