{"id":174809,"date":"2025-12-20T12:44:25","date_gmt":"2025-12-20T09:44:25","guid":{"rendered":"https:\/\/baldumarket.lt\/product\/stolik-kawowy-lawa-sky-l103-polka-dab-riviera\/"},"modified":"2026-04-05T02:44:15","modified_gmt":"2026-04-04T23:44:15","slug":"stolik-kawowy-lawa-sky-l103-polka-dab-riviera","status":"publish","type":"product","link":"https:\/\/baldumarket.lt\/lt\/product\/stolik-kawowy-lawa-sky-l103-polka-dab-riviera\/","title":{"rendered":"Kavos staliukas, Sky L103 kavos staliukas, lentyna, Riviera Oak"},"content":{"rendered":"<p>\u201eSky L103\u201c kavos staliukas su prakti\u0161ka lentyna po stalvir\u0161iu pagamintas i\u0161 laminuotos bald\u0173 plok\u0161t\u0117s, kuri pasi\u017eymi padidintu atsparumu \u012fbr\u0117\u017eimams ir kar\u0161\u010diui iki 100 laipsni\u0173 Celsijaus, padengtos \u201eRiviera Oak\u201c spalva. Staliukas pristatomas supakuotas su ai\u0161kiomis surinkimo instrukcijomis. Sukurtas \u0161iuolaikiniam, moderniam interjerui, \u0161is kavos staliukas taip pat galimas su \u201eCountry Gray\u201c apdaila.<\/p>","protected":false},"excerpt":{"rendered":"<p>Plotis: 103 cm<br \/>\nGylis: 63 cm<br \/>\nAuk\u0161tis: 38 cm<br \/>\nBald\u0173 spalva: Riviera Oak<br \/>\nStalvir\u0161is: laminuota bald\u0173 plok\u0161t\u0117<\/p>","protected":false},"featured_media":174810,"comment_status":"open","ping_status":"open","template":"","meta":[],"product_brand":[],"product_cat":[9550,866,4635],"product_tag":[],"class_list":{"0":"post-174809","1":"product","2":"type-product","3":"status-publish","4":"has-post-thumbnail","6":"product_cat-furniture-system-sky-piaski","7":"product_cat-coffee-tables","8":"product_cat-piaski","10":"first","11":"instock","12":"purchasable","13":"product-type-simple"},"_links":{"self":[{"href":"https:\/\/baldumarket.lt\/lt\/wp-json\/wp\/v2\/product\/174809","targetHints":{"allow":["GET"]}}],"collection":[{"href":"https:\/\/baldumarket.lt\/lt\/wp-json\/wp\/v2\/product"}],"about":[{"href":"https:\/\/baldumarket.lt\/lt\/wp-json\/wp\/v2\/types\/product"}],"replies":[{"embeddable":true,"href":"https:\/\/baldumarket.lt\/lt\/wp-json\/wp\/v2\/comments?post=174809"}],"wp:featuredmedia":[{"embeddable":true,"href":"https:\/\/baldumarket.lt\/lt\/wp-json\/wp\/v2\/media\/174810"}],"wp:attachment":[{"href":"https:\/\/baldumarket.lt\/lt\/wp-json\/wp\/v2\/media?parent=174809"}],"wp:term":[{"taxonomy":"product_brand","embeddable":true,"href":"https:\/\/baldumarket.lt\/lt\/wp-json\/wp\/v2\/product_brand?post=174809"},{"taxonomy":"product_cat","embeddable":true,"href":"https:\/\/baldumarket.lt\/lt\/wp-json\/wp\/v2\/product_cat?post=174809"},{"taxonomy":"product_tag","embeddable":true,"href":"https:\/\/baldumarket.lt\/lt\/wp-json\/wp\/v2\/product_tag?post=174809"}],"curies":[{"name":"wp","href":"https:\/\/api.w.org\/{rel}","templated":true}]}}