{"id":174801,"date":"2025-12-20T12:44:15","date_gmt":"2025-12-20T09:44:15","guid":{"rendered":"https:\/\/baldumarket.lt\/product\/stolik-kawowy-lawa-primo-pl107-polka-szuflady-dab-riviera-bialy\/"},"modified":"2026-04-05T15:16:29","modified_gmt":"2026-04-05T12:16:29","slug":"stolik-kawowy-lawa-primo-pl107-polka-szuflady-dab-riviera-bialy","status":"publish","type":"product","link":"https:\/\/baldumarket.lt\/lt\/product\/stolik-kawowy-lawa-primo-pl107-polka-szuflady-dab-riviera-bialy\/","title":{"rendered":"Kavos staliukas, Primo PL107 kavos staliukas, lentyna, stal\u010diai, Riviera Oak\/White"},"content":{"rendered":"<p>\u201ePrimo PL107\u201c kavos staliukas su dviem stal\u010diais ir erdvia lentyna po stalvir\u0161iu pagamintas i\u0161 laminuotos bald\u0173 plok\u0161t\u0117s, kuri pasi\u017eymi padidintu atsparumu \u012fbr\u0117\u017eimams ir kar\u0161\u010diui iki 100 laipsni\u0173 Celsijaus, padengta \u201eRiviera Oak\u201c apdaila. Apatin\u0117 dalis turi auk\u0161tas (20 cm) medines kojeles. Staliukas pristatomas supakuotas su lengvai suprantamomis surinkimo instrukcijomis. \u0160is proginis staliukas buvo sukurtas galvojant apie \u0161iuolaiki\u0161k\u0105, modern\u0173 interjer\u0105.<\/p>","protected":false},"excerpt":{"rendered":"<p>Plotis: 107 cm<br \/>\nGylis: 67 cm<br \/>\nAuk\u0161tis: 46 cm<br \/>\nBald\u0173 spalva: Riviera Oak\/White<br \/>\nStalvir\u0161is: laminuota bald\u0173 plok\u0161t\u0117<\/p>","protected":false},"featured_media":174802,"comment_status":"open","ping_status":"open","template":"","meta":[],"product_brand":[],"product_cat":[9565,866,4635],"product_tag":[],"class_list":{"0":"post-174801","1":"product","2":"type-product","3":"status-publish","4":"has-post-thumbnail","6":"product_cat-furniture-system-primo-piaski","7":"product_cat-coffee-tables","8":"product_cat-piaski","10":"first","11":"instock","12":"purchasable","13":"product-type-simple"},"_links":{"self":[{"href":"https:\/\/baldumarket.lt\/lt\/wp-json\/wp\/v2\/product\/174801","targetHints":{"allow":["GET"]}}],"collection":[{"href":"https:\/\/baldumarket.lt\/lt\/wp-json\/wp\/v2\/product"}],"about":[{"href":"https:\/\/baldumarket.lt\/lt\/wp-json\/wp\/v2\/types\/product"}],"replies":[{"embeddable":true,"href":"https:\/\/baldumarket.lt\/lt\/wp-json\/wp\/v2\/comments?post=174801"}],"wp:featuredmedia":[{"embeddable":true,"href":"https:\/\/baldumarket.lt\/lt\/wp-json\/wp\/v2\/media\/174802"}],"wp:attachment":[{"href":"https:\/\/baldumarket.lt\/lt\/wp-json\/wp\/v2\/media?parent=174801"}],"wp:term":[{"taxonomy":"product_brand","embeddable":true,"href":"https:\/\/baldumarket.lt\/lt\/wp-json\/wp\/v2\/product_brand?post=174801"},{"taxonomy":"product_cat","embeddable":true,"href":"https:\/\/baldumarket.lt\/lt\/wp-json\/wp\/v2\/product_cat?post=174801"},{"taxonomy":"product_tag","embeddable":true,"href":"https:\/\/baldumarket.lt\/lt\/wp-json\/wp\/v2\/product_tag?post=174801"}],"curies":[{"name":"wp","href":"https:\/\/api.w.org\/{rel}","templated":true}]}}