{"id":174785,"date":"2025-12-20T12:43:56","date_gmt":"2025-12-20T09:43:56","guid":{"rendered":"https:\/\/baldumarket.lt\/product\/stolik-kawowy-lawa-nova-l104-polka-szuflada-szary-czarna-rama\/"},"modified":"2026-04-05T15:33:44","modified_gmt":"2026-04-05T12:33:44","slug":"stolik-kawowy-lawa-nova-l104-polka-szuflada-szary-czarna-rama","status":"publish","type":"product","link":"https:\/\/baldumarket.lt\/lt\/product\/stolik-kawowy-lawa-nova-l104-polka-szuflada-szary-czarna-rama\/","title":{"rendered":"Nova L104 kavos staliukas, suoliukas, lentyna, stal\u010dius, pilkas\/juodas r\u0117mas"},"content":{"rendered":"<p>\u201eNova L104\u201c kavos staliukas pagamintas i\u0161 pilkos laminuotos bald\u0173 plok\u0161t\u0117s, kuri pasi\u017eymi padidintu atsparumu \u012fbr\u0117\u017eimams ir kar\u0161\u010diui iki 100 \u00b0C. Apatin\u0117je dalyje yra auk\u0161tos (20 cm) juodos metalin\u0117s kojel\u0117s, sujungtos su tvirtu ir stabiliu r\u0117mu. Gra\u017ei auksin\u0117 rankena puo\u0161ia grioveliais i\u0161rai\u017eyt\u0173 stal\u010di\u0173 priek\u012f, suteikianti visam baldui presti\u017eo ir elegancijos. Kavos staliuk\u0105 reikia surinkti, o prie jo pridedamos ai\u0161kios instrukcijos. \u0160is staliukas, sukurtas \u0161iuolaiki\u0161kam, moderniam interjerui, taip pat gali b\u016bti su auksiniu r\u0117mu ir kojel\u0117mis.<\/p>","protected":false},"excerpt":{"rendered":"<p>Plotis: 104 cm<br \/>\nGylis: 68 cm<br \/>\nAuk\u0161tis: 46 cm<br \/>\nBald\u0173 spalva: pilka\/juoda<br \/>\nStalvir\u0161is: laminuota bald\u0173 plok\u0161t\u0117<\/p>","protected":false},"featured_media":174786,"comment_status":"open","ping_status":"open","template":"","meta":[],"product_brand":[],"product_cat":[9567,866,4635],"product_tag":[],"class_list":{"0":"post-174785","1":"product","2":"type-product","3":"status-publish","4":"has-post-thumbnail","6":"product_cat-furniture-system-nova-piaski","7":"product_cat-coffee-tables","8":"product_cat-piaski","10":"first","11":"instock","12":"purchasable","13":"product-type-simple"},"_links":{"self":[{"href":"https:\/\/baldumarket.lt\/lt\/wp-json\/wp\/v2\/product\/174785","targetHints":{"allow":["GET"]}}],"collection":[{"href":"https:\/\/baldumarket.lt\/lt\/wp-json\/wp\/v2\/product"}],"about":[{"href":"https:\/\/baldumarket.lt\/lt\/wp-json\/wp\/v2\/types\/product"}],"replies":[{"embeddable":true,"href":"https:\/\/baldumarket.lt\/lt\/wp-json\/wp\/v2\/comments?post=174785"}],"wp:featuredmedia":[{"embeddable":true,"href":"https:\/\/baldumarket.lt\/lt\/wp-json\/wp\/v2\/media\/174786"}],"wp:attachment":[{"href":"https:\/\/baldumarket.lt\/lt\/wp-json\/wp\/v2\/media?parent=174785"}],"wp:term":[{"taxonomy":"product_brand","embeddable":true,"href":"https:\/\/baldumarket.lt\/lt\/wp-json\/wp\/v2\/product_brand?post=174785"},{"taxonomy":"product_cat","embeddable":true,"href":"https:\/\/baldumarket.lt\/lt\/wp-json\/wp\/v2\/product_cat?post=174785"},{"taxonomy":"product_tag","embeddable":true,"href":"https:\/\/baldumarket.lt\/lt\/wp-json\/wp\/v2\/product_tag?post=174785"}],"curies":[{"name":"wp","href":"https:\/\/api.w.org\/{rel}","templated":true}]}}