{"id":174777,"date":"2025-12-20T12:43:47","date_gmt":"2025-12-20T09:43:47","guid":{"rendered":"https:\/\/baldumarket.lt\/product\/stolik-kawowy-lawa-nova-l104-polka-szuflada-czarny-zlota-rama\/"},"modified":"2026-04-05T15:33:35","modified_gmt":"2026-04-05T12:33:35","slug":"stolik-kawowy-lawa-nova-l104-polka-szuflada-czarny-zlota-rama","status":"publish","type":"product","link":"https:\/\/baldumarket.lt\/lt\/product\/stolik-kawowy-lawa-nova-l104-polka-szuflada-czarny-zlota-rama\/","title":{"rendered":"Nova L104 kavos staliukas, suoliukas, lentyna, stal\u010dius, juodas\/auksinis r\u0117mas"},"content":{"rendered":"<p>Patrauklus ir modernus kavos staliukas \u201eNova L104\u201c pagamintas i\u0161 juodos laminuotos bald\u0173 plok\u0161t\u0117s, kuriai b\u016bdingas padidintas atsparumas \u012fbr\u0117\u017eimams ir kar\u0161\u010diui iki 100 laipsni\u0173 Celsijaus. Apatin\u0117je dalyje yra auk\u0161tos (20 cm) auksin\u0117s metalin\u0117s kojel\u0117s, sujungtos su tvirtu ir stabiliu r\u0117mu. Grioveliais i\u0161rai\u017eyt\u0173 stal\u010di\u0173 priekin\u0119 dal\u012f puo\u0161ia gra\u017ei auksin\u0117 rankena. Staliukas turi b\u016bti surinktas, pridedamos ai\u0161kios instrukcijos. \u0160is kavos staliukas buvo sukurtas atsi\u017evelgiant \u012f \u0161iuolaiki\u0161k\u0105, modern\u0173 interjer\u0105 ir taip pat galima \u012fsigyti su juodu pagrindu.<\/p>","protected":false},"excerpt":{"rendered":"<p>Plotis: 104 cm<br \/>\nGylis: 68 cm<br \/>\nAuk\u0161tis: 46 cm<br \/>\nBald\u0173 spalva: juoda\/auksin\u0117<br \/>\nStalvir\u0161is: laminuota bald\u0173 plok\u0161t\u0117<\/p>","protected":false},"featured_media":174778,"comment_status":"open","ping_status":"open","template":"","meta":[],"product_brand":[],"product_cat":[9567,866,4635],"product_tag":[],"class_list":{"0":"post-174777","1":"product","2":"type-product","3":"status-publish","4":"has-post-thumbnail","6":"product_cat-furniture-system-nova-piaski","7":"product_cat-coffee-tables","8":"product_cat-piaski","10":"first","11":"instock","12":"purchasable","13":"product-type-simple"},"_links":{"self":[{"href":"https:\/\/baldumarket.lt\/lt\/wp-json\/wp\/v2\/product\/174777","targetHints":{"allow":["GET"]}}],"collection":[{"href":"https:\/\/baldumarket.lt\/lt\/wp-json\/wp\/v2\/product"}],"about":[{"href":"https:\/\/baldumarket.lt\/lt\/wp-json\/wp\/v2\/types\/product"}],"replies":[{"embeddable":true,"href":"https:\/\/baldumarket.lt\/lt\/wp-json\/wp\/v2\/comments?post=174777"}],"wp:featuredmedia":[{"embeddable":true,"href":"https:\/\/baldumarket.lt\/lt\/wp-json\/wp\/v2\/media\/174778"}],"wp:attachment":[{"href":"https:\/\/baldumarket.lt\/lt\/wp-json\/wp\/v2\/media?parent=174777"}],"wp:term":[{"taxonomy":"product_brand","embeddable":true,"href":"https:\/\/baldumarket.lt\/lt\/wp-json\/wp\/v2\/product_brand?post=174777"},{"taxonomy":"product_cat","embeddable":true,"href":"https:\/\/baldumarket.lt\/lt\/wp-json\/wp\/v2\/product_cat?post=174777"},{"taxonomy":"product_tag","embeddable":true,"href":"https:\/\/baldumarket.lt\/lt\/wp-json\/wp\/v2\/product_tag?post=174777"}],"curies":[{"name":"wp","href":"https:\/\/api.w.org\/{rel}","templated":true}]}}