{"id":174737,"date":"2025-12-20T12:43:01","date_gmt":"2025-12-20T09:43:01","guid":{"rendered":"https:\/\/baldumarket.lt\/product\/stolik-kawowy-lawa-nordi-nl107-polka-szuflady-bialy-dab-riviera\/"},"modified":"2026-04-05T16:08:27","modified_gmt":"2026-04-05T13:08:27","slug":"stolik-kawowy-lawa-nordi-nl107-polka-szuflady-bialy-dab-riviera","status":"publish","type":"product","link":"https:\/\/baldumarket.lt\/lt\/product\/stolik-kawowy-lawa-nordi-nl107-polka-szuflady-bialy-dab-riviera\/","title":{"rendered":"Nordi NL107 kavos staliukas, suolas, lentyna, stal\u010diai, balta\/Rivjeros \u0105\u017euolas"},"content":{"rendered":"<p>\u201eNordi NL107\u201c kavos staliukas ir \u0161oninis staliukas su dviem stal\u010diais ir \u012fduba po stalvir\u0161iu pagamintas i\u0161 baltos laminuotos bald\u0173 plok\u0161t\u0117s, kuri pasi\u017eymi padidintu atsparumu \u012fbr\u0117\u017eimams ir kar\u0161\u010diui iki 100 \u00b0C. Apatin\u0117 dalis turi auk\u0161tas, 20 cm medines kojeles i\u0161 \u201eRiviera Oak\u201c spalvos. Stalas pristatomas supakuotas su lengvai suprantamomis surinkimo instrukcijomis. Sukurtas \u0161iuolaiki\u0161kam, moderniam interjerui, \u0161is \u0161oninis staliukas taip pat galimas \u201eArtisan Oak\u201c \/ juodos spalvos.<\/p>","protected":false},"excerpt":{"rendered":"<p>Plotis: 107 cm<br \/>\nGylis: 67 cm<br \/>\nAuk\u0161tis: 46 cm<br \/>\nBald\u0173 spalva: balta \/ Riviera Oak \/ blizgi balta<br \/>\nStalvir\u0161is: laminuota bald\u0173 plok\u0161t\u0117<\/p>","protected":false},"featured_media":174738,"comment_status":"open","ping_status":"open","template":"","meta":[],"product_brand":[],"product_cat":[9572,866,9115,4635],"product_tag":[],"class_list":{"0":"post-174737","1":"product","2":"type-product","3":"status-publish","4":"has-post-thumbnail","6":"product_cat-furniture-system-nordi-piaski","7":"product_cat-coffee-tables","8":"product_cat-nordi","9":"product_cat-piaski","11":"first","12":"instock","13":"purchasable","14":"product-type-simple"},"_links":{"self":[{"href":"https:\/\/baldumarket.lt\/lt\/wp-json\/wp\/v2\/product\/174737","targetHints":{"allow":["GET"]}}],"collection":[{"href":"https:\/\/baldumarket.lt\/lt\/wp-json\/wp\/v2\/product"}],"about":[{"href":"https:\/\/baldumarket.lt\/lt\/wp-json\/wp\/v2\/types\/product"}],"replies":[{"embeddable":true,"href":"https:\/\/baldumarket.lt\/lt\/wp-json\/wp\/v2\/comments?post=174737"}],"wp:featuredmedia":[{"embeddable":true,"href":"https:\/\/baldumarket.lt\/lt\/wp-json\/wp\/v2\/media\/174738"}],"wp:attachment":[{"href":"https:\/\/baldumarket.lt\/lt\/wp-json\/wp\/v2\/media?parent=174737"}],"wp:term":[{"taxonomy":"product_brand","embeddable":true,"href":"https:\/\/baldumarket.lt\/lt\/wp-json\/wp\/v2\/product_brand?post=174737"},{"taxonomy":"product_cat","embeddable":true,"href":"https:\/\/baldumarket.lt\/lt\/wp-json\/wp\/v2\/product_cat?post=174737"},{"taxonomy":"product_tag","embeddable":true,"href":"https:\/\/baldumarket.lt\/lt\/wp-json\/wp\/v2\/product_tag?post=174737"}],"curies":[{"name":"wp","href":"https:\/\/api.w.org\/{rel}","templated":true}]}}