{"id":174721,"date":"2025-12-20T12:42:43","date_gmt":"2025-12-20T09:42:43","guid":{"rendered":"https:\/\/baldumarket.lt\/product\/stolik-kawowy-lawa-mono-ml104-polka-szuflada-granatowy-czarna-rama\/"},"modified":"2026-04-05T15:33:35","modified_gmt":"2026-04-05T12:33:35","slug":"stolik-kawowy-lawa-mono-ml104-polka-szuflada-granatowy-czarna-rama","status":"publish","type":"product","link":"https:\/\/baldumarket.lt\/lt\/product\/stolik-kawowy-lawa-mono-ml104-polka-szuflada-granatowy-czarna-rama\/","title":{"rendered":"Kavos staliukas, suolas Mono ML104, lentyna, stal\u010dius, tamsiai m\u0117lynas\/juodas r\u0117mas"},"content":{"rendered":"<p>Sta\u010diakampis \u201eMono ML104\u201c kavos staliukas pagamintas i\u0161 laminuotos bald\u0173 plok\u0161t\u0117s, kuri yra labai atspari \u012fbr\u0117\u017eimams ir kar\u0161\u010diui iki 100 \u00b0C. Apatin\u0117je dalyje yra auk\u0161tos (18 cm) juodos metalin\u0117s kojel\u0117s, sujungtos su tvirtu r\u0117mu. Stalas yra platesn\u0117s to paties pavadinimo bald\u0173 kolekcijos dalis. Reikalingas surinkimas, pridedamos ai\u0161kios instrukcijos. Stalas taip pat gali b\u016bti su auksiniu pagrindu ir puikiai papildys \u0161iuolaikin\u012f svetain\u0117s ar poilsio kambario interjer\u0105.<\/p>","protected":false},"excerpt":{"rendered":"<p>Plotis: 104 cm<br \/>\nGylis: 68 cm<br \/>\nAuk\u0161tis: 46 cm<br \/>\nBald\u0173 spalva: Grafito\/juoda<br \/>\nStalvir\u0161is: laminuota bald\u0173 plok\u0161t\u0117<\/p>","protected":false},"featured_media":174722,"comment_status":"open","ping_status":"open","template":"","meta":[],"product_brand":[],"product_cat":[9566,866,4635],"product_tag":[],"class_list":{"0":"post-174721","1":"product","2":"type-product","3":"status-publish","4":"has-post-thumbnail","6":"product_cat-furniture-system-mono-piaski","7":"product_cat-coffee-tables","8":"product_cat-piaski","10":"first","11":"instock","12":"purchasable","13":"product-type-simple"},"_links":{"self":[{"href":"https:\/\/baldumarket.lt\/lt\/wp-json\/wp\/v2\/product\/174721","targetHints":{"allow":["GET"]}}],"collection":[{"href":"https:\/\/baldumarket.lt\/lt\/wp-json\/wp\/v2\/product"}],"about":[{"href":"https:\/\/baldumarket.lt\/lt\/wp-json\/wp\/v2\/types\/product"}],"replies":[{"embeddable":true,"href":"https:\/\/baldumarket.lt\/lt\/wp-json\/wp\/v2\/comments?post=174721"}],"wp:featuredmedia":[{"embeddable":true,"href":"https:\/\/baldumarket.lt\/lt\/wp-json\/wp\/v2\/media\/174722"}],"wp:attachment":[{"href":"https:\/\/baldumarket.lt\/lt\/wp-json\/wp\/v2\/media?parent=174721"}],"wp:term":[{"taxonomy":"product_brand","embeddable":true,"href":"https:\/\/baldumarket.lt\/lt\/wp-json\/wp\/v2\/product_brand?post=174721"},{"taxonomy":"product_cat","embeddable":true,"href":"https:\/\/baldumarket.lt\/lt\/wp-json\/wp\/v2\/product_cat?post=174721"},{"taxonomy":"product_tag","embeddable":true,"href":"https:\/\/baldumarket.lt\/lt\/wp-json\/wp\/v2\/product_tag?post=174721"}],"curies":[{"name":"wp","href":"https:\/\/api.w.org\/{rel}","templated":true}]}}