{"id":174713,"date":"2025-12-20T12:42:33","date_gmt":"2025-12-20T09:42:33","guid":{"rendered":"https:\/\/baldumarket.lt\/product\/stolik-kawowy-lawa-mono-ml104-polka-szuflada-bez-piaskowy-zlota-rama\/"},"modified":"2026-04-05T15:33:35","modified_gmt":"2026-04-05T12:33:35","slug":"stolik-kawowy-lawa-mono-ml104-polka-szuflada-bez-piaskowy-zlota-rama","status":"publish","type":"product","link":"https:\/\/baldumarket.lt\/lt\/product\/stolik-kawowy-lawa-mono-ml104-polka-szuflada-bez-piaskowy-zlota-rama\/","title":{"rendered":"Kavos staliukas, suolas Mono ML104, lentyna, stal\u010dius, sm\u0117lio spalvos\/auksinis r\u0117mas"},"content":{"rendered":"<p>Modernus ir dizainerio kurtas \u201eMono ML104\u201c kavos staliukas pagamintas i\u0161 laminuotos bald\u0173 plok\u0161t\u0117s, kuriai b\u016bdingas padidintas atsparumas \u012fbr\u0117\u017eimams ir kar\u0161\u010diui iki 100 \u00b0C. Apatin\u0117je dalyje yra auk\u0161tos (18 cm) auksin\u0117s metalin\u0117s kojel\u0117s, sujungtos su tvirtu r\u0117mu. Komplekto korpusas yra sm\u0117lio spalvos. Staliukas yra platesn\u0117s to paties pavadinimo bald\u0173 programos dalis. J\u012f reikia surinkti, pridedamos ai\u0161kios instrukcijos. Staliuk\u0105 taip pat galima \u012fsigyti su juodu r\u0117mu ir kojomis.<\/p>","protected":false},"excerpt":{"rendered":"<p>Plotis: 104 cm<br \/>\nGylis: 68 cm<br \/>\nAuk\u0161tis: 46 cm<br \/>\nBald\u0173 spalva: sm\u0117lio\/auksin\u0117<br \/>\nStalvir\u0161is: laminuota bald\u0173 plok\u0161t\u0117<\/p>","protected":false},"featured_media":174714,"comment_status":"open","ping_status":"open","template":"","meta":[],"product_brand":[],"product_cat":[9566,866,4635],"product_tag":[],"class_list":{"0":"post-174713","1":"product","2":"type-product","3":"status-publish","4":"has-post-thumbnail","6":"product_cat-furniture-system-mono-piaski","7":"product_cat-coffee-tables","8":"product_cat-piaski","10":"first","11":"instock","12":"purchasable","13":"product-type-simple"},"_links":{"self":[{"href":"https:\/\/baldumarket.lt\/lt\/wp-json\/wp\/v2\/product\/174713","targetHints":{"allow":["GET"]}}],"collection":[{"href":"https:\/\/baldumarket.lt\/lt\/wp-json\/wp\/v2\/product"}],"about":[{"href":"https:\/\/baldumarket.lt\/lt\/wp-json\/wp\/v2\/types\/product"}],"replies":[{"embeddable":true,"href":"https:\/\/baldumarket.lt\/lt\/wp-json\/wp\/v2\/comments?post=174713"}],"wp:featuredmedia":[{"embeddable":true,"href":"https:\/\/baldumarket.lt\/lt\/wp-json\/wp\/v2\/media\/174714"}],"wp:attachment":[{"href":"https:\/\/baldumarket.lt\/lt\/wp-json\/wp\/v2\/media?parent=174713"}],"wp:term":[{"taxonomy":"product_brand","embeddable":true,"href":"https:\/\/baldumarket.lt\/lt\/wp-json\/wp\/v2\/product_brand?post=174713"},{"taxonomy":"product_cat","embeddable":true,"href":"https:\/\/baldumarket.lt\/lt\/wp-json\/wp\/v2\/product_cat?post=174713"},{"taxonomy":"product_tag","embeddable":true,"href":"https:\/\/baldumarket.lt\/lt\/wp-json\/wp\/v2\/product_tag?post=174713"}],"curies":[{"name":"wp","href":"https:\/\/api.w.org\/{rel}","templated":true}]}}