{"id":174705,"date":"2025-12-20T12:42:24","date_gmt":"2025-12-20T09:42:24","guid":{"rendered":"https:\/\/baldumarket.lt\/product\/stolik-kawowy-lawa-mono-ml104-polka-szuflada-bez-piaskowy-czarna-rama\/"},"modified":"2026-04-05T15:33:35","modified_gmt":"2026-04-05T12:33:35","slug":"stolik-kawowy-lawa-mono-ml104-polka-szuflada-bez-piaskowy-czarna-rama","status":"publish","type":"product","link":"https:\/\/baldumarket.lt\/lt\/product\/stolik-kawowy-lawa-mono-ml104-polka-szuflada-bez-piaskowy-czarna-rama\/","title":{"rendered":"Kavos staliukas, suolas Mono ML104, lentyna, stal\u010dius, sm\u0117lio spalvos\/juodas r\u0117mas"},"content":{"rendered":"<p>Dizainerio \u201eMono ML104\u201c kavos staliukas pagamintas i\u0161 laminuotos bald\u0173 plok\u0161t\u0117s, kuri yra labai atspari \u012fbr\u0117\u017eimams ir kar\u0161\u010diui iki 100 \u00b0C. Apatin\u0117 dalis turi auk\u0161tas (18 cm) juodas metalines kojeles, sujungtas su tvirtu r\u0117mu. Stalo korpusas yra sm\u0117lio spalvos. Stalas yra platesn\u0117s to paties pavadinimo bald\u0173 kolekcijos dalis. Reikalingas surinkimas, pridedamos ai\u0161kios instrukcijos. Stalas taip pat gali b\u016bti su auksiniu pagrindu ir kojel\u0117mis.<\/p>","protected":false},"excerpt":{"rendered":"<p>Plotis: 104 cm<br \/>\nGylis: 68 cm<br \/>\nAuk\u0161tis: 46 cm<br \/>\nBald\u0173 spalva: sm\u0117lio\/juoda<br \/>\nStalvir\u0161is: laminuota bald\u0173 plok\u0161t\u0117<\/p>","protected":false},"featured_media":174706,"comment_status":"open","ping_status":"open","template":"","meta":[],"product_brand":[],"product_cat":[9566,866,4635],"product_tag":[],"class_list":{"0":"post-174705","1":"product","2":"type-product","3":"status-publish","4":"has-post-thumbnail","6":"product_cat-furniture-system-mono-piaski","7":"product_cat-coffee-tables","8":"product_cat-piaski","10":"first","11":"instock","12":"purchasable","13":"product-type-simple"},"_links":{"self":[{"href":"https:\/\/baldumarket.lt\/lt\/wp-json\/wp\/v2\/product\/174705","targetHints":{"allow":["GET"]}}],"collection":[{"href":"https:\/\/baldumarket.lt\/lt\/wp-json\/wp\/v2\/product"}],"about":[{"href":"https:\/\/baldumarket.lt\/lt\/wp-json\/wp\/v2\/types\/product"}],"replies":[{"embeddable":true,"href":"https:\/\/baldumarket.lt\/lt\/wp-json\/wp\/v2\/comments?post=174705"}],"wp:featuredmedia":[{"embeddable":true,"href":"https:\/\/baldumarket.lt\/lt\/wp-json\/wp\/v2\/media\/174706"}],"wp:attachment":[{"href":"https:\/\/baldumarket.lt\/lt\/wp-json\/wp\/v2\/media?parent=174705"}],"wp:term":[{"taxonomy":"product_brand","embeddable":true,"href":"https:\/\/baldumarket.lt\/lt\/wp-json\/wp\/v2\/product_brand?post=174705"},{"taxonomy":"product_cat","embeddable":true,"href":"https:\/\/baldumarket.lt\/lt\/wp-json\/wp\/v2\/product_cat?post=174705"},{"taxonomy":"product_tag","embeddable":true,"href":"https:\/\/baldumarket.lt\/lt\/wp-json\/wp\/v2\/product_tag?post=174705"}],"curies":[{"name":"wp","href":"https:\/\/api.w.org\/{rel}","templated":true}]}}