{"id":174697,"date":"2025-12-20T12:42:15","date_gmt":"2025-12-20T09:42:15","guid":{"rendered":"https:\/\/baldumarket.lt\/product\/stolik-kawowy-lawa-harmony-l97-polka-szuflada-czarny-grafit-marmur-black-royal\/"},"modified":"2026-04-05T16:08:27","modified_gmt":"2026-04-05T13:08:27","slug":"stolik-kawowy-lawa-harmony-l97-polka-szuflada-czarny-grafit-marmur-black-royal","status":"publish","type":"product","link":"https:\/\/baldumarket.lt\/lt\/product\/stolik-kawowy-lawa-harmony-l97-polka-szuflada-czarny-grafit-marmur-black-royal\/","title":{"rendered":"Harmony L97 kavos staliukas, \u0161oninis staliukas, lentyna, stal\u010dius, juodas grafitas\/juodas karali\u0161kas marmuras"},"content":{"rendered":"<p>Sta\u010diakampis \u201eHarmony L97\u201c kavos staliukas pagamintas i\u0161 laminuotos bald\u0173 plok\u0161t\u0117s, kuri yra labai atspari \u012fbr\u0117\u017eimams ir kar\u0161\u010diui iki 100 \u00b0C. Nuleistas stalvir\u0161is puo\u0161tas juodo karali\u0161kojo marmuro dekoro atvaizdu. Auk\u0161tos (20 cm) auksin\u0117s metalin\u0117s kojel\u0117s pabr\u0117\u017eia baldo presti\u017ein\u012f charakter\u012f ir suteikia jausmingo lengvumo. Stalas yra platesn\u0117s to paties pavadinimo bald\u0173 kolekcijos dalis. B\u016btinas surinkimas, pateikiamas su ai\u0161kiomis instrukcijomis.<\/p>","protected":false},"excerpt":{"rendered":"<p>Plotis: 97 cm<br \/>\nGylis: 65 cm<br \/>\nAuk\u0161tis: 45 cm<br \/>\nVir\u0161us: laminuota bald\u0173 plok\u0161t\u0117<br \/>\nKoja: aukso spalvos metalas<\/p>","protected":false},"featured_media":174698,"comment_status":"open","ping_status":"open","template":"","meta":[],"product_brand":[],"product_cat":[9561,866,4635],"product_tag":[],"class_list":{"0":"post-174697","1":"product","2":"type-product","3":"status-publish","4":"has-post-thumbnail","6":"product_cat-furniture-system-harmony-piaski","7":"product_cat-coffee-tables","8":"product_cat-piaski","10":"first","11":"instock","12":"purchasable","13":"product-type-simple"},"_links":{"self":[{"href":"https:\/\/baldumarket.lt\/lt\/wp-json\/wp\/v2\/product\/174697","targetHints":{"allow":["GET"]}}],"collection":[{"href":"https:\/\/baldumarket.lt\/lt\/wp-json\/wp\/v2\/product"}],"about":[{"href":"https:\/\/baldumarket.lt\/lt\/wp-json\/wp\/v2\/types\/product"}],"replies":[{"embeddable":true,"href":"https:\/\/baldumarket.lt\/lt\/wp-json\/wp\/v2\/comments?post=174697"}],"wp:featuredmedia":[{"embeddable":true,"href":"https:\/\/baldumarket.lt\/lt\/wp-json\/wp\/v2\/media\/174698"}],"wp:attachment":[{"href":"https:\/\/baldumarket.lt\/lt\/wp-json\/wp\/v2\/media?parent=174697"}],"wp:term":[{"taxonomy":"product_brand","embeddable":true,"href":"https:\/\/baldumarket.lt\/lt\/wp-json\/wp\/v2\/product_brand?post=174697"},{"taxonomy":"product_cat","embeddable":true,"href":"https:\/\/baldumarket.lt\/lt\/wp-json\/wp\/v2\/product_cat?post=174697"},{"taxonomy":"product_tag","embeddable":true,"href":"https:\/\/baldumarket.lt\/lt\/wp-json\/wp\/v2\/product_tag?post=174697"}],"curies":[{"name":"wp","href":"https:\/\/api.w.org\/{rel}","templated":true}]}}