{"id":174689,"date":"2025-12-20T12:42:05","date_gmt":"2025-12-20T09:42:05","guid":{"rendered":"https:\/\/baldumarket.lt\/product\/stolik-kawowy-lawa-diamond-l140-polka-szuflada-dab-evoke-czarny\/"},"modified":"2026-04-05T16:08:27","modified_gmt":"2026-04-05T13:08:27","slug":"stolik-kawowy-lawa-diamond-l140-polka-szuflada-dab-evoke-czarny","status":"publish","type":"product","link":"https:\/\/baldumarket.lt\/lt\/product\/stolik-kawowy-lawa-diamond-l140-polka-szuflada-dab-evoke-czarny\/","title":{"rendered":"Kavos staliukas, Diamond L140 kavos staliukas, lentyna, stal\u010dius, Evoke \u0105\u017euolas\/juoda"},"content":{"rendered":"<p>Sta\u010diakampis \u201cDiamond L140\u201d kavos staliukas pagamintas i\u0161 laminuotos bald\u0173 plok\u0161t\u0117s, kuriai b\u016bdingas padidintas atsparumas \u012fbr\u0117\u017eimams ir kar\u0161\u010diui iki 100 \u00b0C. Kavos staliukas pasi\u017eymi \u201eEvoke Oak\/Black\u201c dizainu, jame yra prakti\u0161ka lentyna ir erdvus stal\u010dius po stalvir\u0161iu. Juodos metalin\u0117s kojel\u0117s pabr\u0117\u017eia baldo charakter\u012f ir suteikia jausmingo lengvumo. Stal\u010diaus priekin\u0119 dal\u012f puo\u0161ia i\u0161skirtinis eglut\u0117s ra\u0161tas. Staliukas yra platesn\u0117s to paties pavadinimo bald\u0173 kolekcijos dalis. B\u016btinas surinkimas, pateikiamas su ai\u0161kiomis instrukcijomis.<\/p>","protected":false},"excerpt":{"rendered":"<p>Plotis: 104 cm<br \/>\nGylis: 68 cm<br \/>\nAuk\u0161tis: 40 cm<br \/>\nVir\u0161us: laminuota bald\u0173 plok\u0161t\u0117<br \/>\nKoja: juodas metalas<\/p>","protected":false},"featured_media":174690,"comment_status":"open","ping_status":"open","template":"","meta":[],"product_brand":[],"product_cat":[9548,866,4635],"product_tag":[],"class_list":{"0":"post-174689","1":"product","2":"type-product","3":"status-publish","4":"has-post-thumbnail","6":"product_cat-furniture-system-diamond-piaski","7":"product_cat-coffee-tables","8":"product_cat-piaski","10":"first","11":"instock","12":"purchasable","13":"product-type-simple"},"_links":{"self":[{"href":"https:\/\/baldumarket.lt\/lt\/wp-json\/wp\/v2\/product\/174689","targetHints":{"allow":["GET"]}}],"collection":[{"href":"https:\/\/baldumarket.lt\/lt\/wp-json\/wp\/v2\/product"}],"about":[{"href":"https:\/\/baldumarket.lt\/lt\/wp-json\/wp\/v2\/types\/product"}],"replies":[{"embeddable":true,"href":"https:\/\/baldumarket.lt\/lt\/wp-json\/wp\/v2\/comments?post=174689"}],"wp:featuredmedia":[{"embeddable":true,"href":"https:\/\/baldumarket.lt\/lt\/wp-json\/wp\/v2\/media\/174690"}],"wp:attachment":[{"href":"https:\/\/baldumarket.lt\/lt\/wp-json\/wp\/v2\/media?parent=174689"}],"wp:term":[{"taxonomy":"product_brand","embeddable":true,"href":"https:\/\/baldumarket.lt\/lt\/wp-json\/wp\/v2\/product_brand?post=174689"},{"taxonomy":"product_cat","embeddable":true,"href":"https:\/\/baldumarket.lt\/lt\/wp-json\/wp\/v2\/product_cat?post=174689"},{"taxonomy":"product_tag","embeddable":true,"href":"https:\/\/baldumarket.lt\/lt\/wp-json\/wp\/v2\/product_tag?post=174689"}],"curies":[{"name":"wp","href":"https:\/\/api.w.org\/{rel}","templated":true}]}}