{"id":174684,"date":"2025-12-20T12:41:59","date_gmt":"2025-12-20T09:41:59","guid":{"rendered":"https:\/\/baldumarket.lt\/product\/stolik-kawowy-lawa-color-l97-polka-szuflady-ceramic-red-dab-linea\/"},"modified":"2026-04-05T16:08:27","modified_gmt":"2026-04-05T13:08:27","slug":"stolik-kawowy-lawa-color-l97-polka-szuflady-ceramic-red-dab-linea","status":"publish","type":"product","link":"https:\/\/baldumarket.lt\/lt\/product\/stolik-kawowy-lawa-color-l97-polka-szuflady-ceramic-red-dab-linea\/","title":{"rendered":"Kavos staliukas, COLOR L97, lentyna, stal\u010diai, keramin\u0117 raudona \/ Linea \u0105\u017euolas"},"content":{"rendered":"<p>\u201eColor L97\u201c kavos staliukas ir kavos staliukas pagaminti i\u0161 laminuotos bald\u0173 plok\u0161t\u0117s, kuri yra labai atspari \u012fbr\u0117\u017eimams ir lengvai valoma. Komplekte yra du prakti\u0161ki stal\u010diai ir erdvi lentyna po stalvir\u0161iu. Baldai pristatomi supakuoti ir yra to paties pavadinimo komplekto dalis. Komplektas pasi\u017eymi patraukliomis spalvomis ir auk\u0161tomis metalin\u0117mis kojel\u0117mis, kurios suteikia bendram dizainui elegancijos ir lengvumo.<\/p>","protected":false},"excerpt":{"rendered":"<p>Plotis: 97 cm<br \/>\nGylis: 65 cm<br \/>\nAuk\u0161tis: 45 cm<br \/>\nBald\u0173 spalva: Keramikos raudona \/ Linea \u0105\u017euolas<br \/>\nStalvir\u0161is: laminuota bald\u0173 plok\u0161t\u0117<\/p>","protected":false},"featured_media":174685,"comment_status":"open","ping_status":"open","template":"","meta":[],"product_brand":[],"product_cat":[9564,866,4635],"product_tag":[],"class_list":{"0":"post-174684","1":"product","2":"type-product","3":"status-publish","4":"has-post-thumbnail","6":"product_cat-furniture-system-color-piaski","7":"product_cat-coffee-tables","8":"product_cat-piaski","10":"first","11":"instock","12":"purchasable","13":"product-type-simple"},"_links":{"self":[{"href":"https:\/\/baldumarket.lt\/lt\/wp-json\/wp\/v2\/product\/174684","targetHints":{"allow":["GET"]}}],"collection":[{"href":"https:\/\/baldumarket.lt\/lt\/wp-json\/wp\/v2\/product"}],"about":[{"href":"https:\/\/baldumarket.lt\/lt\/wp-json\/wp\/v2\/types\/product"}],"replies":[{"embeddable":true,"href":"https:\/\/baldumarket.lt\/lt\/wp-json\/wp\/v2\/comments?post=174684"}],"wp:featuredmedia":[{"embeddable":true,"href":"https:\/\/baldumarket.lt\/lt\/wp-json\/wp\/v2\/media\/174685"}],"wp:attachment":[{"href":"https:\/\/baldumarket.lt\/lt\/wp-json\/wp\/v2\/media?parent=174684"}],"wp:term":[{"taxonomy":"product_brand","embeddable":true,"href":"https:\/\/baldumarket.lt\/lt\/wp-json\/wp\/v2\/product_brand?post=174684"},{"taxonomy":"product_cat","embeddable":true,"href":"https:\/\/baldumarket.lt\/lt\/wp-json\/wp\/v2\/product_cat?post=174684"},{"taxonomy":"product_tag","embeddable":true,"href":"https:\/\/baldumarket.lt\/lt\/wp-json\/wp\/v2\/product_tag?post=174684"}],"curies":[{"name":"wp","href":"https:\/\/api.w.org\/{rel}","templated":true}]}}