{"id":174673,"date":"2025-12-20T12:41:46","date_gmt":"2025-12-20T09:41:46","guid":{"rendered":"https:\/\/baldumarket.lt\/product\/stol-prostokatny-sky-l140-rozkladany-140-180-75-80-cm-dab-riviera\/"},"modified":"2026-04-05T02:44:15","modified_gmt":"2026-04-04T23:44:15","slug":"stol-prostokatny-sky-l140-rozkladany-140-180-75-80-cm-dab-riviera","status":"publish","type":"product","link":"https:\/\/baldumarket.lt\/lt\/product\/stol-prostokatny-sky-l140-rozkladany-140-180-75-80-cm-dab-riviera\/","title":{"rendered":"Sky L140 sta\u010diakampis stalas, i\u0161traukiamas, 140-180\/75\/80 cm, Riviera Oak"},"content":{"rendered":"<p>Modernus ir stabilus sta\u010diakampis i\u0161traukiamas stalas \u201eSky L140\u201c i\u0161 \u201eRiviera Oak\u201c spalvos turi papildom\u0105 \u012fd\u0117kl\u0105, kuris prailgina stalvir\u0161\u012f iki 180 cm! Baldas pagamintas i\u0161 laminuotos bald\u0173 plok\u0161t\u0117s, kuri yra atspari \u012fbr\u0117\u017eimams ir kar\u0161\u010diui iki 100 laipsni\u0173 Celsijaus. Prailginimo \u012fd\u0117klas saugiai laikomas spintel\u0117s viduje. Stalas pristatomas supakuotas su ai\u0161kiomis surinkimo instrukcijomis ir yra to paties pavadinimo bald\u0173 programos dalis. Taip pat galima \u012fsigyti \u201eCountry Gray\u201c spalvos.<\/p>","protected":false},"excerpt":{"rendered":"<p>Plotis: 140 cm<br \/>\nGylis: 80 cm<br \/>\nAuk\u0161tis: 75 cm<br \/>\nI\u0161skleisto dydis: 180 cm<br \/>\nI\u0161skleidimo b\u016bdas: 1 stalo prailginimas<\/p>","protected":false},"featured_media":174674,"comment_status":"open","ping_status":"open","template":"","meta":[],"product_brand":[],"product_cat":[9550,4635,1934],"product_tag":[],"class_list":{"0":"post-174673","1":"product","2":"type-product","3":"status-publish","4":"has-post-thumbnail","6":"product_cat-furniture-system-sky-piaski","7":"product_cat-piaski","8":"product_cat-tables","10":"first","11":"instock","12":"purchasable","13":"product-type-simple"},"_links":{"self":[{"href":"https:\/\/baldumarket.lt\/lt\/wp-json\/wp\/v2\/product\/174673","targetHints":{"allow":["GET"]}}],"collection":[{"href":"https:\/\/baldumarket.lt\/lt\/wp-json\/wp\/v2\/product"}],"about":[{"href":"https:\/\/baldumarket.lt\/lt\/wp-json\/wp\/v2\/types\/product"}],"replies":[{"embeddable":true,"href":"https:\/\/baldumarket.lt\/lt\/wp-json\/wp\/v2\/comments?post=174673"}],"wp:featuredmedia":[{"embeddable":true,"href":"https:\/\/baldumarket.lt\/lt\/wp-json\/wp\/v2\/media\/174674"}],"wp:attachment":[{"href":"https:\/\/baldumarket.lt\/lt\/wp-json\/wp\/v2\/media?parent=174673"}],"wp:term":[{"taxonomy":"product_brand","embeddable":true,"href":"https:\/\/baldumarket.lt\/lt\/wp-json\/wp\/v2\/product_brand?post=174673"},{"taxonomy":"product_cat","embeddable":true,"href":"https:\/\/baldumarket.lt\/lt\/wp-json\/wp\/v2\/product_cat?post=174673"},{"taxonomy":"product_tag","embeddable":true,"href":"https:\/\/baldumarket.lt\/lt\/wp-json\/wp\/v2\/product_tag?post=174673"}],"curies":[{"name":"wp","href":"https:\/\/api.w.org\/{rel}","templated":true}]}}