{"id":174665,"date":"2025-12-20T12:41:36","date_gmt":"2025-12-20T09:41:36","guid":{"rendered":"https:\/\/baldumarket.lt\/product\/stol-prostokatny-primo-pst140-rozkladany-drewniane-nogi-140-180-76-80-cm-bialy-dab-riviera\/"},"modified":"2026-04-05T15:16:29","modified_gmt":"2026-04-05T12:16:29","slug":"stol-prostokatny-primo-pst140-rozkladany-drewniane-nogi-140-180-76-80-cm-bialy-dab-riviera","status":"publish","type":"product","link":"https:\/\/baldumarket.lt\/lt\/product\/stol-prostokatny-primo-pst140-rozkladany-drewniane-nogi-140-180-76-80-cm-bialy-dab-riviera\/","title":{"rendered":"Primo PST140 sta\u010diakampis stalas, i\u0161traukiamas, medin\u0117s kojos, 140-180\/76\/80 cm, baltas \/ Riviera \u0105\u017euolas"},"content":{"rendered":"<p>Sta\u010diakampis i\u0161traukiamas \u201ePrimo PST140\u201c stalas \u201eRiviera Oak\u201c \/ \u201eWhite\u201c spalvos turi papildom\u0105 \u012fd\u0117kl\u0105, kuris stalvir\u0161io ilg\u012f pailgina iki 180 cm! Baldas pagamintas i\u0161 laminuotos bald\u0173 plok\u0161t\u0117s, kuri yra labai atspari \u012fbr\u0117\u017eimams ir kar\u0161\u010diui iki 100 laipsni\u0173 Celsijaus. Stabilios, eleganti\u0161kos komplekto kojos pagamintos i\u0161 masyvios medienos, beicuotos \u201eRiviera Oak\u201c spalva. Prailginimo \u012fd\u0117klas saugiai laikomas stalo viduje. Stalas pristatomas supakuotas su lengvai suprantamomis surinkimo instrukcijomis ir yra to paties pavadinimo i\u0161samios bald\u0173 programos dalis.<\/p>","protected":false},"excerpt":{"rendered":"<p>Plotis: 140 cm<br \/>\nGylis: 80 cm<br \/>\nAuk\u0161tis: 75 cm<br \/>\nI\u0161skleisto dydis: 180 cm<br \/>\nI\u0161skleidimo b\u016bdas: 1 stalo prailginimas<\/p>","protected":false},"featured_media":174666,"comment_status":"open","ping_status":"open","template":"","meta":[],"product_brand":[],"product_cat":[9565,4635,1934],"product_tag":[],"class_list":{"0":"post-174665","1":"product","2":"type-product","3":"status-publish","4":"has-post-thumbnail","6":"product_cat-furniture-system-primo-piaski","7":"product_cat-piaski","8":"product_cat-tables","10":"first","11":"instock","12":"purchasable","13":"product-type-simple"},"_links":{"self":[{"href":"https:\/\/baldumarket.lt\/lt\/wp-json\/wp\/v2\/product\/174665","targetHints":{"allow":["GET"]}}],"collection":[{"href":"https:\/\/baldumarket.lt\/lt\/wp-json\/wp\/v2\/product"}],"about":[{"href":"https:\/\/baldumarket.lt\/lt\/wp-json\/wp\/v2\/types\/product"}],"replies":[{"embeddable":true,"href":"https:\/\/baldumarket.lt\/lt\/wp-json\/wp\/v2\/comments?post=174665"}],"wp:featuredmedia":[{"embeddable":true,"href":"https:\/\/baldumarket.lt\/lt\/wp-json\/wp\/v2\/media\/174666"}],"wp:attachment":[{"href":"https:\/\/baldumarket.lt\/lt\/wp-json\/wp\/v2\/media?parent=174665"}],"wp:term":[{"taxonomy":"product_brand","embeddable":true,"href":"https:\/\/baldumarket.lt\/lt\/wp-json\/wp\/v2\/product_brand?post=174665"},{"taxonomy":"product_cat","embeddable":true,"href":"https:\/\/baldumarket.lt\/lt\/wp-json\/wp\/v2\/product_cat?post=174665"},{"taxonomy":"product_tag","embeddable":true,"href":"https:\/\/baldumarket.lt\/lt\/wp-json\/wp\/v2\/product_tag?post=174665"}],"curies":[{"name":"wp","href":"https:\/\/api.w.org\/{rel}","templated":true}]}}