{"id":174657,"date":"2025-12-20T12:41:27","date_gmt":"2025-12-20T09:41:27","guid":{"rendered":"https:\/\/baldumarket.lt\/product\/stol-prostokatny-nordi-nst140-rozkladany-drewniane-nogi-140-180-76-80-cm-dab-artisan-czarny\/"},"modified":"2026-04-05T16:08:19","modified_gmt":"2026-04-05T13:08:19","slug":"stol-prostokatny-nordi-nst140-rozkladany-drewniane-nogi-140-180-76-80-cm-dab-artisan-czarny","status":"publish","type":"product","link":"https:\/\/baldumarket.lt\/lt\/product\/stol-prostokatny-nordi-nst140-rozkladany-drewniane-nogi-140-180-76-80-cm-dab-artisan-czarny\/","title":{"rendered":"Nordi NST140 sta\u010diakampis stalas, i\u0161traukiamas, medin\u0117s kojos, 140-180\/76\/80 cm, Artisan \u0105\u017euolas\/juoda"},"content":{"rendered":"<p>Sta\u010diakampis i\u0161traukiamas stalas \u201eNordi NST140\u201c turi papildom\u0105 \u012fd\u0117kl\u0105, kuris prailgina stalvir\u0161\u012f iki 180 cm. Stalas pagamintas i\u0161 laminuotos bald\u0173 plok\u0161t\u0117s, kuri pasi\u017eymi padidintu atsparumu \u012fbr\u0117\u017eimams. Kojel\u0117s pagamintos i\u0161 juodai da\u017eytos medienos masyvo. Stalvir\u0161\u012f prailginantis \u012fd\u0117klas yra stalo viduje. Stalas pristatomas supakuotas su ai\u0161kiomis surinkimo instrukcijomis ir yra to paties pavadinimo bald\u0173 programos dalis.<\/p>","protected":false},"excerpt":{"rendered":"<p>Plotis: 140 cm<br \/>\nGylis: 80 cm<br \/>\nAuk\u0161tis: 75 cm<br \/>\nI\u0161skleisto dydis: 180 cm<br \/>\nI\u0161skleidimo b\u016bdas: 1 stalo prailginimas<\/p>","protected":false},"featured_media":174658,"comment_status":"open","ping_status":"open","template":"","meta":[],"product_brand":[],"product_cat":[9572,9115,4635,1934],"product_tag":[],"class_list":{"0":"post-174657","1":"product","2":"type-product","3":"status-publish","4":"has-post-thumbnail","6":"product_cat-furniture-system-nordi-piaski","7":"product_cat-nordi","8":"product_cat-piaski","9":"product_cat-tables","11":"first","12":"instock","13":"purchasable","14":"product-type-simple"},"_links":{"self":[{"href":"https:\/\/baldumarket.lt\/lt\/wp-json\/wp\/v2\/product\/174657","targetHints":{"allow":["GET"]}}],"collection":[{"href":"https:\/\/baldumarket.lt\/lt\/wp-json\/wp\/v2\/product"}],"about":[{"href":"https:\/\/baldumarket.lt\/lt\/wp-json\/wp\/v2\/types\/product"}],"replies":[{"embeddable":true,"href":"https:\/\/baldumarket.lt\/lt\/wp-json\/wp\/v2\/comments?post=174657"}],"wp:featuredmedia":[{"embeddable":true,"href":"https:\/\/baldumarket.lt\/lt\/wp-json\/wp\/v2\/media\/174658"}],"wp:attachment":[{"href":"https:\/\/baldumarket.lt\/lt\/wp-json\/wp\/v2\/media?parent=174657"}],"wp:term":[{"taxonomy":"product_brand","embeddable":true,"href":"https:\/\/baldumarket.lt\/lt\/wp-json\/wp\/v2\/product_brand?post=174657"},{"taxonomy":"product_cat","embeddable":true,"href":"https:\/\/baldumarket.lt\/lt\/wp-json\/wp\/v2\/product_cat?post=174657"},{"taxonomy":"product_tag","embeddable":true,"href":"https:\/\/baldumarket.lt\/lt\/wp-json\/wp\/v2\/product_tag?post=174657"}],"curies":[{"name":"wp","href":"https:\/\/api.w.org\/{rel}","templated":true}]}}