{"id":174641,"date":"2025-12-20T12:41:08","date_gmt":"2025-12-20T09:41:08","guid":{"rendered":"https:\/\/baldumarket.lt\/product\/regal-wrap-r105-drzwi-wneki-regalowe-orzech-cashmere\/"},"modified":"2026-02-12T10:44:05","modified_gmt":"2026-02-12T07:44:05","slug":"regal-wrap-r105-drzwi-wneki-regalowe-orzech-cashmere","status":"publish","type":"product","link":"https:\/\/baldumarket.lt\/lt\/product\/regal-wrap-r105-drzwi-wneki-regalowe-orzech-cashmere\/","title":{"rendered":"\u201eWrap R105\u201c lentyna, durel\u0117s, lentyn\u0173 ni\u0161os, rie\u0161utmedis\/ka\u0161myras"},"content":{"rendered":"<p>\u201eWarp R105\u201c knyg\u0173 lentyna pagaminta i\u0161 laminuotos bald\u0173 plok\u0161t\u0117s ir MDF su rie\u0161utmed\u017eio apdaila. Ji turi dvejas varstomas duris ir atvir\u0105 erdv\u0119 su lentynomis. Auk\u0161tos metalin\u0117s kojel\u0117s spintel\u0117s apa\u010dioje suteikia bendram dizainui jausmingo lengvumo. Knyg\u0173 lentyna pristatoma i\u0161ardyta su ai\u0161kiomis surinkimo instrukcijomis.<\/p>","protected":false},"excerpt":{"rendered":"<p>Plotis: 105 cm<br \/>\nGylis: 39 cm<br \/>\n\u016agis: 167 cm<br \/>\nBald\u0173 spalva: rie\u0161uto\/ka\u0161myro<br \/>\nKoja: metalas<\/p>","protected":false},"featured_media":174642,"comment_status":"open","ping_status":"open","template":"","meta":[],"product_brand":[],"product_cat":[9552,4635,1987],"product_tag":[],"class_list":{"0":"post-174641","1":"product","2":"type-product","3":"status-publish","4":"has-post-thumbnail","6":"product_cat-furniture-system-wrap-piaski","7":"product_cat-piaski","8":"product_cat-shelving-units","10":"first","11":"instock","12":"purchasable","13":"product-type-simple"},"_links":{"self":[{"href":"https:\/\/baldumarket.lt\/lt\/wp-json\/wp\/v2\/product\/174641","targetHints":{"allow":["GET"]}}],"collection":[{"href":"https:\/\/baldumarket.lt\/lt\/wp-json\/wp\/v2\/product"}],"about":[{"href":"https:\/\/baldumarket.lt\/lt\/wp-json\/wp\/v2\/types\/product"}],"replies":[{"embeddable":true,"href":"https:\/\/baldumarket.lt\/lt\/wp-json\/wp\/v2\/comments?post=174641"}],"wp:featuredmedia":[{"embeddable":true,"href":"https:\/\/baldumarket.lt\/lt\/wp-json\/wp\/v2\/media\/174642"}],"wp:attachment":[{"href":"https:\/\/baldumarket.lt\/lt\/wp-json\/wp\/v2\/media?parent=174641"}],"wp:term":[{"taxonomy":"product_brand","embeddable":true,"href":"https:\/\/baldumarket.lt\/lt\/wp-json\/wp\/v2\/product_brand?post=174641"},{"taxonomy":"product_cat","embeddable":true,"href":"https:\/\/baldumarket.lt\/lt\/wp-json\/wp\/v2\/product_cat?post=174641"},{"taxonomy":"product_tag","embeddable":true,"href":"https:\/\/baldumarket.lt\/lt\/wp-json\/wp\/v2\/product_tag?post=174641"}],"curies":[{"name":"wp","href":"https:\/\/api.w.org\/{rel}","templated":true}]}}