{"id":174633,"date":"2025-12-20T12:40:58","date_gmt":"2025-12-20T09:40:58","guid":{"rendered":"https:\/\/baldumarket.lt\/product\/regal-japandi-r104-drzwi-wneki-regalowe-dab-linea-czarny\/"},"modified":"2026-04-05T16:08:19","modified_gmt":"2026-04-05T13:08:19","slug":"regal-japandi-r104-drzwi-wneki-regalowe-dab-linea-czarny","status":"publish","type":"product","link":"https:\/\/baldumarket.lt\/lt\/product\/regal-japandi-r104-drzwi-wneki-regalowe-dab-linea-czarny\/","title":{"rendered":"Japandi R104 knyg\u0173 lentyna, durel\u0117mis, lentyn\u0173 ni\u0161omis, Linea \u0105\u017euolo\/juodos spalvos"},"content":{"rendered":"<p>\u201eJapandi R104\u201c knyg\u0173 lentyna pagaminta i\u0161 baldin\u0117s plok\u0161t\u0117s su nat\u016bralaus \u0105\u017euolo \u201eLinea\u201c ra\u0161tu ir priklauso to paties pavadinimo komplektui. Ji turi dvejas varstomas duris ir atvir\u0105 erdv\u0119 su lentynomis. Auk\u0161tos, juodos kojel\u0117s komplekto apa\u010dioje suteikia lengvumo. Knyg\u0173 lentyna pristatoma i\u0161ardyta su ai\u0161kiomis surinkimo instrukcijomis.<\/p>","protected":false},"excerpt":{"rendered":"<p>Plotis: 104 cm<br \/>\nGylis: 39 cm<br \/>\n\u016agis: 185 cm<br \/>\nBald\u0173 spalva: Linea \u0105\u017euolas\/juoda<br \/>\nKoja: juoda medin\u0117<\/p>","protected":false},"featured_media":174634,"comment_status":"open","ping_status":"open","template":"","meta":[],"product_brand":[],"product_cat":[9562,4635,1177],"product_tag":[],"class_list":{"0":"post-174633","1":"product","2":"type-product","3":"status-publish","4":"has-post-thumbnail","6":"product_cat-furniture-system-japandi-piaski","7":"product_cat-piaski","8":"product_cat-wardrobes","10":"first","11":"instock","12":"purchasable","13":"product-type-simple"},"_links":{"self":[{"href":"https:\/\/baldumarket.lt\/lt\/wp-json\/wp\/v2\/product\/174633","targetHints":{"allow":["GET"]}}],"collection":[{"href":"https:\/\/baldumarket.lt\/lt\/wp-json\/wp\/v2\/product"}],"about":[{"href":"https:\/\/baldumarket.lt\/lt\/wp-json\/wp\/v2\/types\/product"}],"replies":[{"embeddable":true,"href":"https:\/\/baldumarket.lt\/lt\/wp-json\/wp\/v2\/comments?post=174633"}],"wp:featuredmedia":[{"embeddable":true,"href":"https:\/\/baldumarket.lt\/lt\/wp-json\/wp\/v2\/media\/174634"}],"wp:attachment":[{"href":"https:\/\/baldumarket.lt\/lt\/wp-json\/wp\/v2\/media?parent=174633"}],"wp:term":[{"taxonomy":"product_brand","embeddable":true,"href":"https:\/\/baldumarket.lt\/lt\/wp-json\/wp\/v2\/product_brand?post=174633"},{"taxonomy":"product_cat","embeddable":true,"href":"https:\/\/baldumarket.lt\/lt\/wp-json\/wp\/v2\/product_cat?post=174633"},{"taxonomy":"product_tag","embeddable":true,"href":"https:\/\/baldumarket.lt\/lt\/wp-json\/wp\/v2\/product_tag?post=174633"}],"curies":[{"name":"wp","href":"https:\/\/api.w.org\/{rel}","templated":true}]}}