{"id":174625,"date":"2025-12-20T12:40:49","date_gmt":"2025-12-20T09:40:49","guid":{"rendered":"https:\/\/baldumarket.lt\/product\/regal-japandi-r104-drzwi-wneki-regalowe-cashmere-czarny\/"},"modified":"2026-04-05T16:08:19","modified_gmt":"2026-04-05T13:08:19","slug":"regal-japandi-r104-drzwi-wneki-regalowe-cashmere-czarny","status":"publish","type":"product","link":"https:\/\/baldumarket.lt\/lt\/product\/regal-japandi-r104-drzwi-wneki-regalowe-cashmere-czarny\/","title":{"rendered":"Japandi R104 knyg\u0173 lentyna, durel\u0117mis, lentyn\u0173 ni\u0161omis, ka\u0161myro\/juoda"},"content":{"rendered":"<p>\u201eJapandi R104\u201c knyg\u0173 lentyna pagaminta i\u0161 ka\u0161myro spalvos bald\u0173 plok\u0161t\u0117s ir priklauso to paties pavadinimo komplektui. Ji turi dvejas varstomas duris ir atvir\u0105 erdv\u0119 su lentynomis. Apatin\u0117je komplekto dalyje yra auk\u0161tos, juodos kojel\u0117s, suteikian\u010dios jam lengvumo. Knyg\u0173 lentyna pristatoma i\u0161ardyta su ai\u0161kiomis surinkimo instrukcijomis.<\/p>","protected":false},"excerpt":{"rendered":"<p>Plotis: 104 cm<br \/>\nGylis: 39 cm<br \/>\n\u016agis: 185 cm<br \/>\nBald\u0173 spalva: Ka\u0161myras<br \/>\nKoja: juoda medin\u0117<\/p>","protected":false},"featured_media":174626,"comment_status":"open","ping_status":"open","template":"","meta":[],"product_brand":[],"product_cat":[9562,4635,1177],"product_tag":[],"class_list":{"0":"post-174625","1":"product","2":"type-product","3":"status-publish","4":"has-post-thumbnail","6":"product_cat-furniture-system-japandi-piaski","7":"product_cat-piaski","8":"product_cat-wardrobes","10":"first","11":"instock","12":"purchasable","13":"product-type-simple"},"_links":{"self":[{"href":"https:\/\/baldumarket.lt\/lt\/wp-json\/wp\/v2\/product\/174625","targetHints":{"allow":["GET"]}}],"collection":[{"href":"https:\/\/baldumarket.lt\/lt\/wp-json\/wp\/v2\/product"}],"about":[{"href":"https:\/\/baldumarket.lt\/lt\/wp-json\/wp\/v2\/types\/product"}],"replies":[{"embeddable":true,"href":"https:\/\/baldumarket.lt\/lt\/wp-json\/wp\/v2\/comments?post=174625"}],"wp:featuredmedia":[{"embeddable":true,"href":"https:\/\/baldumarket.lt\/lt\/wp-json\/wp\/v2\/media\/174626"}],"wp:attachment":[{"href":"https:\/\/baldumarket.lt\/lt\/wp-json\/wp\/v2\/media?parent=174625"}],"wp:term":[{"taxonomy":"product_brand","embeddable":true,"href":"https:\/\/baldumarket.lt\/lt\/wp-json\/wp\/v2\/product_brand?post=174625"},{"taxonomy":"product_cat","embeddable":true,"href":"https:\/\/baldumarket.lt\/lt\/wp-json\/wp\/v2\/product_cat?post=174625"},{"taxonomy":"product_tag","embeddable":true,"href":"https:\/\/baldumarket.lt\/lt\/wp-json\/wp\/v2\/product_tag?post=174625"}],"curies":[{"name":"wp","href":"https:\/\/api.w.org\/{rel}","templated":true}]}}