{"id":174617,"date":"2025-12-20T12:40:40","date_gmt":"2025-12-20T09:40:40","guid":{"rendered":"https:\/\/baldumarket.lt\/product\/regal-forest-rg80-drzwi-wneki-eukaliptus-jodelka-scandi\/"},"modified":"2026-04-05T16:08:19","modified_gmt":"2026-04-05T13:08:19","slug":"regal-forest-rg80-drzwi-wneki-eukaliptus-jodelka-scandi","status":"publish","type":"product","link":"https:\/\/baldumarket.lt\/lt\/product\/regal-forest-rg80-drzwi-wneki-eukaliptus-jodelka-scandi\/","title":{"rendered":"Forest RG80 knyg\u0173 lentyna, Durys, Ni\u0161os, Eukalipto\/Skandinavijos silk\u0117s kaulo ra\u0161tas"},"content":{"rendered":"<p>\u201eForest RG80\u201c knyg\u0173 lentyna pagaminta i\u0161 \u012fbr\u0117\u017eimams atsparios ir lengvai valomos laminuotos bald\u0173 plok\u0161t\u0117s. Ji priklauso to paties pavadinimo bald\u0173 komplektui ir pasi\u017eymi nat\u016bralistiniu, skandinavi\u0161ko stiliaus \u201eeglut\u0117s\u201c ra\u0161tu priekin\u0117se dalyse. Aukso spalvos metalin\u0117 rankena pabr\u0117\u017eia presti\u017ein\u012f knyg\u0173 lentynos charakter\u012f. Joje yra daug lentyn\u0173 knygoms ir smulkiems daiktams laikyti, taip pat dvejos varstomos durys. Knyg\u0173 lentyna pristatoma i\u0161ardyta su ai\u0161kiomis surinkimo instrukcijomis.<\/p>","protected":false},"excerpt":{"rendered":"<p>Plotis: 80 cm<br \/>\nGylis: 38 cm<br \/>\n\u016agis: 160 cm<br \/>\nBald\u0173 spalva: eukalipto \/ skandinavi\u0161ko silk\u0117s kaulo spalvos<br \/>\nKoja: eukaliptas<\/p>","protected":false},"featured_media":174618,"comment_status":"open","ping_status":"open","template":"","meta":[],"product_brand":[],"product_cat":[9560,4635,1177],"product_tag":[],"class_list":{"0":"post-174617","1":"product","2":"type-product","3":"status-publish","4":"has-post-thumbnail","6":"product_cat-furniture-system-forest-piaski","7":"product_cat-piaski","8":"product_cat-wardrobes","10":"first","11":"instock","12":"purchasable","13":"product-type-simple"},"_links":{"self":[{"href":"https:\/\/baldumarket.lt\/lt\/wp-json\/wp\/v2\/product\/174617","targetHints":{"allow":["GET"]}}],"collection":[{"href":"https:\/\/baldumarket.lt\/lt\/wp-json\/wp\/v2\/product"}],"about":[{"href":"https:\/\/baldumarket.lt\/lt\/wp-json\/wp\/v2\/types\/product"}],"replies":[{"embeddable":true,"href":"https:\/\/baldumarket.lt\/lt\/wp-json\/wp\/v2\/comments?post=174617"}],"wp:featuredmedia":[{"embeddable":true,"href":"https:\/\/baldumarket.lt\/lt\/wp-json\/wp\/v2\/media\/174618"}],"wp:attachment":[{"href":"https:\/\/baldumarket.lt\/lt\/wp-json\/wp\/v2\/media?parent=174617"}],"wp:term":[{"taxonomy":"product_brand","embeddable":true,"href":"https:\/\/baldumarket.lt\/lt\/wp-json\/wp\/v2\/product_brand?post=174617"},{"taxonomy":"product_cat","embeddable":true,"href":"https:\/\/baldumarket.lt\/lt\/wp-json\/wp\/v2\/product_cat?post=174617"},{"taxonomy":"product_tag","embeddable":true,"href":"https:\/\/baldumarket.lt\/lt\/wp-json\/wp\/v2\/product_tag?post=174617"}],"curies":[{"name":"wp","href":"https:\/\/api.w.org\/{rel}","templated":true}]}}