{"id":174609,"date":"2025-12-20T12:40:30","date_gmt":"2025-12-20T09:40:30","guid":{"rendered":"https:\/\/baldumarket.lt\/product\/regal-forest-rg80-drzwi-wneki-bez-piaskowy-jodelka-skandi\/"},"modified":"2026-04-05T16:08:19","modified_gmt":"2026-04-05T13:08:19","slug":"regal-forest-rg80-drzwi-wneki-bez-piaskowy-jodelka-skandi","status":"publish","type":"product","link":"https:\/\/baldumarket.lt\/lt\/product\/regal-forest-rg80-drzwi-wneki-bez-piaskowy-jodelka-skandi\/","title":{"rendered":"Forest RG80 knyg\u0173 lentyna, durys, ni\u0161os, sm\u0117lio spalvos\/skandinavi\u0161ko ra\u0161to \u201eHerringbone\u201c ra\u0161tas"},"content":{"rendered":"<p>\u201eForest RG80\u201c knyg\u0173 lentyna pagaminta i\u0161 \u012fbr\u0117\u017eimams atsparios ir lengvai valomos laminuotos bald\u0173 plok\u0161t\u0117s, kurios spalv\u0173 derinys \u2013 sm\u0117lio ir skandinavi\u0161ko \u201eeglut\u0117s ra\u0161tas\u201c. Ji priklauso to paties pavadinimo bald\u0173 komplektui, kurio fasadus puo\u0161ia nat\u016bralumas. Auksin\u0117 metalin\u0117 rankena dureli\u0173 vir\u0161uje pabr\u0117\u017eia presti\u017ein\u012f knyg\u0173 lentynos charakter\u012f. Spintoje yra daugyb\u0117 lentyn\u0173 knygoms ir smulkiems daiktams laikyti, taip pat dvejos varstomos durel\u0117s. Knyg\u0173 lentyna pristatoma i\u0161ardyta su ai\u0161kiomis surinkimo instrukcijomis.<\/p>","protected":false},"excerpt":{"rendered":"<p>Plotis: 80 cm<br \/>\nGylis: 38 cm<br \/>\n\u016agis: 160 cm<br \/>\nBald\u0173 spalva: sm\u0117lio spalvos \/ skandinavi\u0161ko silk\u0117s kaulo spalvos<br \/>\nKoja: sm\u0117lio spalvos<\/p>","protected":false},"featured_media":174610,"comment_status":"open","ping_status":"open","template":"","meta":[],"product_brand":[],"product_cat":[9560,4635,1177],"product_tag":[],"class_list":{"0":"post-174609","1":"product","2":"type-product","3":"status-publish","4":"has-post-thumbnail","6":"product_cat-furniture-system-forest-piaski","7":"product_cat-piaski","8":"product_cat-wardrobes","10":"first","11":"instock","12":"purchasable","13":"product-type-simple"},"_links":{"self":[{"href":"https:\/\/baldumarket.lt\/lt\/wp-json\/wp\/v2\/product\/174609","targetHints":{"allow":["GET"]}}],"collection":[{"href":"https:\/\/baldumarket.lt\/lt\/wp-json\/wp\/v2\/product"}],"about":[{"href":"https:\/\/baldumarket.lt\/lt\/wp-json\/wp\/v2\/types\/product"}],"replies":[{"embeddable":true,"href":"https:\/\/baldumarket.lt\/lt\/wp-json\/wp\/v2\/comments?post=174609"}],"wp:featuredmedia":[{"embeddable":true,"href":"https:\/\/baldumarket.lt\/lt\/wp-json\/wp\/v2\/media\/174610"}],"wp:attachment":[{"href":"https:\/\/baldumarket.lt\/lt\/wp-json\/wp\/v2\/media?parent=174609"}],"wp:term":[{"taxonomy":"product_brand","embeddable":true,"href":"https:\/\/baldumarket.lt\/lt\/wp-json\/wp\/v2\/product_brand?post=174609"},{"taxonomy":"product_cat","embeddable":true,"href":"https:\/\/baldumarket.lt\/lt\/wp-json\/wp\/v2\/product_cat?post=174609"},{"taxonomy":"product_tag","embeddable":true,"href":"https:\/\/baldumarket.lt\/lt\/wp-json\/wp\/v2\/product_tag?post=174609"}],"curies":[{"name":"wp","href":"https:\/\/api.w.org\/{rel}","templated":true}]}}