{"id":174601,"date":"2025-12-20T12:40:21","date_gmt":"2025-12-20T09:40:21","guid":{"rendered":"https:\/\/baldumarket.lt\/product\/polka-wiszaca-primo-p107-dab-riviera-bialy\/"},"modified":"2026-04-05T15:16:29","modified_gmt":"2026-04-05T12:16:29","slug":"polka-wiszaca-primo-p107-dab-riviera-bialy","status":"publish","type":"product","link":"https:\/\/baldumarket.lt\/lt\/product\/polka-wiszaca-primo-p107-dab-riviera-bialy\/","title":{"rendered":"Primo P107 pakabinama lentyna, Riviera Oak\/White"},"content":{"rendered":"<p>Pakabinama lentyna \u201ePrimo P107\u201c pagaminta i\u0161 \u012fbr\u0117\u017eimams atsparios laminuotos plok\u0161t\u0117s su \u201eRiviera Oak\u201c \/ baltos spalvos apdaila. Ji priklauso to paties pavadinimo bald\u0173 linijai. Ji puikiai papildo komod\u0105, televizoriaus staliuk\u0105, \u017eem\u0105 vitrin\u0105 ar netgi atskir\u0105 sienin\u012f bald\u0105. \u0160is baldas i\u0161naudoja tu\u0161\u010di\u0105 sienos erdv\u0119, tod\u0117l yra prakti\u0161kas. Jis sukuria unikali\u0105 atmosfer\u0105 bet kurioje erdv\u0117je. Lentyn\u0105 reikia minimalaus surinkimo, ji parduodama su instrukcijomis ir tvirtinimo detal\u0117mis.<\/p>","protected":false},"excerpt":{"rendered":"<p>Plotis: 107 cm<br \/>\nGylis: 19 cm<br \/>\nAuk\u0161tis: 20 cm<br \/>\nMaksimali apkrova: pagal surinkimo instrukcijas<br \/>\nBald\u0173 spalva: Riviera Oak\/White<\/p>","protected":false},"featured_media":174602,"comment_status":"open","ping_status":"open","template":"","meta":[],"product_brand":[],"product_cat":[9565,1174,4635],"product_tag":[],"class_list":{"0":"post-174601","1":"product","2":"type-product","3":"status-publish","4":"has-post-thumbnail","6":"product_cat-furniture-system-primo-piaski","7":"product_cat-hanging-shelves","8":"product_cat-piaski","10":"first","11":"instock","12":"purchasable","13":"product-type-simple"},"_links":{"self":[{"href":"https:\/\/baldumarket.lt\/lt\/wp-json\/wp\/v2\/product\/174601","targetHints":{"allow":["GET"]}}],"collection":[{"href":"https:\/\/baldumarket.lt\/lt\/wp-json\/wp\/v2\/product"}],"about":[{"href":"https:\/\/baldumarket.lt\/lt\/wp-json\/wp\/v2\/types\/product"}],"replies":[{"embeddable":true,"href":"https:\/\/baldumarket.lt\/lt\/wp-json\/wp\/v2\/comments?post=174601"}],"wp:featuredmedia":[{"embeddable":true,"href":"https:\/\/baldumarket.lt\/lt\/wp-json\/wp\/v2\/media\/174602"}],"wp:attachment":[{"href":"https:\/\/baldumarket.lt\/lt\/wp-json\/wp\/v2\/media?parent=174601"}],"wp:term":[{"taxonomy":"product_brand","embeddable":true,"href":"https:\/\/baldumarket.lt\/lt\/wp-json\/wp\/v2\/product_brand?post=174601"},{"taxonomy":"product_cat","embeddable":true,"href":"https:\/\/baldumarket.lt\/lt\/wp-json\/wp\/v2\/product_cat?post=174601"},{"taxonomy":"product_tag","embeddable":true,"href":"https:\/\/baldumarket.lt\/lt\/wp-json\/wp\/v2\/product_tag?post=174601"}],"curies":[{"name":"wp","href":"https:\/\/api.w.org\/{rel}","templated":true}]}}