{"id":174593,"date":"2025-12-20T12:40:12","date_gmt":"2025-12-20T09:40:12","guid":{"rendered":"https:\/\/baldumarket.lt\/product\/polka-wiszaca-nordi-p107-dab-artisan-czarny\/"},"modified":"2026-04-05T16:08:19","modified_gmt":"2026-04-05T13:08:19","slug":"polka-wiszaca-nordi-p107-dab-artisan-czarny","status":"publish","type":"product","link":"https:\/\/baldumarket.lt\/lt\/product\/polka-wiszaca-nordi-p107-dab-artisan-czarny\/","title":{"rendered":"Nordi P107 pakabinama lentyna, Artisan \u0105\u017euolas\/juoda"},"content":{"rendered":"<p>Pakabinama lentyna \u201eNordi P107\u201c pagaminta i\u0161 \u012fbr\u0117\u017eimams atsparios laminuotos plok\u0161t\u0117s su \u201eArtisan Oak\u201c apdaila. Ji priklauso to paties pavadinimo bald\u0173 linijai. Ji puikiai papildo komod\u0105, televizoriaus staliuk\u0105 ar \u017eem\u0105 vitrin\u0105, taip pat gali b\u016bti naudojama kaip atskira bald\u0173 kompozicija. \u0160is baldas i\u0161naudoja tu\u0161\u010di\u0105 sienos erdv\u0119, atkurdamas prakti\u0161kum\u0105 ir sukurdamas unikali\u0105 atmosfer\u0105 kambaryje. Lentyn\u0105 reikia surinkti minimaliai.<\/p>","protected":false},"excerpt":{"rendered":"<p>Plotis: 107 cm<br \/>\nGylis: 19 cm<br \/>\nAuk\u0161tis: 17 cm<br \/>\nMaksimali apkrova: pagal surinkimo instrukcijas<br \/>\nBald\u0173 spalva: Artisan \u0105\u017euolas \/ juoda<\/p>","protected":false},"featured_media":174594,"comment_status":"open","ping_status":"open","template":"","meta":[],"product_brand":[],"product_cat":[9572,1174,9115,4635],"product_tag":[],"class_list":{"0":"post-174593","1":"product","2":"type-product","3":"status-publish","4":"has-post-thumbnail","6":"product_cat-furniture-system-nordi-piaski","7":"product_cat-hanging-shelves","8":"product_cat-nordi","9":"product_cat-piaski","11":"first","12":"instock","13":"purchasable","14":"product-type-simple"},"_links":{"self":[{"href":"https:\/\/baldumarket.lt\/lt\/wp-json\/wp\/v2\/product\/174593","targetHints":{"allow":["GET"]}}],"collection":[{"href":"https:\/\/baldumarket.lt\/lt\/wp-json\/wp\/v2\/product"}],"about":[{"href":"https:\/\/baldumarket.lt\/lt\/wp-json\/wp\/v2\/types\/product"}],"replies":[{"embeddable":true,"href":"https:\/\/baldumarket.lt\/lt\/wp-json\/wp\/v2\/comments?post=174593"}],"wp:featuredmedia":[{"embeddable":true,"href":"https:\/\/baldumarket.lt\/lt\/wp-json\/wp\/v2\/media\/174594"}],"wp:attachment":[{"href":"https:\/\/baldumarket.lt\/lt\/wp-json\/wp\/v2\/media?parent=174593"}],"wp:term":[{"taxonomy":"product_brand","embeddable":true,"href":"https:\/\/baldumarket.lt\/lt\/wp-json\/wp\/v2\/product_brand?post=174593"},{"taxonomy":"product_cat","embeddable":true,"href":"https:\/\/baldumarket.lt\/lt\/wp-json\/wp\/v2\/product_cat?post=174593"},{"taxonomy":"product_tag","embeddable":true,"href":"https:\/\/baldumarket.lt\/lt\/wp-json\/wp\/v2\/product_tag?post=174593"}],"curies":[{"name":"wp","href":"https:\/\/api.w.org\/{rel}","templated":true}]}}